{"id":663,"date":"2024-09-11T21:42:07","date_gmt":"2024-09-11T20:42:07","guid":{"rendered":"https:\/\/www.arca-bus.org\/?page_id=663"},"modified":"2024-09-11T21:42:07","modified_gmt":"2024-09-11T20:42:07","slug":"pegaso-sava-5702","status":"publish","type":"page","link":"https:\/\/www.arca-bus.org\/es\/pegaso-sava-5702\/","title":{"rendered":"Pegaso-Sava 5702 &#8220;Mundial 82&#8221; (1982)"},"content":{"rendered":"<div class=\"wp-block-columns is-layout-flex wp-container-core-columns-is-layout-28f84493 wp-block-columns-is-layout-flex\">\n<div class=\"wp-block-column is-layout-flow wp-block-column-is-layout-flow\">\n<h2 class=\"wp-block-heading\">Dades b\u00e0siques<\/h2>\n\n\n\n<ul class=\"wp-block-list\">\n<li><strong>Propietari actual<\/strong>: Lorenzo Latorre<\/li>\n\n\n\n<li><strong>Propietari original<\/strong>: &#8212;<\/li>\n\n\n\n<li><strong>A\u00f1o<\/strong>: 1982.<\/li>\n\n\n\n<li><strong>Matr\u00edcula<\/strong>: SO-9760-B (1983).<\/li>\n\n\n\n<li><strong>Marca<\/strong>: Pegaso-Sava.<\/li>\n\n\n\n<li><strong>Model<\/strong>: 5702.<\/li>\n\n\n\n<li><strong>Carrosseria<\/strong>:&nbsp;&#8212;<\/li>\n\n\n\n<li><strong>Posada en servei<\/strong>: 1982 (Mundial de futbol).<\/li>\n\n\n\n<li><strong>Finalitzaci\u00f3 del servei<\/strong>: <\/li>\n<\/ul>\n<\/div>\n\n\n\n<div class=\"wp-block-column is-layout-flow wp-block-column-is-layout-flow\">\n<figure class=\"wp-block-image size-full\"><img data-recalc-dims=\"1\" loading=\"lazy\" decoding=\"async\" width=\"1024\" height=\"906\" src=\"https:\/\/i0.wp.com\/www.arca-bus.org\/wp-content\/uploads\/2024\/09\/WhatsApp-Image-2024-09-11-at-18.41.02.jpeg?resize=1024%2C906&#038;ssl=1\" alt=\"\" class=\"wp-image-664\" srcset=\"https:\/\/i0.wp.com\/www.arca-bus.org\/wp-content\/uploads\/2024\/09\/WhatsApp-Image-2024-09-11-at-18.41.02.jpeg?w=1024&amp;ssl=1 1024w, https:\/\/i0.wp.com\/www.arca-bus.org\/wp-content\/uploads\/2024\/09\/WhatsApp-Image-2024-09-11-at-18.41.02.jpeg?resize=300%2C265&amp;ssl=1 300w, https:\/\/i0.wp.com\/www.arca-bus.org\/wp-content\/uploads\/2024\/09\/WhatsApp-Image-2024-09-11-at-18.41.02.jpeg?resize=768%2C680&amp;ssl=1 768w\" sizes=\"auto, (max-width: 1000px) 100vw, 1000px\" \/><figcaption class=\"wp-element-caption\">Part davantera del vehicle, costat portes.<\/figcaption><\/figure>\n<\/div>\n<\/div>\n\n\n\n<div class=\"wp-block-columns ticss-47831924 is-layout-flex wp-container-core-columns-is-layout-d7d455e7 wp-block-columns-is-layout-flex\" style=\"padding-top:0;padding-right:0;padding-bottom:0;padding-left:0\">\n<div class=\"wp-block-column is-layout-flow wp-block-column-is-layout-flow\">\n<figure class=\"wp-block-image size-full\"><img data-recalc-dims=\"1\" loading=\"lazy\" decoding=\"async\" width=\"1600\" height=\"1200\" src=\"https:\/\/i0.wp.com\/www.arca-bus.org\/wp-content\/uploads\/2024\/09\/WhatsApp-Image-2024-09-11-at-18.41.06-3.jpeg?resize=1600%2C1200&#038;ssl=1\" alt=\"\" class=\"wp-image-668\" srcset=\"https:\/\/i0.wp.com\/www.arca-bus.org\/wp-content\/uploads\/2024\/09\/WhatsApp-Image-2024-09-11-at-18.41.06-3.jpeg?w=1600&amp;ssl=1 1600w, https:\/\/i0.wp.com\/www.arca-bus.org\/wp-content\/uploads\/2024\/09\/WhatsApp-Image-2024-09-11-at-18.41.06-3.jpeg?resize=300%2C225&amp;ssl=1 300w, https:\/\/i0.wp.com\/www.arca-bus.org\/wp-content\/uploads\/2024\/09\/WhatsApp-Image-2024-09-11-at-18.41.06-3.jpeg?resize=1024%2C768&amp;ssl=1 1024w, https:\/\/i0.wp.com\/www.arca-bus.org\/wp-content\/uploads\/2024\/09\/WhatsApp-Image-2024-09-11-at-18.41.06-3.jpeg?resize=768%2C576&amp;ssl=1 768w, https:\/\/i0.wp.com\/www.arca-bus.org\/wp-content\/uploads\/2024\/09\/WhatsApp-Image-2024-09-11-at-18.41.06-3.jpeg?resize=1536%2C1152&amp;ssl=1 1536w\" sizes=\"auto, (max-width: 1000px) 100vw, 1000px\" \/><figcaption class=\"wp-element-caption\">Part davantera del vehicle, costat no portes.<\/figcaption><\/figure>\n<\/div>\n\n\n\n<div class=\"wp-block-column is-layout-flow wp-block-column-is-layout-flow\">\n<h2 class=\"wp-block-heading\">Introducci\u00f3<\/h2>\n\n\n\n<p>El Pegaso-Sava 5702 \u00e9s un vehicle amb una capacitat de 15 places assegudes. La unitat que ens ocupa es va estrenar l&#8217;any 1982 en motiu del Mundial de Futbol, i va servir per als despla\u00e7aments de la selecci\u00f3 francesa.<\/p>\n<\/div>\n<\/div>\n\n\n\n<div class=\"wp-block-columns is-layout-flex wp-container-core-columns-is-layout-28f84493 wp-block-columns-is-layout-flex\">\n<div class=\"wp-block-column is-layout-flow wp-block-column-is-layout-flow\">\n<h2 class=\"wp-block-heading\">Estat del vehicle<\/h2>\n\n\n\n<p>Aquest vehicle es troba avui dia en un excel\u00b7lent estat. Amb nom\u00e9s 75.000 km als seus peus, despr\u00e9s del Mundial del 82 ha fet pr\u00e0cticament tota la seva vida \u00fatil serveis escolars a la poblaci\u00f3 de Langa de Duero, a la prov\u00edncia de Soria, fins l&#8217;any 1999.<\/p>\n<\/div>\n\n\n\n<div class=\"wp-block-column is-layout-flow wp-block-column-is-layout-flow\">\n<figure class=\"wp-block-image size-full\"><img data-recalc-dims=\"1\" loading=\"lazy\" decoding=\"async\" width=\"1600\" height=\"1200\" src=\"https:\/\/i0.wp.com\/www.arca-bus.org\/wp-content\/uploads\/2024\/09\/WhatsApp-Image-2024-09-11-at-18.41.06-4.jpeg?resize=1600%2C1200&#038;ssl=1\" alt=\"\" class=\"wp-image-669\" srcset=\"https:\/\/i0.wp.com\/www.arca-bus.org\/wp-content\/uploads\/2024\/09\/WhatsApp-Image-2024-09-11-at-18.41.06-4.jpeg?w=1600&amp;ssl=1 1600w, https:\/\/i0.wp.com\/www.arca-bus.org\/wp-content\/uploads\/2024\/09\/WhatsApp-Image-2024-09-11-at-18.41.06-4.jpeg?resize=300%2C225&amp;ssl=1 300w, https:\/\/i0.wp.com\/www.arca-bus.org\/wp-content\/uploads\/2024\/09\/WhatsApp-Image-2024-09-11-at-18.41.06-4.jpeg?resize=1024%2C768&amp;ssl=1 1024w, https:\/\/i0.wp.com\/www.arca-bus.org\/wp-content\/uploads\/2024\/09\/WhatsApp-Image-2024-09-11-at-18.41.06-4.jpeg?resize=768%2C576&amp;ssl=1 768w, https:\/\/i0.wp.com\/www.arca-bus.org\/wp-content\/uploads\/2024\/09\/WhatsApp-Image-2024-09-11-at-18.41.06-4.jpeg?resize=1536%2C1152&amp;ssl=1 1536w\" sizes=\"auto, (max-width: 1000px) 100vw, 1000px\" \/><figcaption class=\"wp-element-caption\">Part de darrere de l&#8217;autob\u00fas.<\/figcaption><\/figure>\n<\/div>\n<\/div>\n\n\n\n<div class=\"wp-block-columns is-layout-flex wp-container-core-columns-is-layout-28f84493 wp-block-columns-is-layout-flex\">\n<div class=\"wp-block-column is-layout-flow wp-block-column-is-layout-flow\">\n<h2 class=\"wp-block-heading\">Hist\u00f2ria<\/h2>\n\n\n\n<p>Aquest vehicle es va estrenar l&#8217;any 1982 en motiu del Mundial de Futbol que es va celebrar aquell any a Espanya. El vehicle va servir a la selecci\u00f3 francesa durant els seus despla\u00e7aments pels diferents estadis i hotels. La seva primera matr\u00edcula va ser una provisional verda.<\/p>\n\n\n\n<p>Despr\u00e9s del Mundial, aquest autob\u00fas va passar a mans d&#8217;una empresa de Langa de Duero (prov\u00edncia de Soria), a on es va dedicar pr\u00e0cticament en exclusiva a fer serveis escolars fins que va deixar de prestar servei l&#8217;any 1999.<\/p>\n\n\n\n<p>El seu excel\u00b7lent estat de conservaci\u00f3, sumat al relativament poc quilometratge que ha fet aquesta unitat, sumat al fet que \u00e9s una unitat que forma part d&#8217;una remesa for\u00e7a especial, han fet que Lorenzo Latorre, soci d&#8217;ARCA, hagi pogut fer possible la preservaci\u00f3 d&#8217;aquest petit autob\u00fas.<\/p>\n\n\n\n<h2 class=\"wp-block-heading\">Dades t\u00e8cniques<\/h2>\n\n\n\n<ul class=\"wp-block-list\">\n<li><strong>Xass\u00eds<\/strong>: Pegaso-Sava 5702.<\/li>\n\n\n\n<li><strong>Motor<\/strong>: &#8212;<\/li>\n\n\n\n<li><strong>Carrosser<\/strong>: &#8212;<\/li>\n\n\n\n<li><strong>Posada en servei<\/strong>: 1982.<\/li>\n\n\n\n<li><strong>Calca<\/strong>: &#8212;<\/li>\n\n\n\n<li><strong>Places<\/strong>: &#8212;<\/li>\n\n\n\n<li><strong>Matr\u00edcula<\/strong>: SO-9760-B.<\/li>\n<\/ul>\n<\/div>\n<\/div>\n\n\n\n<div class=\"wp-block-columns is-layout-flex wp-container-core-columns-is-layout-28f84493 wp-block-columns-is-layout-flex\">\n<div class=\"wp-block-column is-layout-flow wp-block-column-is-layout-flow\">\n<h2 class=\"wp-block-heading\">Galeria d&#8217;imatges<\/h2>\n\n\n<style>      div.simple-google-photos-grid {\n        width:100%;\n        height:100%;\n        overflow:hidden;\n      }\n      div.simple-google-photos-grid-cell {\n        box-sizing:border-box;\n        padding:5px;\n        float:left;\n      }\n      img.simple-google-photos-grid-image {\n        object-fit: cover;\n      }<\/style><div class=\"simple-google-photos-grid\"><div class=\"simple-google-photos-grid-cell\" style=\"width:100%\"><a href=\"https:\/\/photos.app.goo.gl\/NvixdWzADMes2TnC9\" target=\"_blank\"><img decoding=\"async\" src=\"https:\/\/lh3.googleusercontent.com\/pw\/AP1GczNUzlgfNQvo2t4wpK4IZd-gnKUeVBRarVC4IIcK4aHePf29XuY49jRh1wvMx7SbGqcRfSyXB2DKIHfHnrK0WlJBy4xfRKQi19-1Eey9TPw-iuRYCO8\" alt=\"Google Photo\" class=\"simple-google-photos-grid-image\"><\/a><\/div><div class=\"simple-google-photos-grid-cell\" style=\"width:100%\"><a href=\"https:\/\/photos.app.goo.gl\/NvixdWzADMes2TnC9\" target=\"_blank\"><img decoding=\"async\" src=\"https:\/\/lh3.googleusercontent.com\/pw\/AP1GczMHQGsl0EQN9NAae5hRLkT220cmaeIHnYAas6U5b7WumT-zx7aWHtVqqaRDtHRRHalyPopzy12yf0HJxVUipFoVT_OWwaZb7XkRiI5ut6EUyP5BX5w\" alt=\"Google Photo\" class=\"simple-google-photos-grid-image\"><\/a><\/div><div class=\"simple-google-photos-grid-cell\" style=\"width:100%\"><a href=\"https:\/\/photos.app.goo.gl\/NvixdWzADMes2TnC9\" target=\"_blank\"><img decoding=\"async\" src=\"https:\/\/lh3.googleusercontent.com\/pw\/AP1GczOL9VzUzbPv1fuJFE3SSooedKJDjbKPzuhK8MfSJR3mX1cThjuNKMo1CcI8bAO9vC3gbFX3iNRZp_TUJ7q2MgEA3qp_3b_mQSGH0PzPG4SwOVELfZo\" alt=\"Google Photo\" class=\"simple-google-photos-grid-image\"><\/a><\/div><div class=\"simple-google-photos-grid-cell\" style=\"width:100%\"><a href=\"https:\/\/photos.app.goo.gl\/NvixdWzADMes2TnC9\" target=\"_blank\"><img decoding=\"async\" src=\"https:\/\/lh3.googleusercontent.com\/pw\/AP1GczPAhxGmErXQxtv0BFK5N4jU3ke0MbAbBTuNZokJs5HM4upNslqOLNxsIxf5p9mXZog31-nEimrMQ8sLQvhH7jL3qCfqKySYe02P1p1Go12wosK0E0s\" alt=\"Google Photo\" class=\"simple-google-photos-grid-image\"><\/a><\/div><div class=\"simple-google-photos-grid-cell\" style=\"width:100%\"><a href=\"https:\/\/photos.app.goo.gl\/NvixdWzADMes2TnC9\" target=\"_blank\"><img decoding=\"async\" src=\"https:\/\/lh3.googleusercontent.com\/pw\/AP1GczMTXqdprJbBJv7SlmIa2-ScFFrqSNoiSJmMrnqvmSgoEdCBGcCbLGZfrkewylHMUXILa4zfpem_p_De48wktizaZIBUrNdqIZ1nzbwF_ydtkOaVZSM\" alt=\"Google Photo\" class=\"simple-google-photos-grid-image\"><\/a><\/div><div class=\"simple-google-photos-grid-cell\" style=\"width:100%\"><a href=\"https:\/\/photos.app.goo.gl\/NvixdWzADMes2TnC9\" target=\"_blank\"><img decoding=\"async\" src=\"https:\/\/lh3.googleusercontent.com\/pw\/AP1GczP-fth5ntYLt8yxxHnK4V9-1V0CWQB2SmKFSRzE6OO1KiiOPddgpwFlKxtnlYluEW1-kIOF1iM92LoNU7poeJ218dRExNNVSJqP9-tmxJe7uW1O1r8\" alt=\"Google Photo\" class=\"simple-google-photos-grid-image\"><\/a><\/div><\/div><script data-jetpack-boost=\"ignore\">      (function() {\n        if( window.jQuery ){\n          jQuery( document ).ready(function() {\n            jQuery(\"div.simple-google-photos-grid\").each(function(i){\n              var container = jQuery(this);\n              var width = container.find(\"div.simple-google-photos-grid-cell\").first().width();\n              container.find(\"img.simple-google-photos-grid-image\").css(\"width\", width).css(\"height\", width);\n            });\n          });\n        }\n      })();<\/script>\n<\/div>\n<\/div>","protected":false},"excerpt":{"rendered":"<p>Dades b\u00e0siques Introducci\u00f3 El Pegaso-Sava 5702 \u00e9s un vehicle amb una capacitat de 15 places assegudes. La unitat que ens ocupa es va estrenar l&#8217;any 1982 en motiu del Mundial de Futbol, i va servir per als despla\u00e7aments de la selecci\u00f3 francesa. Estat del vehicle Aquest vehicle es troba avui dia en un excel\u00b7lent estat. [&hellip;]<\/p>","protected":false},"author":1,"featured_media":571,"parent":0,"menu_order":0,"comment_status":"closed","ping_status":"closed","template":"","meta":{"_themeisle_gutenberg_block_has_review":false,"footnotes":""},"class_list":["post-663","page","type-page","status-publish","has-post-thumbnail","hentry"],"_links":{"self":[{"href":"https:\/\/www.arca-bus.org\/es\/wp-json\/wp\/v2\/pages\/663","targetHints":{"allow":["GET"]}}],"collection":[{"href":"https:\/\/www.arca-bus.org\/es\/wp-json\/wp\/v2\/pages"}],"about":[{"href":"https:\/\/www.arca-bus.org\/es\/wp-json\/wp\/v2\/types\/page"}],"author":[{"embeddable":true,"href":"https:\/\/www.arca-bus.org\/es\/wp-json\/wp\/v2\/users\/1"}],"replies":[{"embeddable":true,"href":"https:\/\/www.arca-bus.org\/es\/wp-json\/wp\/v2\/comments?post=663"}],"version-history":[{"count":0,"href":"https:\/\/www.arca-bus.org\/es\/wp-json\/wp\/v2\/pages\/663\/revisions"}],"wp:featuredmedia":[{"embeddable":true,"href":"https:\/\/www.arca-bus.org\/es\/wp-json\/wp\/v2\/media\/571"}],"wp:attachment":[{"href":"https:\/\/www.arca-bus.org\/es\/wp-json\/wp\/v2\/media?parent=663"}],"curies":[{"name":"wp","href":"https:\/\/api.w.org\/{rel}","templated":true}]}}