{"id":528,"date":"2023-08-30T21:45:05","date_gmt":"2023-08-30T20:45:05","guid":{"rendered":"https:\/\/www.arca-bus.org\/?page_id=528"},"modified":"2023-08-30T22:26:12","modified_gmt":"2023-08-30T21:26:12","slug":"pegaso-6420","status":"publish","type":"page","link":"https:\/\/www.arca-bus.org\/es\/pegaso-6420\/","title":{"rendered":"Pegaso 6420 &#8220;Magrib\u00fas&#8221; (1988)"},"content":{"rendered":"<div class=\"wp-block-columns is-layout-flex wp-container-core-columns-is-layout-28f84493 wp-block-columns-is-layout-flex\">\n<div class=\"wp-block-column is-layout-flow wp-block-column-is-layout-flow\">\n<h2 class=\"wp-block-heading\">Dades b\u00e0siques<\/h2>\n\n\n\n<ul class=\"wp-block-list\">\n<li><strong>Propietari actual<\/strong>: ARCA.<\/li>\n\n\n\n<li><strong>Propietari original<\/strong>: Transports Metropolitans de Barcelona i Universitat Aut\u00f2noma de Barcelona<\/li>\n\n\n\n<li><strong>A\u00f1o<\/strong>: 1988.<\/li>\n\n\n\n<li><strong>Matr\u00edcula<\/strong>: B-4855-KT.<\/li>\n\n\n\n<li><strong>Marca<\/strong>: Pegaso.<\/li>\n\n\n\n<li><strong>Model<\/strong>: 6420.<\/li>\n\n\n\n<li><strong>Carrosseria<\/strong>:\u00a0ENASA.<\/li>\n\n\n\n<li><strong>Posada en servei<\/strong>: 1988.<\/li>\n\n\n\n<li><strong>Finalitzaci\u00f3 del servei<\/strong>: &#8212;<\/li>\n<\/ul>\n<\/div>\n\n\n\n<div class=\"wp-block-column is-layout-flow wp-block-column-is-layout-flow\">\n<figure class=\"wp-block-image size-full\"><img data-recalc-dims=\"1\" loading=\"lazy\" decoding=\"async\" width=\"1024\" height=\"714\" src=\"https:\/\/i0.wp.com\/www.arca-bus.org\/wp-content\/uploads\/2023\/08\/foto_setmana185_gran.jpg?resize=1024%2C714&#038;ssl=1\" alt=\"\" class=\"wp-image-555\" srcset=\"https:\/\/i0.wp.com\/www.arca-bus.org\/wp-content\/uploads\/2023\/08\/foto_setmana185_gran.jpg?w=1024&amp;ssl=1 1024w, https:\/\/i0.wp.com\/www.arca-bus.org\/wp-content\/uploads\/2023\/08\/foto_setmana185_gran.jpg?resize=300%2C209&amp;ssl=1 300w, https:\/\/i0.wp.com\/www.arca-bus.org\/wp-content\/uploads\/2023\/08\/foto_setmana185_gran.jpg?resize=768%2C536&amp;ssl=1 768w\" sizes=\"auto, (max-width: 1000px) 100vw, 1000px\" \/><figcaption class=\"wp-element-caption\">Part davantera del vehicle.<\/figcaption><\/figure>\n<\/div>\n<\/div>\n\n\n\n<div class=\"wp-block-columns ticss-47831924 is-layout-flex wp-container-core-columns-is-layout-d7d455e7 wp-block-columns-is-layout-flex\" style=\"padding-top:0;padding-right:0;padding-bottom:0;padding-left:0\">\n<div class=\"wp-block-column is-layout-flow wp-block-column-is-layout-flow\">\n<figure class=\"wp-block-image size-full\"><img data-recalc-dims=\"1\" loading=\"lazy\" decoding=\"async\" width=\"1024\" height=\"683\" src=\"https:\/\/i0.wp.com\/www.arca-bus.org\/wp-content\/uploads\/2023\/08\/jordi_6420_tablier_gran.jpg?resize=1024%2C683&#038;ssl=1\" alt=\"\" class=\"wp-image-556\" srcset=\"https:\/\/i0.wp.com\/www.arca-bus.org\/wp-content\/uploads\/2023\/08\/jordi_6420_tablier_gran.jpg?w=1024&amp;ssl=1 1024w, https:\/\/i0.wp.com\/www.arca-bus.org\/wp-content\/uploads\/2023\/08\/jordi_6420_tablier_gran.jpg?resize=300%2C200&amp;ssl=1 300w, https:\/\/i0.wp.com\/www.arca-bus.org\/wp-content\/uploads\/2023\/08\/jordi_6420_tablier_gran.jpg?resize=768%2C512&amp;ssl=1 768w\" sizes=\"auto, (max-width: 1000px) 100vw, 1000px\" \/><figcaption class=\"wp-element-caption\">Pupitre de conducci\u00f3 del Pegaso 6420.<\/figcaption><\/figure>\n<\/div>\n\n\n\n<div class=\"wp-block-column is-layout-flow wp-block-column-is-layout-flow\">\n<h2 class=\"wp-block-heading\">Introducci\u00f3<\/h2>\n\n\n\n<p>Text<\/p>\n<\/div>\n<\/div>\n\n\n\n<div class=\"wp-block-columns is-layout-flex wp-container-core-columns-is-layout-28f84493 wp-block-columns-is-layout-flex\">\n<div class=\"wp-block-column is-layout-flow wp-block-column-is-layout-flow\">\n<h2 class=\"wp-block-heading\">Estat del vehicle<\/h2>\n\n\n\n<p>Text<\/p>\n<\/div>\n\n\n\n<div class=\"wp-block-column is-layout-flow wp-block-column-is-layout-flow\">\n<figure class=\"wp-block-image size-full\"><img data-recalc-dims=\"1\" loading=\"lazy\" decoding=\"async\" width=\"1024\" height=\"683\" src=\"https:\/\/i0.wp.com\/www.arca-bus.org\/wp-content\/uploads\/2023\/08\/jordi_6420_interior_a_gran.jpg?resize=1024%2C683&#038;ssl=1\" alt=\"\" class=\"wp-image-557\" srcset=\"https:\/\/i0.wp.com\/www.arca-bus.org\/wp-content\/uploads\/2023\/08\/jordi_6420_interior_a_gran.jpg?w=1024&amp;ssl=1 1024w, https:\/\/i0.wp.com\/www.arca-bus.org\/wp-content\/uploads\/2023\/08\/jordi_6420_interior_a_gran.jpg?resize=300%2C200&amp;ssl=1 300w, https:\/\/i0.wp.com\/www.arca-bus.org\/wp-content\/uploads\/2023\/08\/jordi_6420_interior_a_gran.jpg?resize=768%2C512&amp;ssl=1 768w\" sizes=\"auto, (max-width: 1000px) 100vw, 1000px\" \/><figcaption class=\"wp-element-caption\">Interior del vehicle.<\/figcaption><\/figure>\n<\/div>\n<\/div>\n\n\n\n<div class=\"wp-block-columns is-layout-flex wp-container-core-columns-is-layout-28f84493 wp-block-columns-is-layout-flex\">\n<div class=\"wp-block-column is-layout-flow wp-block-column-is-layout-flow\">\n<h2 class=\"wp-block-heading\">Hist\u00f2ria<\/h2>\n\n\n\n<p>Text<\/p>\n\n\n\n<h2 class=\"wp-block-heading\">Dades t\u00e8cniques<\/h2>\n\n\n\n<ul class=\"wp-block-list\">\n<li><strong>Xass\u00eds<\/strong>: Pegaso 6420.<\/li>\n\n\n\n<li><strong>Motor<\/strong>: Pegaso 96A4AZ\u00a0de 200 CV.<\/li>\n\n\n\n<li><strong>Carrosser<\/strong>: ENASA.<\/li>\n\n\n\n<li><strong>Posada en servei<\/strong>: 1988.<\/li>\n\n\n\n<li><strong>Calca<\/strong>: 5014 (TMB).<\/li>\n\n\n\n<li><strong>Places<\/strong>: 23 + conductor.<\/li>\n\n\n\n<li><strong>Matr\u00edcula<\/strong>: B-4855-KT.<\/li>\n<\/ul>\n<\/div>\n<\/div>\n\n\n\n<div class=\"wp-block-columns is-layout-flex wp-container-core-columns-is-layout-28f84493 wp-block-columns-is-layout-flex\">\n<div class=\"wp-block-column is-layout-flow wp-block-column-is-layout-flow\">\n<h2 class=\"wp-block-heading\">Galeria d&#8217;imatges<\/h2>\n\n\n<style>      div.simple-google-photos-grid {\n        width:100%;\n        height:100%;\n        overflow:hidden;\n      }\n      div.simple-google-photos-grid-cell {\n        box-sizing:border-box;\n        padding:5px;\n        float:left;\n      }\n      img.simple-google-photos-grid-image {\n        object-fit: cover;\n      }<\/style><div class=\"simple-google-photos-grid\"><div class=\"simple-google-photos-grid-cell\" style=\"width:100%\"><a href=\"https:\/\/photos.app.goo.gl\/VhNZMWt6KVLX22Ck9\" target=\"_blank\"><img decoding=\"async\" src=\"https:\/\/lh3.googleusercontent.com\/pw\/AP1GczOUlkvHOKv0UGN-Ak3XMx8Oocoq7CXyeD-z3R4aLR7RLvKK4Vgh_OeBs_LcFWrRahjwp2oWBDVwKx-jyyVMUjftQaeBd84fbSWSFLOodoZbS_8kQV0\" alt=\"Google Photo\" class=\"simple-google-photos-grid-image\"><\/a><\/div><div class=\"simple-google-photos-grid-cell\" style=\"width:100%\"><a href=\"https:\/\/photos.app.goo.gl\/VhNZMWt6KVLX22Ck9\" target=\"_blank\"><img decoding=\"async\" src=\"https:\/\/lh3.googleusercontent.com\/pw\/AP1GczPFEstcivxhZctGscbpOgIkGUxxacAw0XJuWjvb9_tW1eVprY_qbPJkNRXV3QMAfnhIUpfYGqdzX6lAX8_LjZJ7SmEoYNF4_gdBGKtUndcRzUcodXY\" alt=\"Google Photo\" class=\"simple-google-photos-grid-image\"><\/a><\/div><div class=\"simple-google-photos-grid-cell\" style=\"width:100%\"><a href=\"https:\/\/photos.app.goo.gl\/VhNZMWt6KVLX22Ck9\" target=\"_blank\"><img decoding=\"async\" src=\"https:\/\/lh3.googleusercontent.com\/pw\/AP1GczNjRjRQjIZ5ZlDPa3BACZyO99pog3bzgd-kvKBEqcV52wQo886RwPoQo7G-C1hnLy0HnN0rBmc1nssGXaPa7hjbaqKyI_wVRra2ZDi2D_B_JVXw1Zs\" alt=\"Google Photo\" class=\"simple-google-photos-grid-image\"><\/a><\/div><div class=\"simple-google-photos-grid-cell\" style=\"width:100%\"><a href=\"https:\/\/photos.app.goo.gl\/VhNZMWt6KVLX22Ck9\" target=\"_blank\"><img decoding=\"async\" src=\"https:\/\/lh3.googleusercontent.com\/pw\/AP1GczMYNyfKAf6LrOapyvcLUjCu0NwoSFL97EN7ZM5RTIsutiD42aAlzp_eUEFSGsRhiLUN3CdI0eZDgflzQA2xIPH559axyyv4IXzZG2G60vY9bxfkGy8\" alt=\"Google Photo\" class=\"simple-google-photos-grid-image\"><\/a><\/div><div class=\"simple-google-photos-grid-cell\" style=\"width:100%\"><a href=\"https:\/\/photos.app.goo.gl\/VhNZMWt6KVLX22Ck9\" target=\"_blank\"><img decoding=\"async\" src=\"https:\/\/lh3.googleusercontent.com\/pw\/AP1GczMucCGI3YyOldwTB3UU-C9TaXgmsqqQ0RX0i_PZAxuXlT4tUK3ZndTw8IL5kMw193YogDHKN-A0iGL6kWiSAhhPX82V3H_opOh1NOllo0_zgNAKT6c\" alt=\"Google Photo\" class=\"simple-google-photos-grid-image\"><\/a><\/div><div class=\"simple-google-photos-grid-cell\" style=\"width:100%\"><a href=\"https:\/\/photos.app.goo.gl\/VhNZMWt6KVLX22Ck9\" target=\"_blank\"><img decoding=\"async\" src=\"https:\/\/lh3.googleusercontent.com\/pw\/AP1GczMnP3o6RHKIcB6S9MvzRZM2u3lUywIo0LE39tV_HfFw7ipiNndsgF5HaeQmGJcueDe3n0OXYvYXguB9ITqfXOqyp6FfCnHu3sgajaACgd_BbekpUIs\" alt=\"Google Photo\" class=\"simple-google-photos-grid-image\"><\/a><\/div><div class=\"simple-google-photos-grid-cell\" style=\"width:100%\"><a href=\"https:\/\/photos.app.goo.gl\/VhNZMWt6KVLX22Ck9\" target=\"_blank\"><img decoding=\"async\" src=\"https:\/\/lh3.googleusercontent.com\/pw\/AP1GczOMWaDvGz08PRVGOSya8bUxkZzvam1NX0Ht5dUZ58xo1zqFRYxUO7ngg7fyxjZTPXPMCoiVhab5nwQbgQqXExNAnnTij72d1ZoMMCtElak33ZvWnhQ\" alt=\"Google Photo\" class=\"simple-google-photos-grid-image\"><\/a><\/div><div class=\"simple-google-photos-grid-cell\" style=\"width:100%\"><a href=\"https:\/\/photos.app.goo.gl\/VhNZMWt6KVLX22Ck9\" target=\"_blank\"><img decoding=\"async\" src=\"https:\/\/lh3.googleusercontent.com\/pw\/AP1GczOSr_7_aanUrupJBtYP9aExnTx-EH8pTBjkECKCI3muG9uebQbIVELwRRjtcM_vwrI6RxzCrtTYPqLOg6Fz9YMujotYieuo5FeYQw-hufZlgFk8OyI\" alt=\"Google Photo\" class=\"simple-google-photos-grid-image\"><\/a><\/div><div class=\"simple-google-photos-grid-cell\" style=\"width:100%\"><a href=\"https:\/\/photos.app.goo.gl\/VhNZMWt6KVLX22Ck9\" target=\"_blank\"><img decoding=\"async\" src=\"https:\/\/lh3.googleusercontent.com\/pw\/AP1GczNEuvWs948f9q1PRmT3-9yjWohiFfNWAzwV-k19IJ_l_l-xoc8HJEsKGgDo3l0gEleK_x8wChJ-OHXvini-BhlfXoLMxUSXBGF_AcH6EkoQyg2jVsM\" alt=\"Google Photo\" class=\"simple-google-photos-grid-image\"><\/a><\/div><div class=\"simple-google-photos-grid-cell\" style=\"width:100%\"><a href=\"https:\/\/photos.app.goo.gl\/VhNZMWt6KVLX22Ck9\" target=\"_blank\"><img decoding=\"async\" src=\"https:\/\/lh3.googleusercontent.com\/pw\/AP1GczPE8GFofwLheFx6DBHs1n1rMZmPRpnuKzjZECrr2a0AJcEr7xPVNTBx6liuCLHqZ_u8X75G8fix_H8yL3wZkyWRr2imkP60e6ReLz01U-KKRh2R75c\" alt=\"Google Photo\" class=\"simple-google-photos-grid-image\"><\/a><\/div><div class=\"simple-google-photos-grid-cell\" style=\"width:100%\"><a href=\"https:\/\/photos.app.goo.gl\/VhNZMWt6KVLX22Ck9\" target=\"_blank\"><img decoding=\"async\" src=\"https:\/\/lh3.googleusercontent.com\/pw\/AP1GczPMKhVL5xOiBPCy0M994vPceOrhXJKqsWBTZ7Ig_HreZw0c_mWoSCM9bwjwniCLKetgdtQaYNY3_jME2uRJ9_4fyFL_gn6fDo2wI58rw0J0LiHqUTA\" alt=\"Google Photo\" class=\"simple-google-photos-grid-image\"><\/a><\/div><div class=\"simple-google-photos-grid-cell\" style=\"width:100%\"><a href=\"https:\/\/photos.app.goo.gl\/VhNZMWt6KVLX22Ck9\" target=\"_blank\"><img decoding=\"async\" src=\"https:\/\/lh3.googleusercontent.com\/pw\/AP1GczN7JMc3CaRVoMJU3ZAtdJHYCNI8oFbxQGP01VzAAUG1zPAiCKgNrlx-wTsffsVC0GpBZ8mJq2b4aoRMwIma7e0XMQfwzG7bFGVjDNb1z9hyBGo398Q\" alt=\"Google Photo\" class=\"simple-google-photos-grid-image\"><\/a><\/div><\/div><script data-jetpack-boost=\"ignore\">      (function() {\n        if( window.jQuery ){\n          jQuery( document ).ready(function() {\n            jQuery(\"div.simple-google-photos-grid\").each(function(i){\n              var container = jQuery(this);\n              var width = container.find(\"div.simple-google-photos-grid-cell\").first().width();\n              container.find(\"img.simple-google-photos-grid-image\").css(\"width\", width).css(\"height\", width);\n            });\n          });\n        }\n      })();<\/script>\n<\/div>\n<\/div>","protected":false},"excerpt":{"rendered":"<p>Dades b\u00e0siques Introducci\u00f3 Text Estat del vehicle Text Hist\u00f2ria Text Dades t\u00e8cniques Galeria d&#8217;imatges<\/p>","protected":false},"author":1,"featured_media":555,"parent":0,"menu_order":0,"comment_status":"closed","ping_status":"closed","template":"","meta":{"_themeisle_gutenberg_block_has_review":false,"footnotes":""},"class_list":["post-528","page","type-page","status-publish","has-post-thumbnail","hentry"],"_links":{"self":[{"href":"https:\/\/www.arca-bus.org\/es\/wp-json\/wp\/v2\/pages\/528","targetHints":{"allow":["GET"]}}],"collection":[{"href":"https:\/\/www.arca-bus.org\/es\/wp-json\/wp\/v2\/pages"}],"about":[{"href":"https:\/\/www.arca-bus.org\/es\/wp-json\/wp\/v2\/types\/page"}],"author":[{"embeddable":true,"href":"https:\/\/www.arca-bus.org\/es\/wp-json\/wp\/v2\/users\/1"}],"replies":[{"embeddable":true,"href":"https:\/\/www.arca-bus.org\/es\/wp-json\/wp\/v2\/comments?post=528"}],"version-history":[{"count":0,"href":"https:\/\/www.arca-bus.org\/es\/wp-json\/wp\/v2\/pages\/528\/revisions"}],"wp:featuredmedia":[{"embeddable":true,"href":"https:\/\/www.arca-bus.org\/es\/wp-json\/wp\/v2\/media\/555"}],"wp:attachment":[{"href":"https:\/\/www.arca-bus.org\/es\/wp-json\/wp\/v2\/media?parent=528"}],"curies":[{"name":"wp","href":"https:\/\/api.w.org\/{rel}","templated":true}]}}