{"id":52,"date":"2023-02-16T23:42:17","date_gmt":"2023-02-16T22:42:17","guid":{"rendered":"https:\/\/www.arca-bus.org\/?page_id=52"},"modified":"2024-09-06T09:10:03","modified_gmt":"2024-09-06T08:10:03","slug":"pegaso-6035-a","status":"publish","type":"page","link":"https:\/\/www.arca-bus.org\/es\/pegaso-6035-a\/","title":{"rendered":"Pegaso 6035\/A (1968)"},"content":{"rendered":"<div class=\"wp-block-columns is-layout-flex wp-container-core-columns-is-layout-28f84493 wp-block-columns-is-layout-flex\">\n<div class=\"wp-block-column is-layout-flow wp-block-column-is-layout-flow\">\n<h2 class=\"wp-block-heading\">Dades b\u00e0siques<\/h2>\n\n\n\n<ul class=\"wp-block-list\">\n<li><strong>Propietari actual<\/strong>: ARCA.<\/li>\n\n\n\n<li><strong>Propietari original<\/strong>: S.P.M. Transportes de Barcelona.<\/li>\n\n\n\n<li><strong>A\u00f1o<\/strong>: 1968.<\/li>\n\n\n\n<li><strong>Marca<\/strong>: Pegaso.<\/li>\n\n\n\n<li><strong>Model<\/strong>: 6035-A.<\/li>\n\n\n\n<li><strong>Carrosseria<\/strong>:&nbsp;Noge (des de 1978), originalment Hugas.<\/li>\n\n\n\n<li><strong>Calca<\/strong>: 3055 (TMB) \u2013 14 (UAB).<\/li>\n\n\n\n<li><strong>Posada en servei<\/strong>: 1968 (TB 3055)<\/li>\n\n\n\n<li><strong>Finalitzaci\u00f3 del servei<\/strong>: 2003 (UAB 14)<\/li>\n<\/ul>\n<\/div>\n\n\n\n<div class=\"wp-block-column is-vertically-aligned-center is-layout-flow wp-block-column-is-layout-flow\">\n<figure class=\"wp-block-image size-full\"><img data-recalc-dims=\"1\" loading=\"lazy\" decoding=\"async\" width=\"500\" height=\"348\" src=\"https:\/\/i0.wp.com\/www.arca-bus.org\/wp-content\/uploads\/2023\/02\/Pegaso-6035A.jpg?resize=500%2C348&#038;ssl=1\" alt=\"Pegaso 6035\/A\" class=\"wp-image-11\" srcset=\"https:\/\/i0.wp.com\/www.arca-bus.org\/wp-content\/uploads\/2023\/02\/Pegaso-6035A.jpg?w=500&amp;ssl=1 500w, https:\/\/i0.wp.com\/www.arca-bus.org\/wp-content\/uploads\/2023\/02\/Pegaso-6035A.jpg?resize=300%2C209&amp;ssl=1 300w\" sizes=\"auto, (max-width: 500px) 100vw, 500px\" \/><\/figure>\n<\/div>\n<\/div>\n\n\n\n<div class=\"wp-block-columns ticss-47831924 is-layout-flex wp-container-core-columns-is-layout-d7d455e7 wp-block-columns-is-layout-flex\" style=\"padding-top:0;padding-right:0;padding-bottom:0;padding-left:0\">\n<div class=\"wp-block-column is-layout-flow wp-block-column-is-layout-flow\">\n<figure class=\"wp-block-image size-full\"><img data-recalc-dims=\"1\" loading=\"lazy\" decoding=\"async\" width=\"1024\" height=\"680\" src=\"https:\/\/i0.wp.com\/www.arca-bus.org\/wp-content\/uploads\/2023\/02\/3055_vermell_C_gran.jpg?resize=1024%2C680&#038;ssl=1\" alt=\"\" class=\"wp-image-185\" srcset=\"https:\/\/i0.wp.com\/www.arca-bus.org\/wp-content\/uploads\/2023\/02\/3055_vermell_C_gran.jpg?w=1024&amp;ssl=1 1024w, https:\/\/i0.wp.com\/www.arca-bus.org\/wp-content\/uploads\/2023\/02\/3055_vermell_C_gran.jpg?resize=300%2C199&amp;ssl=1 300w, https:\/\/i0.wp.com\/www.arca-bus.org\/wp-content\/uploads\/2023\/02\/3055_vermell_C_gran.jpg?resize=768%2C510&amp;ssl=1 768w\" sizes=\"auto, (max-width: 1000px) 100vw, 1000px\" \/><figcaption class=\"wp-element-caption\">Vista posterior de l&#8217;autob\u00fas.<\/figcaption><\/figure>\n<\/div>\n\n\n\n<div class=\"wp-block-column is-layout-flow wp-block-column-is-layout-flow\">\n<h2 class=\"wp-block-heading\">Introducci\u00f3<\/h2>\n\n\n\n<p>El Pegaso 6035\/A \u00e9s un vehicle articulat de 16,5 metres de longitud; 2,5 metres d&#8217;amplada; i 3 metres d&#8217;altura.<\/p>\n\n\n\n<p>Amb una capacitat per a 36 persones assegudes, la seva gran capacitat el feia un vehicle idoni per a l\u00ednies amb molta demanda de passatge.<\/p>\n<\/div>\n<\/div>\n\n\n\n<div class=\"wp-block-columns is-layout-flex wp-container-core-columns-is-layout-28f84493 wp-block-columns-is-layout-flex\">\n<div class=\"wp-block-column is-layout-flow wp-block-column-is-layout-flow\">\n<h2 class=\"wp-block-heading\">Estat del vehicle<\/h2>\n\n\n\n<p>Aquest va ser el primer autob\u00fas que va passar a mans d&#8217;ARCA. Originari de TMB i, despr\u00e9s, de la UAB, va arribar a mans d&#8217;ARCA l&#8217;any 2003. Des de llavors, s&#8217;ha restaurat i preservat el vehicle.<\/p>\n\n\n\n<p>Avui dia es troba en perfecte estat de marxa despr\u00e9s d&#8217;una llarga posada a punt.<\/p>\n<\/div>\n\n\n\n<div class=\"wp-block-column is-layout-flow wp-block-column-is-layout-flow\">\n<figure class=\"wp-block-image size-full\"><a href=\"https:\/\/i0.wp.com\/www.arca-bus.org\/wp-content\/uploads\/2023\/02\/ARCA_pup6035_gran.jpg?ssl=1\"><img data-recalc-dims=\"1\" loading=\"lazy\" decoding=\"async\" width=\"1024\" height=\"680\" src=\"https:\/\/i0.wp.com\/www.arca-bus.org\/wp-content\/uploads\/2023\/02\/ARCA_pup6035_gran.jpg?resize=1024%2C680&#038;ssl=1\" alt=\"\" class=\"wp-image-187\" srcset=\"https:\/\/i0.wp.com\/www.arca-bus.org\/wp-content\/uploads\/2023\/02\/ARCA_pup6035_gran.jpg?w=1024&amp;ssl=1 1024w, https:\/\/i0.wp.com\/www.arca-bus.org\/wp-content\/uploads\/2023\/02\/ARCA_pup6035_gran.jpg?resize=300%2C199&amp;ssl=1 300w, https:\/\/i0.wp.com\/www.arca-bus.org\/wp-content\/uploads\/2023\/02\/ARCA_pup6035_gran.jpg?resize=768%2C510&amp;ssl=1 768w\" sizes=\"auto, (max-width: 1000px) 100vw, 1000px\" \/><\/a><figcaption class=\"wp-element-caption\">Pupitre de conducci\u00f3.<\/figcaption><\/figure>\n<\/div>\n<\/div>\n\n\n\n<div class=\"wp-block-columns is-layout-flex wp-container-core-columns-is-layout-28f84493 wp-block-columns-is-layout-flex\">\n<div class=\"wp-block-column is-layout-flow wp-block-column-is-layout-flow\">\n<h2 class=\"wp-block-heading\">Hist\u00f2ria<\/h2>\n\n\n\n<p>L\u2019any 1989 es d\u00f3na de baixa a TMB i es cedeix a la Universitat Aut\u00f2noma de Barcelona (Bellaterra) per al servei intern del campus universitari. Aquest servei comunica l\u2019estaci\u00f3 de Cerdanyola del Vall\u00e8s amb el campus. Per adaptar-se a aquest servei de trajecte curt i molt p\u00fablic es sotmet a algunes modificacions com s\u00f3n la p\u00e8rdua d\u2019alguns seients, el.liminaci\u00f3 del sistema de parada sol.licitada i supresi\u00f3 de la finestra davantera inferior per a col.locar un sistema de calefacci\u00f3 interior.<\/p>\n\n\n\n<p>Durant els anys posteriors Ferrocarrils de la Generalitat de Catalunya (FGC) obre una estaci\u00f3 a dins del campus que juntament amb l\u2019arribada de \u201cnous\u201d autobusos Pegaso 6420 Enasa i Mercedes O405G Unicar procedents tamb\u00e9 de TMB fa que es comencin a donar de baixa alguns autobusos, entre ells el 14 (ex-3055) durant l\u2019any 2003.<\/p>\n\n\n\n<p>La UAB d\u00f3na totes les facilitats a ARCA per a la preservaci\u00f3 d\u2019aquest autob\u00fas a m\u00e9s de facilitar l\u2019espai per a realitzar les diferents reparacions.<\/p>\n\n\n\n<p>Desde 2003 ARCA ha treballat en la restauraci\u00f3 d\u2019aquest vehicle per a retornar el seu aspecte al de la \u00e8poca de TMB. Podeu veure l\u2019evoluci\u00f3 dels treballs en aquesta galeria.<\/p>\n\n\n\n<p>Durant l\u2019any 2005 l\u2019autob\u00fas ha participat en el rodatge de la pel.l\u00edcula \u201cSalvador\u201d, cosa que ha perm\u00e8s el seu repintat en colors verd \u201cPorcioles\u201d i la col.locaci\u00f3 (provisional) dels fars rodons i creu de Pegaso. A m\u00e9s ha recuperat la cabina del cobrador i la totalitat dels seients tipus fusta clara.<\/p>\n\n\n\n<p>Fins al juliol de 2006 el seu aspecte exterior \u00e9s color verd \u201cPorcioles\u201d, fars quadrats i graella cromada.<\/p>\n\n\n\n<p>Durant l\u2019agost de 2006 es realitza el repintat de l\u2019autob\u00fas amb col.laboraci\u00f3 de TMB en els colors vermell-crema, aspecte coherent amb la graella davantera, fars quadrats i interiorisme. El primer acte p\u00fablic en el que apareix amb la nova decoraci\u00f3 es la celebraci\u00f3 del Centenari de l\u2019autob\u00fas a Barcelona.<\/p>\n\n\n\n<p>Actualment es troba en perfecte estat de marxa i participa en les diferents activitats de l\u2019associaci\u00f3.<\/p>\n\n\n\n<p>L\u2019any 2012 el vehicle torna a requerir un rep\u00e0s general i repintura.<\/p>\n\n\n\n<h2 class=\"wp-block-heading\">Dades t\u00e8cniques<\/h2>\n\n\n\n<ul class=\"wp-block-list\">\n<li><strong>Xass\u00eds<\/strong>: Pegaso 6035A.<\/li>\n\n\n\n<li><strong>Motor<\/strong>: Pegaso 9101 (170 C.V.).<\/li>\n\n\n\n<li><strong>Carrosser<\/strong>: Hugas \/ Noge \/ Bus Repar.<\/li>\n\n\n\n<li><strong>Posada en servei<\/strong>: 1968.<\/li>\n\n\n\n<li><strong>Places<\/strong>: 46 + cond + cobr.<\/li>\n\n\n\n<li><strong>Matr\u00edcula<\/strong>: B-620573.<\/li>\n<\/ul>\n<\/div>\n<\/div>\n\n\n\n<div class=\"wp-block-columns is-layout-flex wp-container-core-columns-is-layout-28f84493 wp-block-columns-is-layout-flex\">\n<div class=\"wp-block-column ticss-e38d0707 is-layout-flow wp-block-column-is-layout-flow\">\n<h2 class=\"wp-block-heading\">Galeria d&#8217;imatges<\/h2>\n\n\n<style>      div.simple-google-photos-grid {\n        width:100%;\n        height:100%;\n        overflow:hidden;\n      }\n      div.simple-google-photos-grid-cell {\n        box-sizing:border-box;\n        padding:5px;\n        float:left;\n      }\n      img.simple-google-photos-grid-image {\n        object-fit: cover;\n      }<\/style><div class=\"simple-google-photos-grid\"><div class=\"simple-google-photos-grid-cell\" style=\"width:100%\"><a href=\"https:\/\/photos.app.goo.gl\/zPaqPHazDiLuVo9ZA\" target=\"_blank\"><img decoding=\"async\" src=\"https:\/\/lh3.googleusercontent.com\/pw\/AP1GczNXFS9mV9q8SJuFdqoBrLKgp2XHb55rLVRFKdpJ069LUHs-ZKR-CxG8nz0adgiCwmZBstI5RExna7sXnNHMOPp0u1CEKEkNfJEcBn08ZqBE1kgRzZ8\" alt=\"Google Photo\" class=\"simple-google-photos-grid-image\"><\/a><\/div><div class=\"simple-google-photos-grid-cell\" style=\"width:100%\"><a href=\"https:\/\/photos.app.goo.gl\/zPaqPHazDiLuVo9ZA\" target=\"_blank\"><img decoding=\"async\" src=\"https:\/\/lh3.googleusercontent.com\/pw\/AP1GczMciXvgWZ1J8ppXUA2PJ-QJMNBj2Q4W89zobHepz9PAD_TM4R1KaOtRcB8250ngMg1fa_z9BUlaoJnhmBj0_R07cowF0SjSOnLs3CoeqzCC4-wdLbA\" alt=\"Google Photo\" class=\"simple-google-photos-grid-image\"><\/a><\/div><div class=\"simple-google-photos-grid-cell\" style=\"width:100%\"><a href=\"https:\/\/photos.app.goo.gl\/zPaqPHazDiLuVo9ZA\" target=\"_blank\"><img decoding=\"async\" src=\"https:\/\/lh3.googleusercontent.com\/pw\/AP1GczPn-HaTxcNdSn8tikU03Aui3mWpv2vGqTAzPWaLH1W5eXwvoah3yXrlUGnG9sPtvZQjIeqO5C2_wlZRUgcVvArqY9FZQJeTLt6Pmlxcxtd5lx64b9k\" alt=\"Google Photo\" class=\"simple-google-photos-grid-image\"><\/a><\/div><div class=\"simple-google-photos-grid-cell\" style=\"width:100%\"><a href=\"https:\/\/photos.app.goo.gl\/zPaqPHazDiLuVo9ZA\" target=\"_blank\"><img decoding=\"async\" src=\"https:\/\/lh3.googleusercontent.com\/pw\/AP1GczP0E92RcswR7yN4sYcL3KRibezlgxkHClNBhQgQYLHNCJC8hQJZ_ZG2S5B58NkI2ifTl1PLHLtAdnlTQqmpC3480giHuuYOEk_-mqHcjlzAfEWA4Kc\" alt=\"Google Photo\" class=\"simple-google-photos-grid-image\"><\/a><\/div><div class=\"simple-google-photos-grid-cell\" style=\"width:100%\"><a href=\"https:\/\/photos.app.goo.gl\/zPaqPHazDiLuVo9ZA\" target=\"_blank\"><img decoding=\"async\" src=\"https:\/\/lh3.googleusercontent.com\/pw\/AP1GczOMVDJRwcYbPhZiTmTd_6E5jNUoTAbmyLXr5Qc6Fs3TD6M0wUW7LHmHfo66o29E1VNje4S44uQx4ShX7GScos9JPjtNAK2vBGAUnfPUIaWdPJSPwJE\" alt=\"Google Photo\" class=\"simple-google-photos-grid-image\"><\/a><\/div><div class=\"simple-google-photos-grid-cell\" style=\"width:100%\"><a href=\"https:\/\/photos.app.goo.gl\/zPaqPHazDiLuVo9ZA\" target=\"_blank\"><img decoding=\"async\" src=\"https:\/\/lh3.googleusercontent.com\/pw\/AP1GczOLuYmem8opo7sirHgUeqU_wl2Eiw2QNFmRX54TG3Ijn7EbTwj44UQV78l8VwJvAye-9hY8n-Wq7G3x4m7sG4gdgSEjmL11bUbWwkVfZQ-wRAkRTMg\" alt=\"Google Photo\" class=\"simple-google-photos-grid-image\"><\/a><\/div><div class=\"simple-google-photos-grid-cell\" style=\"width:100%\"><a href=\"https:\/\/photos.app.goo.gl\/zPaqPHazDiLuVo9ZA\" target=\"_blank\"><img decoding=\"async\" src=\"https:\/\/lh3.googleusercontent.com\/pw\/AP1GczN5OUwS8zbrCosU3pG0ww-kzNpDrd_pttdbulH6ryAFqJbdXHPzAHp6LDkxcEfLd6YXx-i8FAbhUtSb0WVRyg0bPz4oSMHOeIZ-45Q_PNucq59Rj9o\" alt=\"Google Photo\" class=\"simple-google-photos-grid-image\"><\/a><\/div><div class=\"simple-google-photos-grid-cell\" style=\"width:100%\"><a href=\"https:\/\/photos.app.goo.gl\/zPaqPHazDiLuVo9ZA\" target=\"_blank\"><img decoding=\"async\" src=\"https:\/\/lh3.googleusercontent.com\/pw\/AP1GczOYTSN0dBeZv-jvaui03yeF8QzvJgR4lh-G7_FkinWSNC6CxAO-z1r97X3vc7P4e_FQNArnJLujfjKAPb-tYzmYK9MLswd-N3tn7VFCD-xv4BUDs_I\" alt=\"Google Photo\" class=\"simple-google-photos-grid-image\"><\/a><\/div><div class=\"simple-google-photos-grid-cell\" style=\"width:100%\"><a href=\"https:\/\/photos.app.goo.gl\/zPaqPHazDiLuVo9ZA\" target=\"_blank\"><img decoding=\"async\" src=\"https:\/\/lh3.googleusercontent.com\/pw\/AP1GczM6UZ-lxPgZh1exZLxS_uELOEoa5tSsFUgeODssH7Iu7EyPxoV4Oq2y3ngh5JuE0W9Iwma_PpCwV3xFsZQXUmwI9w38yjfC9TeLQ461RJ2P4WEGe7w\" alt=\"Google Photo\" class=\"simple-google-photos-grid-image\"><\/a><\/div><div class=\"simple-google-photos-grid-cell\" style=\"width:100%\"><a href=\"https:\/\/photos.app.goo.gl\/zPaqPHazDiLuVo9ZA\" target=\"_blank\"><img decoding=\"async\" src=\"https:\/\/lh3.googleusercontent.com\/pw\/AP1GczPup-FxZ5fzXwlR_z56WZGDu1dLcnlyyeeo6zOFqjKDdl45bOT7XdsLgDek3AlVITSs6N-FGakFBYC8K2vkX1eWeMQPceh75I0JyQUi7K7VpW6uAek\" alt=\"Google Photo\" class=\"simple-google-photos-grid-image\"><\/a><\/div><div class=\"simple-google-photos-grid-cell\" style=\"width:100%\"><a href=\"https:\/\/photos.app.goo.gl\/zPaqPHazDiLuVo9ZA\" target=\"_blank\"><img decoding=\"async\" src=\"https:\/\/lh3.googleusercontent.com\/pw\/AP1GczM5CQwPlcJ8dGAdIEcCiK-wGXelbw1LqjdWjI9XMZqfui7PG-21N1-XPFkMxQnulBxNcnUnRGHoRn5ZY9znBwqUfVzoTgjVqhBsoT7HP6cY07qU2tI\" alt=\"Google Photo\" class=\"simple-google-photos-grid-image\"><\/a><\/div><div class=\"simple-google-photos-grid-cell\" style=\"width:100%\"><a href=\"https:\/\/photos.app.goo.gl\/zPaqPHazDiLuVo9ZA\" target=\"_blank\"><img decoding=\"async\" src=\"https:\/\/lh3.googleusercontent.com\/pw\/AP1GczPg1EedUMTLXJ9NPUPQYg2YAEoML_lF5bm3aaDwUR6rv2-_ztqqGCKhaJLk2nm6DGNvH5aL8Lu-1gX9rBWQ8yQpCwoxN0i3Xy-FSRHZ-25UP52ndGI\" alt=\"Google Photo\" class=\"simple-google-photos-grid-image\"><\/a><\/div><div class=\"simple-google-photos-grid-cell\" style=\"width:100%\"><a href=\"https:\/\/photos.app.goo.gl\/zPaqPHazDiLuVo9ZA\" target=\"_blank\"><img decoding=\"async\" src=\"https:\/\/lh3.googleusercontent.com\/pw\/AP1GczN5azYyjYOGsaMOy6_slITh6-IiTww-295oTbpDAUGDMzLxyb_mrQ4xPdMBg-wkGLQwCRE3fm8UYJrIv6hELFLvyHWm3WYGBRqA7b16_7Etul2gjdQ\" alt=\"Google Photo\" class=\"simple-google-photos-grid-image\"><\/a><\/div><div class=\"simple-google-photos-grid-cell\" style=\"width:100%\"><a href=\"https:\/\/photos.app.goo.gl\/zPaqPHazDiLuVo9ZA\" target=\"_blank\"><img decoding=\"async\" src=\"https:\/\/lh3.googleusercontent.com\/pw\/AP1GczM5z_2_lerV6WodnRD-jeO_YUWJWS6gkKNpxzhxytJIg9kO4etJ-TOPtK1kkklh66s4wRL3gwiffuJa3A4cUR1e8XXPSBfaVq5_P10aXJEQDdVEUls\" alt=\"Google Photo\" class=\"simple-google-photos-grid-image\"><\/a><\/div><div class=\"simple-google-photos-grid-cell\" style=\"width:100%\"><a href=\"https:\/\/photos.app.goo.gl\/zPaqPHazDiLuVo9ZA\" target=\"_blank\"><img decoding=\"async\" src=\"https:\/\/lh3.googleusercontent.com\/pw\/AP1GczPSZyV9PYox1imJImnBNM4oIHQbNheuc9GU_aHfLPwzgA4J3wHH6q2F_3J2154CAq7uwq8wmAEMi4Oa9pFtsV64-eFJenjxHLMMdOFWAZBwLTVewwU\" alt=\"Google Photo\" class=\"simple-google-photos-grid-image\"><\/a><\/div><div class=\"simple-google-photos-grid-cell\" style=\"width:100%\"><a href=\"https:\/\/photos.app.goo.gl\/zPaqPHazDiLuVo9ZA\" target=\"_blank\"><img decoding=\"async\" src=\"https:\/\/lh3.googleusercontent.com\/pw\/AP1GczMia1vK8daQ4oHykbPWMsKZRRw6yRW76zCWjDhF0rUTjxfzponj8WfRtJ-8rHU6WawV43hfSz6Xamo4yH1G2Q24NaKBdtgeL2bTGeLMgpkeprbfjIg\" alt=\"Google Photo\" class=\"simple-google-photos-grid-image\"><\/a><\/div><div class=\"simple-google-photos-grid-cell\" style=\"width:100%\"><a href=\"https:\/\/photos.app.goo.gl\/zPaqPHazDiLuVo9ZA\" target=\"_blank\"><img decoding=\"async\" src=\"https:\/\/lh3.googleusercontent.com\/pw\/AP1GczM1kFrsSzxeXn4gsP3CR3AUsyalmX081LIwSJ4PJZNMi32qqFUCfhe9yDVl04yFELrfOTdGUZKkW1Gfay-lw1QmtTrlRoaBPOPj0W9lMu1-v4KztRs\" alt=\"Google Photo\" class=\"simple-google-photos-grid-image\"><\/a><\/div><div class=\"simple-google-photos-grid-cell\" style=\"width:100%\"><a href=\"https:\/\/photos.app.goo.gl\/zPaqPHazDiLuVo9ZA\" target=\"_blank\"><img decoding=\"async\" src=\"https:\/\/lh3.googleusercontent.com\/pw\/AP1GczOVr0arhv-2W_V3v6E3Y_LIxrUb3yBA_MqGTRDyM4hHTYXSTUEGTa-TkA3NSpwQF7Mn3k7X3T3UYySbMQ17sdyFzQBN1yWcZlz8SLjjawK1xT6rjb4\" alt=\"Google Photo\" class=\"simple-google-photos-grid-image\"><\/a><\/div><div class=\"simple-google-photos-grid-cell\" style=\"width:100%\"><a href=\"https:\/\/photos.app.goo.gl\/zPaqPHazDiLuVo9ZA\" target=\"_blank\"><img decoding=\"async\" src=\"https:\/\/lh3.googleusercontent.com\/pw\/AP1GczOrdorSJGXnjB5b5QPLlyhTN43Qd97D-_ttcGVDhhvdxlNttQeuhPla07CPNyMB_s-quN8-aGk08QxI7HwDJJuZXt1r8LwGL-SuiwSLnUb9nHaCQeI\" alt=\"Google Photo\" class=\"simple-google-photos-grid-image\"><\/a><\/div><div class=\"simple-google-photos-grid-cell\" style=\"width:100%\"><a href=\"https:\/\/photos.app.goo.gl\/zPaqPHazDiLuVo9ZA\" target=\"_blank\"><img decoding=\"async\" src=\"https:\/\/lh3.googleusercontent.com\/pw\/AP1GczPuje6zIAJWP5Rzk6sU0p46f_PARjwYvWPqYpoF6dfGXPpgDsYjV6pXdkrBz3CC8SCTEajvgY-r9dyhwYbzRXQMLEWJAkTXIFIE3fwDp6VL2LP12rM\" alt=\"Google Photo\" class=\"simple-google-photos-grid-image\"><\/a><\/div><div class=\"simple-google-photos-grid-cell\" style=\"width:100%\"><a href=\"https:\/\/photos.app.goo.gl\/zPaqPHazDiLuVo9ZA\" target=\"_blank\"><img decoding=\"async\" src=\"https:\/\/lh3.googleusercontent.com\/pw\/AP1GczP1xByFWXBwX6N49dTjl16lq7wubVudsZJbTgM-hKJLavm4NGdplRkW7DAtExnzwEqa9ALDBJgzhhgiWn8BzwzsvdYLbNsHctIFg63lS_WAdxZzjTc\" alt=\"Google Photo\" class=\"simple-google-photos-grid-image\"><\/a><\/div><div class=\"simple-google-photos-grid-cell\" style=\"width:100%\"><a href=\"https:\/\/photos.app.goo.gl\/zPaqPHazDiLuVo9ZA\" target=\"_blank\"><img decoding=\"async\" src=\"https:\/\/lh3.googleusercontent.com\/pw\/AP1GczPXiZ4hXivfR5p62bjBVfp-htiZhf-axhjkgdRStQNFvUf5AAikgeSCT875XMKyB95XXD5rJkzA2LIkBkeCxhN45wjSdYwE0gLNqwVw8bQkLGyyeXc\" alt=\"Google Photo\" class=\"simple-google-photos-grid-image\"><\/a><\/div><div class=\"simple-google-photos-grid-cell\" style=\"width:100%\"><a href=\"https:\/\/photos.app.goo.gl\/zPaqPHazDiLuVo9ZA\" target=\"_blank\"><img decoding=\"async\" src=\"https:\/\/lh3.googleusercontent.com\/pw\/AP1GczPoLadDtZEHMOsVMdGjhX6-W7jxf-6eZC71syVGOnUEaos5FDWDQbExQxjcC_cgKwXjsrahaCcyqSPcD1GXSWm8UJ7eBdyGhApYhPwjKqaYRQLHsb4\" alt=\"Google Photo\" class=\"simple-google-photos-grid-image\"><\/a><\/div><div class=\"simple-google-photos-grid-cell\" style=\"width:100%\"><a href=\"https:\/\/photos.app.goo.gl\/zPaqPHazDiLuVo9ZA\" target=\"_blank\"><img decoding=\"async\" src=\"https:\/\/lh3.googleusercontent.com\/pw\/AP1GczNegzKJfksKcrgHhr5m4K_tLsYFqklw8ektNPHaN4cCr2ZxfAgg-oSl_4FmlYsuPEsRbhLJ8KcXOU30INxvHCor8Rr_5kwhLyutvQ9Sfw_0bSjZr_Y\" alt=\"Google Photo\" class=\"simple-google-photos-grid-image\"><\/a><\/div><div class=\"simple-google-photos-grid-cell\" style=\"width:100%\"><a href=\"https:\/\/photos.app.goo.gl\/zPaqPHazDiLuVo9ZA\" target=\"_blank\"><img decoding=\"async\" src=\"https:\/\/lh3.googleusercontent.com\/pw\/AP1GczM2g4qNAxn0S44DzAn2tn-dSbvmIWrF0PLpIvBVdKfv5ClM66kSQFZIemBUkB9Q5SA1hP3CYn4l6b9aSnMYUv4xGe8iBYeLyRpH0e3yzQh7auZftv4\" alt=\"Google Photo\" class=\"simple-google-photos-grid-image\"><\/a><\/div><div class=\"simple-google-photos-grid-cell\" style=\"width:100%\"><a href=\"https:\/\/photos.app.goo.gl\/zPaqPHazDiLuVo9ZA\" target=\"_blank\"><img decoding=\"async\" src=\"https:\/\/lh3.googleusercontent.com\/pw\/AP1GczOZiVwwWt92KDaclAzUihOw-xIY9E59ELAvX9cKPZHIqYW3IXdPEg-qoSS6IMq6ooNNotF6lTfBlcXNhnIOCT8IGl3AZRp3XyqJydoZgFMn83C4yyk\" alt=\"Google Photo\" class=\"simple-google-photos-grid-image\"><\/a><\/div><div class=\"simple-google-photos-grid-cell\" style=\"width:100%\"><a href=\"https:\/\/photos.app.goo.gl\/zPaqPHazDiLuVo9ZA\" target=\"_blank\"><img decoding=\"async\" src=\"https:\/\/lh3.googleusercontent.com\/pw\/AP1GczOQr86V0I-0nbUlxOwrq97eYPRf0-Ifv6-C0d5Oz0OqALLfCvVJE-2rrWDSU1EVUG6cwz4WNvcHpU5vFHDWJKz7dklH4XTRGRt4W1JprgI-GP-qsB4\" alt=\"Google Photo\" class=\"simple-google-photos-grid-image\"><\/a><\/div><div class=\"simple-google-photos-grid-cell\" style=\"width:100%\"><a href=\"https:\/\/photos.app.goo.gl\/zPaqPHazDiLuVo9ZA\" target=\"_blank\"><img decoding=\"async\" src=\"https:\/\/lh3.googleusercontent.com\/pw\/AP1GczMXO-AXdh9aLdPve_0iLrbrBu38_e1JJeuEKfoLN33RKVqHWGMQ7o5mCdkClVBNbn7qCeTCrr_R9XLKQkz9qJO3DHT6YXczK2WE10YOhOilT0lCV-A\" alt=\"Google Photo\" class=\"simple-google-photos-grid-image\"><\/a><\/div><div class=\"simple-google-photos-grid-cell\" style=\"width:100%\"><a href=\"https:\/\/photos.app.goo.gl\/zPaqPHazDiLuVo9ZA\" target=\"_blank\"><img decoding=\"async\" src=\"https:\/\/lh3.googleusercontent.com\/pw\/AP1GczNzabtJdlHMSfSgnhhghvcCMfZrZWEhthfE7ARgPLttLGCYwzAoKEKk2sEMqy_qg-1HYACO0lqL3gIZtayKAL6BB_BQuDyROkPyGtg4JKqvwYimjSQ\" alt=\"Google Photo\" class=\"simple-google-photos-grid-image\"><\/a><\/div><div class=\"simple-google-photos-grid-cell\" style=\"width:100%\"><a href=\"https:\/\/photos.app.goo.gl\/zPaqPHazDiLuVo9ZA\" target=\"_blank\"><img decoding=\"async\" src=\"https:\/\/lh3.googleusercontent.com\/pw\/AP1GczP06K4SYhWdQy-tkUia87a1qbh-efd_ewlPq57IoIoP6SjR4Y0t34bXKy64Yy41b7D_QYFCOlyICN1WlDuszH0ESDp9AVmtD-iee7cEmwjrU3C1cPc\" alt=\"Google Photo\" class=\"simple-google-photos-grid-image\"><\/a><\/div><div class=\"simple-google-photos-grid-cell\" style=\"width:100%\"><a href=\"https:\/\/photos.app.goo.gl\/zPaqPHazDiLuVo9ZA\" target=\"_blank\"><img decoding=\"async\" src=\"https:\/\/lh3.googleusercontent.com\/pw\/AP1GczMbhwVMkRAmOIVHGkzr5zrxes6P8hu3AV8hSMez0r1FL9-tiCqSjcQy17fqT1tyssEc6B9XaAfb4dH06GM8-xXDLVpCOUm27-go3ZOdpXSwfzV61AM\" alt=\"Google Photo\" class=\"simple-google-photos-grid-image\"><\/a><\/div><div class=\"simple-google-photos-grid-cell\" style=\"width:100%\"><a href=\"https:\/\/photos.app.goo.gl\/zPaqPHazDiLuVo9ZA\" target=\"_blank\"><img decoding=\"async\" src=\"https:\/\/lh3.googleusercontent.com\/pw\/AP1GczM6MGFYpMFFZDSdWw5dN-yna2_mGp0-ulQdGtaMZH_5rR7Ierc-qxuqyLXBTpbBNiO_N3JoIi9drQU8FJNH2wAxFRxdx6VJqPaB58DasH5I-m2oioM\" alt=\"Google Photo\" class=\"simple-google-photos-grid-image\"><\/a><\/div><div class=\"simple-google-photos-grid-cell\" style=\"width:100%\"><a href=\"https:\/\/photos.app.goo.gl\/zPaqPHazDiLuVo9ZA\" target=\"_blank\"><img decoding=\"async\" src=\"https:\/\/lh3.googleusercontent.com\/pw\/AP1GczNi6IZbFInVIBTnVECyEN8wPiWoN3-YDO0srcmquCDsUBvuLBqGX47kaGsVwzmdwC91mzeb9apgOrOGV1tq3fvXfX_SffmtNOaH7-LX4ph9SVrMF40\" alt=\"Google Photo\" class=\"simple-google-photos-grid-image\"><\/a><\/div><\/div><script data-jetpack-boost=\"ignore\">      (function() {\n        if( window.jQuery ){\n          jQuery( document ).ready(function() {\n            jQuery(\"div.simple-google-photos-grid\").each(function(i){\n              var container = jQuery(this);\n              var width = container.find(\"div.simple-google-photos-grid-cell\").first().width();\n              container.find(\"img.simple-google-photos-grid-image\").css(\"width\", width).css(\"height\", width);\n            });\n          });\n        }\n      })();<\/script>\n<\/div>\n<\/div>","protected":false},"excerpt":{"rendered":"<p>Dades b\u00e0siques Introducci\u00f3 El Pegaso 6035\/A \u00e9s un vehicle articulat de 16,5 metres de longitud; 2,5 metres d&#8217;amplada; i 3 metres d&#8217;altura. Amb una capacitat per a 36 persones assegudes, la seva gran capacitat el feia un vehicle idoni per a l\u00ednies amb molta demanda de passatge. Estat del vehicle Aquest va ser el primer [&hellip;]<\/p>","protected":false},"author":1,"featured_media":29,"parent":0,"menu_order":0,"comment_status":"closed","ping_status":"closed","template":"","meta":{"_themeisle_gutenberg_block_has_review":false,"footnotes":""},"class_list":["post-52","page","type-page","status-publish","has-post-thumbnail","hentry"],"_links":{"self":[{"href":"https:\/\/www.arca-bus.org\/es\/wp-json\/wp\/v2\/pages\/52","targetHints":{"allow":["GET"]}}],"collection":[{"href":"https:\/\/www.arca-bus.org\/es\/wp-json\/wp\/v2\/pages"}],"about":[{"href":"https:\/\/www.arca-bus.org\/es\/wp-json\/wp\/v2\/types\/page"}],"author":[{"embeddable":true,"href":"https:\/\/www.arca-bus.org\/es\/wp-json\/wp\/v2\/users\/1"}],"replies":[{"embeddable":true,"href":"https:\/\/www.arca-bus.org\/es\/wp-json\/wp\/v2\/comments?post=52"}],"version-history":[{"count":0,"href":"https:\/\/www.arca-bus.org\/es\/wp-json\/wp\/v2\/pages\/52\/revisions"}],"wp:featuredmedia":[{"embeddable":true,"href":"https:\/\/www.arca-bus.org\/es\/wp-json\/wp\/v2\/media\/29"}],"wp:attachment":[{"href":"https:\/\/www.arca-bus.org\/es\/wp-json\/wp\/v2\/media?parent=52"}],"curies":[{"name":"wp","href":"https:\/\/api.w.org\/{rel}","templated":true}]}}