{"id":509,"date":"2023-08-30T21:10:32","date_gmt":"2023-08-30T20:10:32","guid":{"rendered":"https:\/\/www.arca-bus.org\/?page_id=509"},"modified":"2023-08-30T21:57:54","modified_gmt":"2023-08-30T20:57:54","slug":"pegaso-6035-4-noge","status":"publish","type":"page","link":"https:\/\/www.arca-bus.org\/es\/pegaso-6035-4-noge\/","title":{"rendered":"Pegaso 6035\/4 Noge &#8220;Cabrero&#8221; (1976)"},"content":{"rendered":"<div class=\"wp-block-columns is-layout-flex wp-container-core-columns-is-layout-28f84493 wp-block-columns-is-layout-flex\">\n<div class=\"wp-block-column is-layout-flow wp-block-column-is-layout-flow\">\n<h2 class=\"wp-block-heading\">Dades b\u00e0siques<\/h2>\n\n\n\n<ul class=\"wp-block-list\">\n<li><strong>Propietari actual<\/strong>: ARCA.<\/li>\n\n\n\n<li><strong>Propietari original<\/strong>: Empresa Cabrero (Valladolid).<\/li>\n\n\n\n<li><strong>A\u00f1o<\/strong>: 1969.<\/li>\n\n\n\n<li><strong>Matr\u00edcula<\/strong>: VA-8807-D.<\/li>\n\n\n\n<li><strong>Marca<\/strong>: Pegaso.<\/li>\n\n\n\n<li><strong>Model<\/strong>: 6035\/4.<\/li>\n\n\n\n<li><strong>Carrosseria<\/strong>:&nbsp;Noge.<\/li>\n\n\n\n<li><strong>Posada en servei<\/strong>: 1976 (Empresa Cabrero 164).<\/li>\n\n\n\n<li><strong>Finalitzaci\u00f3 del servei<\/strong>: 2002 (Empresa Cabrero 164).<\/li>\n<\/ul>\n<\/div>\n\n\n\n<div class=\"wp-block-column is-layout-flow wp-block-column-is-layout-flow\">\n<figure class=\"wp-block-image size-full\"><img data-recalc-dims=\"1\" loading=\"lazy\" decoding=\"async\" width=\"500\" height=\"359\" src=\"https:\/\/i0.wp.com\/www.arca-bus.org\/wp-content\/uploads\/2023\/08\/Pegaso-60354.jpg?resize=500%2C359&#038;ssl=1\" alt=\"\" class=\"wp-image-539\" srcset=\"https:\/\/i0.wp.com\/www.arca-bus.org\/wp-content\/uploads\/2023\/08\/Pegaso-60354.jpg?w=500&amp;ssl=1 500w, https:\/\/i0.wp.com\/www.arca-bus.org\/wp-content\/uploads\/2023\/08\/Pegaso-60354.jpg?resize=300%2C215&amp;ssl=1 300w\" sizes=\"auto, (max-width: 500px) 100vw, 500px\" \/><figcaption class=\"wp-element-caption\">Part davantera del vehicle.<\/figcaption><\/figure>\n<\/div>\n<\/div>\n\n\n\n<div class=\"wp-block-columns ticss-47831924 is-layout-flex wp-container-core-columns-is-layout-d7d455e7 wp-block-columns-is-layout-flex\" style=\"padding-top:0;padding-right:0;padding-bottom:0;padding-left:0\">\n<div class=\"wp-block-column is-layout-flow wp-block-column-is-layout-flow\">\n<figure class=\"wp-block-image size-full\"><img data-recalc-dims=\"1\" loading=\"lazy\" decoding=\"async\" width=\"1024\" height=\"768\" src=\"https:\/\/i0.wp.com\/www.arca-bus.org\/wp-content\/uploads\/2023\/08\/arca_A2_darrportes_gran.jpg?resize=1024%2C768&#038;ssl=1\" alt=\"\" class=\"wp-image-541\" srcset=\"https:\/\/i0.wp.com\/www.arca-bus.org\/wp-content\/uploads\/2023\/08\/arca_A2_darrportes_gran.jpg?w=1024&amp;ssl=1 1024w, https:\/\/i0.wp.com\/www.arca-bus.org\/wp-content\/uploads\/2023\/08\/arca_A2_darrportes_gran.jpg?resize=300%2C225&amp;ssl=1 300w, https:\/\/i0.wp.com\/www.arca-bus.org\/wp-content\/uploads\/2023\/08\/arca_A2_darrportes_gran.jpg?resize=768%2C576&amp;ssl=1 768w\" sizes=\"auto, (max-width: 1000px) 100vw, 1000px\" \/><figcaption class=\"wp-element-caption\">Part de darrere del vehicle<\/figcaption><\/figure>\n<\/div>\n\n\n\n<div class=\"wp-block-column is-layout-flow wp-block-column-is-layout-flow\">\n<h2 class=\"wp-block-heading\">Introducci\u00f3<\/h2>\n\n\n\n<p>El Pegaso 6035\/4 procedent de l&#8217;Empresa Cabrero, de Valladolid, va ser un dels primers vehicles d&#8217;ARCA.<\/p>\n\n\n\n<p>Degut a ser un vehicle apropiat per transportar gran quantitat de passatgers, va estar principalment assignat al servei de treballadors de l&#8217;empresa FASA-Renault que unia Valladolid amb les diferents factories.<\/p>\n<\/div>\n<\/div>\n\n\n\n<div class=\"wp-block-columns is-layout-flex wp-container-core-columns-is-layout-28f84493 wp-block-columns-is-layout-flex\">\n<div class=\"wp-block-column is-layout-flow wp-block-column-is-layout-flow\">\n<h2 class=\"wp-block-heading\">Estat del vehicle<\/h2>\n\n\n\n<p>Actualment aquest vehicle es troba en proc\u00e9s de restauraci\u00f3 amb l&#8217;objectiu de deixar-lo en les millors condicions per tal que torni a estar operatiu i pugui circular amb normalitat.<\/p>\n\n\n\n<p>\u00c9s per aix\u00f2 que actualment el Pegaso 6035\/4 es troba inactiu.<\/p>\n<\/div>\n\n\n\n<div class=\"wp-block-column is-layout-flow wp-block-column-is-layout-flow\">\n<figure class=\"wp-block-image size-full\"><img data-recalc-dims=\"1\" loading=\"lazy\" decoding=\"async\" width=\"1024\" height=\"680\" src=\"https:\/\/i0.wp.com\/www.arca-bus.org\/wp-content\/uploads\/2023\/08\/ARCA_A2_A_gran.jpg?resize=1024%2C680&#038;ssl=1\" alt=\"\" class=\"wp-image-542\" srcset=\"https:\/\/i0.wp.com\/www.arca-bus.org\/wp-content\/uploads\/2023\/08\/ARCA_A2_A_gran.jpg?w=1024&amp;ssl=1 1024w, https:\/\/i0.wp.com\/www.arca-bus.org\/wp-content\/uploads\/2023\/08\/ARCA_A2_A_gran.jpg?resize=300%2C199&amp;ssl=1 300w, https:\/\/i0.wp.com\/www.arca-bus.org\/wp-content\/uploads\/2023\/08\/ARCA_A2_A_gran.jpg?resize=768%2C510&amp;ssl=1 768w\" sizes=\"auto, (max-width: 1000px) 100vw, 1000px\" \/><figcaption class=\"wp-element-caption\">Estat del vehicle abans de comen\u00e7ar el proc\u00e9s de restauraci\u00f3.<\/figcaption><\/figure>\n<\/div>\n<\/div>\n\n\n\n<div class=\"wp-block-columns is-layout-flex wp-container-core-columns-is-layout-28f84493 wp-block-columns-is-layout-flex\">\n<div class=\"wp-block-column is-layout-flow wp-block-column-is-layout-flow\">\n<h2 class=\"wp-block-heading\">Hist\u00f2ria<\/h2>\n\n\n\n<p>L&#8217;autob\u00fas preservat per ARCA va pert\u00e0nyer a una empresa d&#8217;autobusos vallisoletana, Empresa Cabrero, S.A., la qual tenia diferents serveis interurbans i discrecionals. Un d&#8217;aquests serveis era el que feia el transport de treballadors des de Valladolid ciutat fins les factories de FASA-Renault; circulant nom\u00e9s durant les hores d&#8217;entrada i sortida dels torns fabrils.<\/p>\n\n\n\n<p>Els Pegaso 6035\/4, conjuntament amb els Barreiros 6000, van ser assignats sempre a aquests serveis, ja que eren els vehicles m\u00e9s apropiats per transportar grans quantitats de passatgers en un espai de temps molt concentrat.<\/p>\n\n\n\n<p>La seva assignaci\u00f3 va durar des de 1976 fins l&#8217;any 2002, quan un total de 65 vehicles de l&#8217;empresa van ser substitu\u00efts per nous i tots ells van anar a parar a un compra-venda de vehicles de Valladolid on, fins l&#8217;any 2008 quan serien desballestats, encara es trobaven els n\u00fameros 134, 139 i 166.<\/p>\n\n\n\n<p>L&#8217;any 2005 l&#8217;associaci\u00f3 ARCA va adquirir la unitat 164 amb la finalitat de preservar-lo per\u00f2 no va poder arribar a terres catalanes fins el 28 d&#8217;abril de 2006.<\/p>\n\n\n\n<h2 class=\"wp-block-heading\">Dades t\u00e8cniques<\/h2>\n\n\n\n<ul class=\"wp-block-list\">\n<li><strong>Xass\u00eds<\/strong>: Pegaso 6035\/4.<\/li>\n\n\n\n<li><strong>Motor<\/strong>: Pegaso 9101.<\/li>\n\n\n\n<li><strong>Carrosser<\/strong>: Noge.<\/li>\n\n\n\n<li><strong>Posada en servei<\/strong>: 1976.<\/li>\n\n\n\n<li><strong>Places<\/strong>: 25 + cond + cobr.<\/li>\n\n\n\n<li><strong>Matr\u00edcula<\/strong>: VA-8807-D.<\/li>\n<\/ul>\n<\/div>\n<\/div>\n\n\n\n<div class=\"wp-block-columns is-layout-flex wp-container-core-columns-is-layout-28f84493 wp-block-columns-is-layout-flex\">\n<div class=\"wp-block-column is-layout-flow wp-block-column-is-layout-flow\">\n<h2 class=\"wp-block-heading\">Galeria d&#8217;imatges<\/h2>\n\n\n<style>      div.simple-google-photos-grid {\n        width:100%;\n        height:100%;\n        overflow:hidden;\n      }\n      div.simple-google-photos-grid-cell {\n        box-sizing:border-box;\n        padding:5px;\n        float:left;\n      }\n      img.simple-google-photos-grid-image {\n        object-fit: cover;\n      }<\/style><div class=\"simple-google-photos-grid\"><div class=\"simple-google-photos-grid-cell\" style=\"width:100%\"><a href=\"https:\/\/photos.app.goo.gl\/kaRh8ixEW4SFo18y8\" target=\"_blank\"><img decoding=\"async\" src=\"https:\/\/lh3.googleusercontent.com\/pw\/AP1GczNdE1WQixRIU7O1kyDE-f38VONoLEvwoYcDXUXO3x4fAKvUU1n3yjsOKyLGOvHjwPynYk8QpTnWADZBZgKTE9VXP1GIrdcVCrrntuRebOYvJncdD6w\" alt=\"Google Photo\" class=\"simple-google-photos-grid-image\"><\/a><\/div><div class=\"simple-google-photos-grid-cell\" style=\"width:100%\"><a href=\"https:\/\/photos.app.goo.gl\/kaRh8ixEW4SFo18y8\" target=\"_blank\"><img decoding=\"async\" src=\"https:\/\/lh3.googleusercontent.com\/pw\/AP1GczNdE1WQixRIU7O1kyDE-f38VONoLEvwoYcDXUXO3x4fAKvUU1n3yjsOKyLGOvHjwPynYk8QpTnWADZBZgKTE9VXP1GIrdcVCrrntuRebOYvJncdD6w\" alt=\"Google Photo\" class=\"simple-google-photos-grid-image\"><\/a><\/div><div class=\"simple-google-photos-grid-cell\" style=\"width:100%\"><a href=\"https:\/\/photos.app.goo.gl\/kaRh8ixEW4SFo18y8\" target=\"_blank\"><img decoding=\"async\" src=\"https:\/\/lh3.googleusercontent.com\/pw\/AP1GczMS2Rik79BAUxvEKC8K4jQqGHxpPeSxZJcPylg4wtKdPXI0rBSOqDdLtfqe5tdIV5wmlqIp7bj7LzmnGtU_ggZNgZEnMOK8FKEpMvU6-0BBxxmOo8o\" alt=\"Google Photo\" class=\"simple-google-photos-grid-image\"><\/a><\/div><div class=\"simple-google-photos-grid-cell\" style=\"width:100%\"><a href=\"https:\/\/photos.app.goo.gl\/kaRh8ixEW4SFo18y8\" target=\"_blank\"><img decoding=\"async\" src=\"https:\/\/lh3.googleusercontent.com\/pw\/AP1GczNG_oj93MdBzWtZHkvhKuuyC6ileAp0BhMu2Z4Woz4jiRyZApFqCEWsCBFFvdlE6B6OSNkobZtQ0e_yPQ-9j7x6OI6JUhAglQuSboGvkQHjQNY4Et0\" alt=\"Google Photo\" class=\"simple-google-photos-grid-image\"><\/a><\/div><div class=\"simple-google-photos-grid-cell\" style=\"width:100%\"><a href=\"https:\/\/photos.app.goo.gl\/kaRh8ixEW4SFo18y8\" target=\"_blank\"><img decoding=\"async\" src=\"https:\/\/lh3.googleusercontent.com\/pw\/AP1GczMAK6Y-nzyi-Rif2SC5AQU5G9YEtjE5s57xfXDsAr12t3ozvQuR0ZLjSdYLiBKnEidAaDyIYWqDN0xZEr9zQbWXgswtQDCkpVH41YrN3yEIv39p5Ec\" alt=\"Google Photo\" class=\"simple-google-photos-grid-image\"><\/a><\/div><\/div><script data-jetpack-boost=\"ignore\">      (function() {\n        if( window.jQuery ){\n          jQuery( document ).ready(function() {\n            jQuery(\"div.simple-google-photos-grid\").each(function(i){\n              var container = jQuery(this);\n              var width = container.find(\"div.simple-google-photos-grid-cell\").first().width();\n              container.find(\"img.simple-google-photos-grid-image\").css(\"width\", width).css(\"height\", width);\n            });\n          });\n        }\n      })();<\/script>\n<\/div>\n<\/div>","protected":false},"excerpt":{"rendered":"<p>Dades b\u00e0siques Introducci\u00f3 El Pegaso 6035\/4 procedent de l&#8217;Empresa Cabrero, de Valladolid, va ser un dels primers vehicles d&#8217;ARCA. Degut a ser un vehicle apropiat per transportar gran quantitat de passatgers, va estar principalment assignat al servei de treballadors de l&#8217;empresa FASA-Renault que unia Valladolid amb les diferents factories. Estat del vehicle Actualment aquest vehicle [&hellip;]<\/p>","protected":false},"author":1,"featured_media":539,"parent":0,"menu_order":0,"comment_status":"closed","ping_status":"closed","template":"","meta":{"_themeisle_gutenberg_block_has_review":false,"footnotes":""},"class_list":["post-509","page","type-page","status-publish","has-post-thumbnail","hentry"],"_links":{"self":[{"href":"https:\/\/www.arca-bus.org\/es\/wp-json\/wp\/v2\/pages\/509","targetHints":{"allow":["GET"]}}],"collection":[{"href":"https:\/\/www.arca-bus.org\/es\/wp-json\/wp\/v2\/pages"}],"about":[{"href":"https:\/\/www.arca-bus.org\/es\/wp-json\/wp\/v2\/types\/page"}],"author":[{"embeddable":true,"href":"https:\/\/www.arca-bus.org\/es\/wp-json\/wp\/v2\/users\/1"}],"replies":[{"embeddable":true,"href":"https:\/\/www.arca-bus.org\/es\/wp-json\/wp\/v2\/comments?post=509"}],"version-history":[{"count":0,"href":"https:\/\/www.arca-bus.org\/es\/wp-json\/wp\/v2\/pages\/509\/revisions"}],"wp:featuredmedia":[{"embeddable":true,"href":"https:\/\/www.arca-bus.org\/es\/wp-json\/wp\/v2\/media\/539"}],"wp:attachment":[{"href":"https:\/\/www.arca-bus.org\/es\/wp-json\/wp\/v2\/media?parent=509"}],"curies":[{"name":"wp","href":"https:\/\/api.w.org\/{rel}","templated":true}]}}