{"id":67,"date":"2023-03-02T20:57:27","date_gmt":"2023-03-02T19:57:27","guid":{"rendered":"https:\/\/www.arca-bus.org\/?page_id=67"},"modified":"2023-05-26T12:57:42","modified_gmt":"2023-05-26T11:57:42","slug":"pegaso-5062-a","status":"publish","type":"page","link":"https:\/\/www.arca-bus.org\/ca\/pegaso-5062-a\/","title":{"rendered":"Pegaso 5062\/A &#8220;Tuisa&#8221; (1976)"},"content":{"rendered":"\n<div class=\"wp-block-columns is-layout-flex wp-container-core-columns-is-layout-28f84493 wp-block-columns-is-layout-flex\">\n<div class=\"wp-block-column is-layout-flow wp-block-column-is-layout-flow\">\n<h2 class=\"wp-block-heading\">Dades b\u00e0siques<\/h2>\n\n\n\n<ul class=\"wp-block-list\">\n<li><strong>Propietari actual<\/strong>: ARCA.<\/li>\n\n\n\n<li><strong>Propietari original<\/strong>: Isidre Miquel (servei urb\u00e0 de Sant Feliu de Llobregat).<\/li>\n\n\n\n<li><strong>Any<\/strong>: 1976.<\/li>\n\n\n\n<li><strong>Marca<\/strong>: Pegaso.<\/li>\n\n\n\n<li><strong>Model<\/strong>: 5062-A.<\/li>\n\n\n\n<li><strong>Carrosseria<\/strong>:&nbsp;Unicar U-75.<\/li>\n\n\n\n<li><strong>Calca<\/strong>: no en t\u00e9.<\/li>\n\n\n\n<li><strong>Posada en servei<\/strong>: 1976 (Isidre Miquel)<\/li>\n\n\n\n<li><strong>Finalitzaci\u00f3 del servei<\/strong>: 2007 (TUISA)<\/li>\n<\/ul>\n<\/div>\n\n\n\n<div class=\"wp-block-column is-layout-flow wp-block-column-is-layout-flow\">\n<figure class=\"wp-block-image size-full\"><img data-recalc-dims=\"1\" loading=\"lazy\" decoding=\"async\" width=\"500\" height=\"328\" src=\"https:\/\/i0.wp.com\/www.arca-bus.org\/wp-content\/uploads\/2023\/02\/Pegaso-5062A.jpg?resize=500%2C328&#038;ssl=1\" alt=\"Pegaso 5062\/A\" class=\"wp-image-13\" srcset=\"https:\/\/i0.wp.com\/www.arca-bus.org\/wp-content\/uploads\/2023\/02\/Pegaso-5062A.jpg?w=500&amp;ssl=1 500w, https:\/\/i0.wp.com\/www.arca-bus.org\/wp-content\/uploads\/2023\/02\/Pegaso-5062A.jpg?resize=300%2C197&amp;ssl=1 300w\" sizes=\"auto, (max-width: 500px) 100vw, 500px\" \/><figcaption class=\"wp-element-caption\">Part davantera i lateral costat portes.<\/figcaption><\/figure>\n<\/div>\n<\/div>\n\n\n\n<div class=\"wp-block-columns ticss-47831924 is-layout-flex wp-container-core-columns-is-layout-d7d455e7 wp-block-columns-is-layout-flex\" style=\"padding-top:0;padding-right:0;padding-bottom:0;padding-left:0\">\n<div class=\"wp-block-column is-layout-flow wp-block-column-is-layout-flow\">\n<figure class=\"wp-block-image size-full\"><img data-recalc-dims=\"1\" loading=\"lazy\" decoding=\"async\" width=\"1024\" height=\"680\" src=\"https:\/\/i0.wp.com\/www.arca-bus.org\/wp-content\/uploads\/2023\/03\/ARCA_Tuisa_int_B_gran.jpg?resize=1024%2C680&#038;ssl=1\" alt=\"\" class=\"wp-image-377\" srcset=\"https:\/\/i0.wp.com\/www.arca-bus.org\/wp-content\/uploads\/2023\/03\/ARCA_Tuisa_int_B_gran.jpg?w=1024&amp;ssl=1 1024w, https:\/\/i0.wp.com\/www.arca-bus.org\/wp-content\/uploads\/2023\/03\/ARCA_Tuisa_int_B_gran.jpg?resize=300%2C199&amp;ssl=1 300w, https:\/\/i0.wp.com\/www.arca-bus.org\/wp-content\/uploads\/2023\/03\/ARCA_Tuisa_int_B_gran.jpg?resize=768%2C510&amp;ssl=1 768w\" sizes=\"auto, (max-width: 1000px) 100vw, 1000px\" \/><figcaption class=\"wp-element-caption\">Interior del vehicle<\/figcaption><\/figure>\n<\/div>\n\n\n\n<div class=\"wp-block-column is-layout-flow wp-block-column-is-layout-flow\">\n<h2 class=\"wp-block-heading\">Introducci\u00f3<\/h2>\n\n\n\n<p>El Pegaso 5062\/A \u00e9s un vehicle de 8,7 metres de llargada el xass\u00eds del qual deriva del m\u00edtic cami\u00f3 Pegaso Comet, ra\u00f3 per la qual aquest autob\u00fas t\u00e9 el pis tan alt.<\/p>\n\n\n\n<p>Amb una capacitat per a 20 persones assegudes, les seves redu\u00efdes dimensions i, alhora, la seva gran capacitat, sumades a la seva fiabilitat, han perm\u00e8s que aquest vehicle hagi prestat servei molts anys.<\/p>\n<\/div>\n<\/div>\n\n\n\n<div class=\"wp-block-columns is-layout-flex wp-container-core-columns-is-layout-28f84493 wp-block-columns-is-layout-flex\">\n<div class=\"wp-block-column is-layout-flow wp-block-column-is-layout-flow\">\n<h2 class=\"wp-block-heading\">Estat del vehicle<\/h2>\n\n\n\n<p>Aquest vehicle va passar a mans d&#8217;ARCA l&#8217;any 2007, i des de llavors no ha requerit d&#8217;un gran manteniment m\u00e9s enll\u00e0 d&#8217;all\u00f2 rutinari, ja que el vehicle es troba, avui dia, en perfectes condicions malgrat la seva edat.<\/p>\n\n\n\n<p>Avui dia es troba en estat de marxa i participa habitualment a les activitats que realitza ARCA.<\/p>\n<\/div>\n\n\n\n<div class=\"wp-block-column is-layout-flow wp-block-column-is-layout-flow\">\n<figure class=\"wp-block-image size-full\"><img data-recalc-dims=\"1\" loading=\"lazy\" decoding=\"async\" width=\"2560\" height=\"1920\" src=\"https:\/\/i0.wp.com\/www.arca-bus.org\/wp-content\/uploads\/2023\/03\/p-c-070904_treballs_tuisa_2_-scaled.jpg?resize=2560%2C1920&#038;ssl=1\" alt=\"\" class=\"wp-image-378\" srcset=\"https:\/\/i0.wp.com\/www.arca-bus.org\/wp-content\/uploads\/2023\/03\/p-c-070904_treballs_tuisa_2_-scaled.jpg?w=2560&amp;ssl=1 2560w, https:\/\/i0.wp.com\/www.arca-bus.org\/wp-content\/uploads\/2023\/03\/p-c-070904_treballs_tuisa_2_-scaled.jpg?resize=300%2C225&amp;ssl=1 300w, https:\/\/i0.wp.com\/www.arca-bus.org\/wp-content\/uploads\/2023\/03\/p-c-070904_treballs_tuisa_2_-scaled.jpg?resize=1024%2C768&amp;ssl=1 1024w, https:\/\/i0.wp.com\/www.arca-bus.org\/wp-content\/uploads\/2023\/03\/p-c-070904_treballs_tuisa_2_-scaled.jpg?resize=768%2C576&amp;ssl=1 768w, https:\/\/i0.wp.com\/www.arca-bus.org\/wp-content\/uploads\/2023\/03\/p-c-070904_treballs_tuisa_2_-scaled.jpg?resize=1536%2C1152&amp;ssl=1 1536w, https:\/\/i0.wp.com\/www.arca-bus.org\/wp-content\/uploads\/2023\/03\/p-c-070904_treballs_tuisa_2_-scaled.jpg?resize=2048%2C1536&amp;ssl=1 2048w\" sizes=\"auto, (max-width: 1000px) 100vw, 1000px\" \/><figcaption class=\"wp-element-caption\">Part posterior i lateral costat &#8220;no portes&#8221;<\/figcaption><\/figure>\n<\/div>\n<\/div>\n\n\n\n<div class=\"wp-block-columns is-layout-flex wp-container-core-columns-is-layout-28f84493 wp-block-columns-is-layout-flex\">\n<div class=\"wp-block-column is-layout-flow wp-block-column-is-layout-flow\">\n<h2 class=\"wp-block-heading\">Hist\u00f2ria<\/h2>\n\n\n\n<p>La hist\u00f2ria d\u2019aquest vehicle comen\u00e7a l\u2019any 1976 quan s\u2019inaugura el primer servei urb\u00e0 de Sant Feliu de Llobregat operat pel senyor Isidre Miquel Mil\u00e0. Els vehicles utilitzats en aquest servei van ser dos Pegaso 5062\/A amb carrosseria Unicar U75 matriculats B-3030-BK i B-3039-BK. L\u2019any 1980 \u00e9s substitueixen els dos&nbsp;<em>Comet<\/em>&nbsp;per un microb\u00fas Sava 5701 que s\u2019adapten millor al trajecte.<\/p>\n\n\n\n<p>Durant l\u2019any 1980 s\u2019incorporen a la flota de la recentment creada TUISA (Transports Urbans d\u2019Igualada, S.A.) els dos Pegaso 5062\/A procedents de Sant Feliu. L\u2019any 1993 es reforma el seu interior substituint els seients dobles encoixinats per seients urbans Vera de Bidasoa disminuint les places assegudes (pasa de 35 a 20) i augmentat les places d\u2019empeus.<\/p>\n\n\n\n<p>La gran capacitat d\u2019aquests vehicles i l\u2019alt grau de fiabilitat han fet que hagin estat en servei for\u00e7a temps. L\u2019autob\u00fas B-3039-BK va ser donat de baixa l\u2019any 2004 i el B-3030-BK va estar en servei regular fins al 2005 quan va passar a ser vehicle de reserva.<\/p>\n\n\n\n<p>Aquest autob\u00fas est\u00e0 carrossat sobre el bastidor Pegaso 5062\/A derivat del popular cami\u00f3 Pegaso Comet. Disposa d\u2019un motor de 6 cilindres i 125 cavalls que s\u2019acopla a una caixa de canvis manual de 6 velocitats. La carrosseria Unicar U75 li d\u00f3na una gran capacitat de viatgers.<\/p>\n\n\n\n<p>Veient l\u2019excel.lent conservaci\u00f3 del B-3030-BK, l\u2019associaci\u00f3 ARCA va fer les gestions corresponents per a preservar el vehicle. Es destacable la col.laboraci\u00f3 de l\u2019empresa TUISA en tot moment. Aix\u00ed doncs, el dia 3 de setembre de 2007 es trasllada l\u2019autob\u00fas desde Igualada a la UAB per a la seva estrena en el Ral.lib\u00fas de Sabadell.<\/p>\n\n\n\n<h2 class=\"wp-block-heading\">Dades t\u00e8cniques<\/h2>\n\n\n\n<ul class=\"wp-block-list\">\n<li><strong>Xass\u00eds<\/strong>: Pegaso 5062\/A.<\/li>\n\n\n\n<li><strong>Motor<\/strong>: Pegaso 9025 (125 CV).<\/li>\n\n\n\n<li><strong>Carrosser<\/strong>: Unicar, model U-7.<\/li>\n\n\n\n<li><strong>Posada en servei<\/strong>: 1976.<\/li>\n\n\n\n<li><strong>Places<\/strong>: 20 + conductor.<\/li>\n\n\n\n<li><strong>Matr\u00edcula<\/strong>: B-3030-BK.<\/li>\n<\/ul>\n<\/div>\n<\/div>\n\n\n\n<div class=\"wp-block-columns is-layout-flex wp-container-core-columns-is-layout-28f84493 wp-block-columns-is-layout-flex\">\n<div class=\"wp-block-column is-layout-flow wp-block-column-is-layout-flow\">\n<h2 class=\"wp-block-heading\">Galeria d&#8217;imatges<\/h2>\n\n\n<style>      div.simple-google-photos-grid {\n        width:100%;\n        height:100%;\n        overflow:hidden;\n      }\n      div.simple-google-photos-grid-cell {\n        box-sizing:border-box;\n        padding:5px;\n        float:left;\n      }\n      img.simple-google-photos-grid-image {\n        object-fit: cover;\n      }<\/style><div class=\"simple-google-photos-grid\"><div class=\"simple-google-photos-grid-cell\" style=\"width:100%\"><a href=\"https:\/\/photos.app.goo.gl\/kTA6kiqnGjXx3e5D9\" target=\"_blank\"><img decoding=\"async\" src=\"https:\/\/lh3.googleusercontent.com\/pw\/AP1GczNzfWZeEhaXBX22UP91vtxGrrnT3jRwszT0des8ivnbAHIq22U0eb7G6qpnyb5BS2GS_yIbaV3jkEWCh0UlVo8zVvDxtTiDREw7zU1ng6hiCFcq5ro\" alt=\"Google Photo\" class=\"simple-google-photos-grid-image\"><\/a><\/div><div class=\"simple-google-photos-grid-cell\" style=\"width:100%\"><a href=\"https:\/\/photos.app.goo.gl\/kTA6kiqnGjXx3e5D9\" target=\"_blank\"><img decoding=\"async\" src=\"https:\/\/lh3.googleusercontent.com\/pw\/AP1GczOTuiVAkbsFuNMMai3mnEgf6SZOJ5wVR7cPCjOI_MTBungXX5_7LkM_jjf8IbAZWeuXKqG_Si_HkdDDAGvinx08IgH5UWPHYGPg4bbSv8hkNemVxZQ\" alt=\"Google Photo\" class=\"simple-google-photos-grid-image\"><\/a><\/div><div class=\"simple-google-photos-grid-cell\" style=\"width:100%\"><a href=\"https:\/\/photos.app.goo.gl\/kTA6kiqnGjXx3e5D9\" target=\"_blank\"><img decoding=\"async\" src=\"https:\/\/lh3.googleusercontent.com\/pw\/AP1GczOCYhKamAAAyIoRRJwlBCy7Ml-tHOgN0X2rbQ2WDyqeIEf1P9-rO0QK-vaKinYsWct6KtNzhhPdt-o2VcmRxJ2O3F2qjAGCjTCRVEWokk-hlNkp6nA\" alt=\"Google Photo\" class=\"simple-google-photos-grid-image\"><\/a><\/div><div class=\"simple-google-photos-grid-cell\" style=\"width:100%\"><a href=\"https:\/\/photos.app.goo.gl\/kTA6kiqnGjXx3e5D9\" target=\"_blank\"><img decoding=\"async\" src=\"https:\/\/lh3.googleusercontent.com\/pw\/AP1GczPZ0HDtjo0SrEiXd5QIpd6sbeFVI_lDYDI9b5YzrrFhrXEMwqGsUvYu-x07VSoPopiAJmrMJ3I003bMS1YPZ9i7wjysHljecpoRwv_kEJTj01_yrpU\" alt=\"Google Photo\" class=\"simple-google-photos-grid-image\"><\/a><\/div><div class=\"simple-google-photos-grid-cell\" style=\"width:100%\"><a href=\"https:\/\/photos.app.goo.gl\/kTA6kiqnGjXx3e5D9\" target=\"_blank\"><img decoding=\"async\" src=\"https:\/\/lh3.googleusercontent.com\/pw\/AP1GczNzXD-MRql0fFEsRks8S5P8Bvhq02txaIFiT_D4b9ELMXiNgLhQ5WCH3sNa6b2wzPkll24B-cOgEk2pbOn9_vEbiNR3d6xcaHUWugUvqlnL98KVtNQ\" alt=\"Google Photo\" class=\"simple-google-photos-grid-image\"><\/a><\/div><div class=\"simple-google-photos-grid-cell\" style=\"width:100%\"><a href=\"https:\/\/photos.app.goo.gl\/kTA6kiqnGjXx3e5D9\" target=\"_blank\"><img decoding=\"async\" src=\"https:\/\/lh3.googleusercontent.com\/pw\/AP1GczMGk3xpGbka0VirwiWa01f-s29pgF3yif9HL83opMIDN7HO3DDkZegtvxfmGLQ7Qh424FpAhhmQSmScepIyqYhe_NyJikIrO72ALJtUBk-BHWegtXs\" alt=\"Google Photo\" class=\"simple-google-photos-grid-image\"><\/a><\/div><div class=\"simple-google-photos-grid-cell\" style=\"width:100%\"><a href=\"https:\/\/photos.app.goo.gl\/kTA6kiqnGjXx3e5D9\" target=\"_blank\"><img decoding=\"async\" src=\"https:\/\/lh3.googleusercontent.com\/pw\/AP1GczMZ9WPJ380yP-SH9tNWbDdHrZ7e48epd7qESgKZmwzlKYajR9QP1NdPTL2YInR3dPVAcyEA9Pm24biHALaLWDUZCknbp3UfMby_9mEbTsL2jHj3cBQ\" alt=\"Google Photo\" class=\"simple-google-photos-grid-image\"><\/a><\/div><div class=\"simple-google-photos-grid-cell\" style=\"width:100%\"><a href=\"https:\/\/photos.app.goo.gl\/kTA6kiqnGjXx3e5D9\" target=\"_blank\"><img decoding=\"async\" src=\"https:\/\/lh3.googleusercontent.com\/pw\/AP1GczOY_ZQ_QtMr0LJK6fO0G3UDHeFMqg9b758-_OCj1o9qy7Bmanp7eNYbc9B1o9uwXwivvLXqtdDFmdglpchdGDKINNfFlNGYfX7ZftC52VsCkJCaKiM\" alt=\"Google Photo\" class=\"simple-google-photos-grid-image\"><\/a><\/div><div class=\"simple-google-photos-grid-cell\" style=\"width:100%\"><a href=\"https:\/\/photos.app.goo.gl\/kTA6kiqnGjXx3e5D9\" target=\"_blank\"><img decoding=\"async\" src=\"https:\/\/lh3.googleusercontent.com\/pw\/AP1GczOD-rInS6cxygY4XO4Lho3WEcqepUAZqnj0f3oMusYmnc_N_VLwoTUyoJ13qs_NmhxW3Qf9D2VvBR5BXDzfL-iBCRd17hzkBKVr8uE5PoxM6HvA0UM\" alt=\"Google Photo\" class=\"simple-google-photos-grid-image\"><\/a><\/div><div class=\"simple-google-photos-grid-cell\" style=\"width:100%\"><a href=\"https:\/\/photos.app.goo.gl\/kTA6kiqnGjXx3e5D9\" target=\"_blank\"><img decoding=\"async\" src=\"https:\/\/lh3.googleusercontent.com\/pw\/AP1GczNY9Eh0_aRK1CI0Q6_WbmUlywxuOtrSbzqypmPY5XUxc6QaOB_S4iGzojtwl8kuRrVxzVFCGH7UcYSdzF_GX6SpJsCI2pCaY5a5wwiru_vz8uVWQF0\" alt=\"Google Photo\" class=\"simple-google-photos-grid-image\"><\/a><\/div><div class=\"simple-google-photos-grid-cell\" style=\"width:100%\"><a href=\"https:\/\/photos.app.goo.gl\/kTA6kiqnGjXx3e5D9\" target=\"_blank\"><img decoding=\"async\" src=\"https:\/\/lh3.googleusercontent.com\/pw\/AP1GczOtGipQO4vMLnRNIhSHj4whkEpY9U9B8YFqHTHeYkYVigUd2SgQBP0EzTP4AACtMulw9NXgWACHQQmkflNHXXtRMZs0NoXi7oqmlDDDY0wATiXrFbQ\" alt=\"Google Photo\" class=\"simple-google-photos-grid-image\"><\/a><\/div><div class=\"simple-google-photos-grid-cell\" style=\"width:100%\"><a href=\"https:\/\/photos.app.goo.gl\/kTA6kiqnGjXx3e5D9\" target=\"_blank\"><img decoding=\"async\" src=\"https:\/\/lh3.googleusercontent.com\/pw\/AP1GczN62OieaUpbjA1BPaBQaltn6QiPC3GMtKUL0BxYJmoFj-PoRjIt6ydrLeY8fU_D9ifd29jXov4bOnPhXqwvWyRMGji2tzc_9WbQt4pzXOj1UssCVe8\" alt=\"Google Photo\" class=\"simple-google-photos-grid-image\"><\/a><\/div><div class=\"simple-google-photos-grid-cell\" style=\"width:100%\"><a href=\"https:\/\/photos.app.goo.gl\/kTA6kiqnGjXx3e5D9\" target=\"_blank\"><img decoding=\"async\" src=\"https:\/\/lh3.googleusercontent.com\/pw\/AP1GczPmkyrHvZqoZ9BlOrPmMJryrfBLgzX89URJ_UV88Hk19ZGbgV29ESLSoBJ9GiWzpDPJpnGiplhbKDkP-YaltEZcO4Zs4VA8ePOOko3yjszmouB3gw0\" alt=\"Google Photo\" class=\"simple-google-photos-grid-image\"><\/a><\/div><div class=\"simple-google-photos-grid-cell\" style=\"width:100%\"><a href=\"https:\/\/photos.app.goo.gl\/kTA6kiqnGjXx3e5D9\" target=\"_blank\"><img decoding=\"async\" src=\"https:\/\/lh3.googleusercontent.com\/pw\/AP1GczOiCpatAkVqdG1r9EgJrPW077F5MqP74Qs8xsHT_Acr1jL2M0Tt1azcuMSDjhOH0I0eEyRZExFCXBugyHzZ_TqkLvwSa_Cau3hAU6BrjIRcw_Jfc4g\" alt=\"Google Photo\" class=\"simple-google-photos-grid-image\"><\/a><\/div><div class=\"simple-google-photos-grid-cell\" style=\"width:100%\"><a href=\"https:\/\/photos.app.goo.gl\/kTA6kiqnGjXx3e5D9\" target=\"_blank\"><img decoding=\"async\" src=\"https:\/\/lh3.googleusercontent.com\/pw\/AP1GczMErVuIgHytSd0IgBExus-o5ZX_WBwMIMnV3ZpmjGTvlQQIgz4jKIsmMcHw2t3IEHlOa8UVay6Cqib2h8f9fbRIILYxrxCueTLFtYvdR2eRthg30a8\" alt=\"Google Photo\" class=\"simple-google-photos-grid-image\"><\/a><\/div><div class=\"simple-google-photos-grid-cell\" style=\"width:100%\"><a href=\"https:\/\/photos.app.goo.gl\/kTA6kiqnGjXx3e5D9\" target=\"_blank\"><img decoding=\"async\" src=\"https:\/\/lh3.googleusercontent.com\/pw\/AP1GczOYEOa_BdNUZUuS7AcTry8u7D5dBa259Aaij49ibxeAPY6GnzQwP7pifJVuDXPb1OByGQL82vsqePsBVcYNrZ7BbD2N_jX8BEMTplcsv4H3iUjtw9s\" alt=\"Google Photo\" class=\"simple-google-photos-grid-image\"><\/a><\/div><div class=\"simple-google-photos-grid-cell\" style=\"width:100%\"><a href=\"https:\/\/photos.app.goo.gl\/kTA6kiqnGjXx3e5D9\" target=\"_blank\"><img decoding=\"async\" src=\"https:\/\/lh3.googleusercontent.com\/pw\/AP1GczNUHOXzDfmFwKHK1K8hQE1hcUP4SP9plkHBQfldY8CleSrj4N17-SeVmw--r7dz2i5lUlPi4yT-nLdxgzXC-nz8muzO8voPEQW6f6fv3xAlm52iGIE\" alt=\"Google Photo\" class=\"simple-google-photos-grid-image\"><\/a><\/div><div class=\"simple-google-photos-grid-cell\" style=\"width:100%\"><a href=\"https:\/\/photos.app.goo.gl\/kTA6kiqnGjXx3e5D9\" target=\"_blank\"><img decoding=\"async\" src=\"https:\/\/lh3.googleusercontent.com\/pw\/AP1GczPa2VVZMybOSuCiDFQUis2ZXSx2fShZ6ngVjoz0J8sR7Atg7vJSimHT4ePIqCHZ1OnHUTzbDWoIL35lQ9NzIjdV-NbwAI4r2ruvIKCSjgr2Ppzwbkg\" alt=\"Google Photo\" class=\"simple-google-photos-grid-image\"><\/a><\/div><div class=\"simple-google-photos-grid-cell\" style=\"width:100%\"><a href=\"https:\/\/photos.app.goo.gl\/kTA6kiqnGjXx3e5D9\" target=\"_blank\"><img decoding=\"async\" src=\"https:\/\/lh3.googleusercontent.com\/pw\/AP1GczNps5ozznoIjs_rUKxJacO154JxC1fqEFMNysjrRNqQhNGbLu9Wl5DTIjeys5AMkjsIRcueoPpIW04_mmb42xYp-bGtqAwsuIiR5PmQdn0RB-Ayl1c\" alt=\"Google Photo\" class=\"simple-google-photos-grid-image\"><\/a><\/div><div class=\"simple-google-photos-grid-cell\" style=\"width:100%\"><a href=\"https:\/\/photos.app.goo.gl\/kTA6kiqnGjXx3e5D9\" target=\"_blank\"><img decoding=\"async\" src=\"https:\/\/lh3.googleusercontent.com\/pw\/AP1GczPHPBuVxSfXM1irU4SHgYseIFGj3HGjLeHqhIxe9vqHsSOpEViExssR5xEiwnwO8P1K7rx0UmupA1OqksVoXo97W1ZBFXip1UuZmyshHvl7dfgXJZc\" alt=\"Google Photo\" class=\"simple-google-photos-grid-image\"><\/a><\/div><div class=\"simple-google-photos-grid-cell\" style=\"width:100%\"><a href=\"https:\/\/photos.app.goo.gl\/kTA6kiqnGjXx3e5D9\" target=\"_blank\"><img decoding=\"async\" src=\"https:\/\/lh3.googleusercontent.com\/pw\/AP1GczNtipTh7aa89XZyHTrAEcbga6znmyA9WvwccTrnhEt-UE15ZLOazXCMq_Kr0LKRpntCvOaKpjAB3lkb55lcq4UW-k2w_aPeN2k5kyg2DfifjUh3qqc\" alt=\"Google Photo\" class=\"simple-google-photos-grid-image\"><\/a><\/div><div class=\"simple-google-photos-grid-cell\" style=\"width:100%\"><a href=\"https:\/\/photos.app.goo.gl\/kTA6kiqnGjXx3e5D9\" target=\"_blank\"><img decoding=\"async\" src=\"https:\/\/lh3.googleusercontent.com\/pw\/AP1GczNdfVdw4WI_3hTuvuctIkHKBPn__2eZJZo--HZVVb6wKRAH4ZXIPpeB0ChTTblFmfCHaJO3e5tbWuZT85nVElUHYVauFioyqOu5n3pvxvwctPjBceI\" alt=\"Google Photo\" class=\"simple-google-photos-grid-image\"><\/a><\/div><div class=\"simple-google-photos-grid-cell\" style=\"width:100%\"><a href=\"https:\/\/photos.app.goo.gl\/kTA6kiqnGjXx3e5D9\" target=\"_blank\"><img decoding=\"async\" src=\"https:\/\/lh3.googleusercontent.com\/pw\/AP1GczNVCfrgce3Gue0BIDXvdm8ASANpqEpuXpwhKxuXdCebgIlUF6NmnAnKJEowzkZV1-d0zUV85iTqATq4aqjTpipSbwPdlMPWn-QaItSgsFsXnhejJ94\" alt=\"Google Photo\" class=\"simple-google-photos-grid-image\"><\/a><\/div><div class=\"simple-google-photos-grid-cell\" style=\"width:100%\"><a href=\"https:\/\/photos.app.goo.gl\/kTA6kiqnGjXx3e5D9\" target=\"_blank\"><img decoding=\"async\" src=\"https:\/\/lh3.googleusercontent.com\/pw\/AP1GczOzeWMUqFk_lF7PKZLfI8gkJN_g_EwEopalXP97Dzen0xs0V0B0MYZYErqGgp1DFzMbJu0oejRcvc4agY1jcBg2pKeyIn-4A0wu3i_W0ZnRyb4C1m4\" alt=\"Google Photo\" class=\"simple-google-photos-grid-image\"><\/a><\/div><div class=\"simple-google-photos-grid-cell\" style=\"width:100%\"><a href=\"https:\/\/photos.app.goo.gl\/kTA6kiqnGjXx3e5D9\" target=\"_blank\"><img decoding=\"async\" src=\"https:\/\/lh3.googleusercontent.com\/pw\/AP1GczNgr1pD4ydtBUe3wU83KYwbjVMkz_9GvV9U5UT0XSNuC2D9p_esgLSiPlYxE4iU70dBNtMSgWkPInKsVR4WtDzd_L15zICqkh5pvRON-Gbb72CqbJY\" alt=\"Google Photo\" class=\"simple-google-photos-grid-image\"><\/a><\/div><div class=\"simple-google-photos-grid-cell\" style=\"width:100%\"><a href=\"https:\/\/photos.app.goo.gl\/kTA6kiqnGjXx3e5D9\" target=\"_blank\"><img decoding=\"async\" src=\"https:\/\/lh3.googleusercontent.com\/pw\/AP1GczOs5ScShyNwlx6fDvF-NCEFLoFKG4hKshbj9hAtBhaBsLempKtUMlRDTxxHUD6BL12JwP4z3jSyEA1nZ_JEOATlYXtqd_s2NQ89WHi-UH3dyufVnYQ\" alt=\"Google Photo\" class=\"simple-google-photos-grid-image\"><\/a><\/div><div class=\"simple-google-photos-grid-cell\" style=\"width:100%\"><a href=\"https:\/\/photos.app.goo.gl\/kTA6kiqnGjXx3e5D9\" target=\"_blank\"><img decoding=\"async\" src=\"https:\/\/lh3.googleusercontent.com\/pw\/AP1GczOriFysXTVof95vX8E8NnmQR9GE3qZEJQnZu2W7lVJQyWm6Ie_02glOOKhRgpDkvHTL2MPXDkTzrzsZUS32eUa7FI1LYY3jqL2gRSoirmfQoAg1PJc\" alt=\"Google Photo\" class=\"simple-google-photos-grid-image\"><\/a><\/div><div class=\"simple-google-photos-grid-cell\" style=\"width:100%\"><a href=\"https:\/\/photos.app.goo.gl\/kTA6kiqnGjXx3e5D9\" target=\"_blank\"><img decoding=\"async\" src=\"https:\/\/lh3.googleusercontent.com\/pw\/AP1GczMhF5j_lkRt0eoHYhhOFwsENQR78Qq8AfBYxcZfUsuILMMMGJVTPB0NZwUKQYFw-9Yrj8TG3-Piqu3RT8oow3cIko-ran90vOBLAITml-48Yt_WvN4\" alt=\"Google Photo\" class=\"simple-google-photos-grid-image\"><\/a><\/div><div class=\"simple-google-photos-grid-cell\" style=\"width:100%\"><a href=\"https:\/\/photos.app.goo.gl\/kTA6kiqnGjXx3e5D9\" target=\"_blank\"><img decoding=\"async\" src=\"https:\/\/lh3.googleusercontent.com\/pw\/AP1GczOFdgxnVsY58oA2fvc4puFdilHv6HyIXCQa7xeEHG4KtcXcFPp3rAPur1s4NtjFZIiOZVMqy04HBejPy4xiwXpNvlhtrIVsj4NnuqlzFiE3sZBqrQo\" alt=\"Google Photo\" class=\"simple-google-photos-grid-image\"><\/a><\/div><div class=\"simple-google-photos-grid-cell\" style=\"width:100%\"><a href=\"https:\/\/photos.app.goo.gl\/kTA6kiqnGjXx3e5D9\" target=\"_blank\"><img decoding=\"async\" src=\"https:\/\/lh3.googleusercontent.com\/pw\/AP1GczMye1RdpZ_uTtIe0gWH209P3ZmwItnND9j_MZtkihAgxwII-LUWMBS0KQFIJj-57NUmwRxWnaGexVHBOCelKzBY5ag3gGxFHMFL5LP7ViS1TKliD8Q\" alt=\"Google Photo\" class=\"simple-google-photos-grid-image\"><\/a><\/div><div class=\"simple-google-photos-grid-cell\" style=\"width:100%\"><a href=\"https:\/\/photos.app.goo.gl\/kTA6kiqnGjXx3e5D9\" target=\"_blank\"><img decoding=\"async\" src=\"https:\/\/lh3.googleusercontent.com\/pw\/AP1GczM9XljOP5UBC7Y1HHFWeRbFGyI-0J2JVxeu1hhMvDT8-7zuiht8gDVeosX_OmlYRmFO5ddcp0OShdLoB__gumOeANyyKIGdGYpa5H4d8purkLhQ_yc\" alt=\"Google Photo\" class=\"simple-google-photos-grid-image\"><\/a><\/div><div class=\"simple-google-photos-grid-cell\" style=\"width:100%\"><a href=\"https:\/\/photos.app.goo.gl\/kTA6kiqnGjXx3e5D9\" target=\"_blank\"><img decoding=\"async\" src=\"https:\/\/lh3.googleusercontent.com\/pw\/AP1GczM1EwQGbjiZS7rxBjKa4sijws3eCIO29Qj6BKiNW8p5RWuDCjeHcQiVplNTHy7RFODP_aKe1Ig4MEMPOmGDHwsYbo8rt5G5TV5v8eWxn0iiMorc6R0\" alt=\"Google Photo\" class=\"simple-google-photos-grid-image\"><\/a><\/div><div class=\"simple-google-photos-grid-cell\" style=\"width:100%\"><a href=\"https:\/\/photos.app.goo.gl\/kTA6kiqnGjXx3e5D9\" target=\"_blank\"><img decoding=\"async\" src=\"https:\/\/lh3.googleusercontent.com\/pw\/AP1GczOoCDIPHKFFjmReIm2KMo7l4JuXreyKfeNtDEWasJZUKcBfr_C_arKTubfYazDxuNCLR-5J-D8TSG_dek_DYa0rgnaIP4rWgzN5nLLtX68czhrIFIw\" alt=\"Google Photo\" class=\"simple-google-photos-grid-image\"><\/a><\/div><\/div><script data-jetpack-boost=\"ignore\">      (function() {\n        if( window.jQuery ){\n          jQuery( document ).ready(function() {\n            jQuery(\"div.simple-google-photos-grid\").each(function(i){\n              var container = jQuery(this);\n              var width = container.find(\"div.simple-google-photos-grid-cell\").first().width();\n              container.find(\"img.simple-google-photos-grid-image\").css(\"width\", width).css(\"height\", width);\n            });\n          });\n        }\n      })();<\/script>\n<\/div>\n<\/div>\n","protected":false},"excerpt":{"rendered":"<p>Dades b\u00e0siques Introducci\u00f3 El Pegaso 5062\/A \u00e9s un vehicle de 8,7 metres de llargada el xass\u00eds del qual deriva del m\u00edtic cami\u00f3 Pegaso Comet, ra\u00f3 per la qual aquest autob\u00fas t\u00e9 el pis tan alt. Amb una capacitat per a 20 persones assegudes, les seves redu\u00efdes dimensions i, alhora, la seva gran capacitat, sumades a [&hellip;]<\/p>\n","protected":false},"author":1,"featured_media":13,"parent":0,"menu_order":0,"comment_status":"closed","ping_status":"closed","template":"","meta":{"_themeisle_gutenberg_block_has_review":false,"footnotes":""},"class_list":["post-67","page","type-page","status-publish","has-post-thumbnail","hentry"],"_links":{"self":[{"href":"https:\/\/www.arca-bus.org\/ca\/wp-json\/wp\/v2\/pages\/67","targetHints":{"allow":["GET"]}}],"collection":[{"href":"https:\/\/www.arca-bus.org\/ca\/wp-json\/wp\/v2\/pages"}],"about":[{"href":"https:\/\/www.arca-bus.org\/ca\/wp-json\/wp\/v2\/types\/page"}],"author":[{"embeddable":true,"href":"https:\/\/www.arca-bus.org\/ca\/wp-json\/wp\/v2\/users\/1"}],"replies":[{"embeddable":true,"href":"https:\/\/www.arca-bus.org\/ca\/wp-json\/wp\/v2\/comments?post=67"}],"version-history":[{"count":6,"href":"https:\/\/www.arca-bus.org\/ca\/wp-json\/wp\/v2\/pages\/67\/revisions"}],"predecessor-version":[{"id":379,"href":"https:\/\/www.arca-bus.org\/ca\/wp-json\/wp\/v2\/pages\/67\/revisions\/379"}],"wp:featuredmedia":[{"embeddable":true,"href":"https:\/\/www.arca-bus.org\/ca\/wp-json\/wp\/v2\/media\/13"}],"wp:attachment":[{"href":"https:\/\/www.arca-bus.org\/ca\/wp-json\/wp\/v2\/media?parent=67"}],"curies":[{"name":"wp","href":"https:\/\/api.w.org\/{rel}","templated":true}]}}