{"id":585,"date":"2023-08-31T16:09:07","date_gmt":"2023-08-31T15:09:07","guid":{"rendered":"https:\/\/www.arca-bus.org\/?page_id=585"},"modified":"2024-10-09T21:18:28","modified_gmt":"2024-10-09T20:18:28","slug":"mercedes-benz-o405n2-1998","status":"publish","type":"page","link":"https:\/\/www.arca-bus.org\/ca\/mercedes-benz-o405n2-1998\/","title":{"rendered":"Mercedes-Benz O405N2 \u201cSOM\u201c (1998)"},"content":{"rendered":"\n<div class=\"wp-block-columns is-layout-flex wp-container-core-columns-is-layout-28f84493 wp-block-columns-is-layout-flex\">\n<div class=\"wp-block-column is-layout-flow wp-block-column-is-layout-flow\">\n<h2 class=\"wp-block-heading\">Dades b\u00e0siques<\/h2>\n\n\n\n<ul class=\"wp-block-list\">\n<li><strong>Propietari actual<\/strong>: ARCA.<\/li>\n\n\n\n<li><strong>Propietari original<\/strong>: Transports Urbans de Sabadell (TUS)<\/li>\n\n\n\n<li><strong>Any<\/strong>: 1998.<\/li>\n\n\n\n<li><strong>Matr\u00edcula<\/strong>: B-5935-US.<\/li>\n\n\n\n<li><strong>Marca<\/strong>: Mercedes-Benz.<\/li>\n\n\n\n<li><strong>Model<\/strong>: O405N2.<\/li>\n\n\n\n<li><strong>Carrosseria<\/strong>:&nbsp;Hispano Carrocera.<\/li>\n\n\n\n<li><strong>Posada en servei<\/strong>: 1998.<\/li>\n\n\n\n<li><strong>Finalitzaci\u00f3 del servei<\/strong>: 2020.<\/li>\n<\/ul>\n<\/div>\n\n\n\n<div class=\"wp-block-column is-layout-flow wp-block-column-is-layout-flow\">\n<figure class=\"wp-block-image size-large\"><img data-recalc-dims=\"1\" loading=\"lazy\" decoding=\"async\" width=\"1024\" height=\"768\" src=\"https:\/\/i0.wp.com\/www.arca-bus.org\/wp-content\/uploads\/2024\/10\/R_IMG_9349.jpg?resize=1024%2C768&#038;ssl=1\" alt=\"\" class=\"wp-image-696\" srcset=\"https:\/\/i0.wp.com\/www.arca-bus.org\/wp-content\/uploads\/2024\/10\/R_IMG_9349-scaled.jpg?resize=1024%2C768&amp;ssl=1 1024w, https:\/\/i0.wp.com\/www.arca-bus.org\/wp-content\/uploads\/2024\/10\/R_IMG_9349-scaled.jpg?resize=300%2C225&amp;ssl=1 300w, https:\/\/i0.wp.com\/www.arca-bus.org\/wp-content\/uploads\/2024\/10\/R_IMG_9349-scaled.jpg?resize=768%2C576&amp;ssl=1 768w, https:\/\/i0.wp.com\/www.arca-bus.org\/wp-content\/uploads\/2024\/10\/R_IMG_9349-scaled.jpg?resize=1536%2C1152&amp;ssl=1 1536w, https:\/\/i0.wp.com\/www.arca-bus.org\/wp-content\/uploads\/2024\/10\/R_IMG_9349-scaled.jpg?resize=2048%2C1536&amp;ssl=1 2048w\" sizes=\"auto, (max-width: 1000px) 100vw, 1000px\" \/><figcaption class=\"wp-element-caption\">Part davantera del vehicle.<\/figcaption><\/figure>\n<\/div>\n<\/div>\n\n\n\n<div class=\"wp-block-columns ticss-47831924 is-layout-flex wp-container-core-columns-is-layout-d7d455e7 wp-block-columns-is-layout-flex\" style=\"padding-top:0;padding-right:0;padding-bottom:0;padding-left:0\">\n<div class=\"wp-block-column is-layout-flow wp-block-column-is-layout-flow\">\n<figure class=\"wp-block-image size-large\"><img data-recalc-dims=\"1\" loading=\"lazy\" decoding=\"async\" width=\"1024\" height=\"576\" src=\"https:\/\/i0.wp.com\/www.arca-bus.org\/wp-content\/uploads\/2023\/08\/IMG-7734.jpg?resize=1024%2C576&#038;ssl=1\" alt=\"\" class=\"wp-image-586\" srcset=\"https:\/\/i0.wp.com\/www.arca-bus.org\/wp-content\/uploads\/2023\/08\/IMG-7734.jpg?resize=1024%2C576&amp;ssl=1 1024w, https:\/\/i0.wp.com\/www.arca-bus.org\/wp-content\/uploads\/2023\/08\/IMG-7734.jpg?resize=300%2C169&amp;ssl=1 300w, https:\/\/i0.wp.com\/www.arca-bus.org\/wp-content\/uploads\/2023\/08\/IMG-7734.jpg?resize=768%2C432&amp;ssl=1 768w, https:\/\/i0.wp.com\/www.arca-bus.org\/wp-content\/uploads\/2023\/08\/IMG-7734.jpg?resize=1536%2C864&amp;ssl=1 1536w, https:\/\/i0.wp.com\/www.arca-bus.org\/wp-content\/uploads\/2023\/08\/IMG-7734.jpg?w=1920&amp;ssl=1 1920w\" sizes=\"auto, (max-width: 1000px) 100vw, 1000px\" \/><figcaption class=\"wp-element-caption\">Pupitre de conducci\u00f3 del Mercedes-Benz O405N2.<\/figcaption><\/figure>\n<\/div>\n\n\n\n<div class=\"wp-block-column is-layout-flow wp-block-column-is-layout-flow\">\n<h2 class=\"wp-block-heading\">Introducci\u00f3<\/h2>\n\n\n\n<div class=\"wp-block-buttons is-layout-flex wp-block-buttons-is-layout-flex\">\n<div class=\"wp-block-button\"><a class=\"wp-block-button__link wp-element-button\" href=\"https:\/\/www.arca-bus.org\/wp-content\/uploads\/2024\/10\/O405_CA_ES_A4.pdf\">Fitxa PDF<\/a><\/div>\n<\/div>\n<\/div>\n<\/div>\n\n\n\n<div class=\"wp-block-columns is-layout-flex wp-container-core-columns-is-layout-28f84493 wp-block-columns-is-layout-flex\">\n<div class=\"wp-block-column is-layout-flow wp-block-column-is-layout-flow\">\n<h2 class=\"wp-block-heading\">Estat del vehicle<\/h2>\n\n\n\n<p>En proc\u00e9s de restauraci\u00f3<\/p>\n<\/div>\n\n\n\n<div class=\"wp-block-column is-layout-flow wp-block-column-is-layout-flow\">\n<figure class=\"wp-block-image size-large\"><img data-recalc-dims=\"1\" loading=\"lazy\" decoding=\"async\" width=\"1024\" height=\"768\" src=\"https:\/\/i0.wp.com\/www.arca-bus.org\/wp-content\/uploads\/2024\/10\/R_IMG_2883.jpg?resize=1024%2C768&#038;ssl=1\" alt=\"\" class=\"wp-image-690\" srcset=\"https:\/\/i0.wp.com\/www.arca-bus.org\/wp-content\/uploads\/2024\/10\/R_IMG_2883-scaled.jpg?resize=1024%2C768&amp;ssl=1 1024w, https:\/\/i0.wp.com\/www.arca-bus.org\/wp-content\/uploads\/2024\/10\/R_IMG_2883-scaled.jpg?resize=300%2C225&amp;ssl=1 300w, https:\/\/i0.wp.com\/www.arca-bus.org\/wp-content\/uploads\/2024\/10\/R_IMG_2883-scaled.jpg?resize=768%2C576&amp;ssl=1 768w, https:\/\/i0.wp.com\/www.arca-bus.org\/wp-content\/uploads\/2024\/10\/R_IMG_2883-scaled.jpg?resize=1536%2C1152&amp;ssl=1 1536w, https:\/\/i0.wp.com\/www.arca-bus.org\/wp-content\/uploads\/2024\/10\/R_IMG_2883-scaled.jpg?resize=2048%2C1536&amp;ssl=1 2048w\" sizes=\"auto, (max-width: 1000px) 100vw, 1000px\" \/><figcaption class=\"wp-element-caption\">Lateral conductor.<\/figcaption><\/figure>\n<\/div>\n<\/div>\n\n\n\n<div class=\"wp-block-columns is-layout-flex wp-container-core-columns-is-layout-28f84493 wp-block-columns-is-layout-flex\">\n<div class=\"wp-block-column is-layout-flow wp-block-column-is-layout-flow\">\n<h2 class=\"wp-block-heading\">Hist\u00f2ria<\/h2>\n\n\n\n<p>Text<\/p>\n\n\n\n<h2 class=\"wp-block-heading\">Dades t\u00e8cniques<\/h2>\n\n\n\n<ul class=\"wp-block-list\">\n<li><strong>Xass\u00eds<\/strong>: Mercedes-Benz O405N2.<\/li>\n\n\n\n<li><strong>Motor<\/strong>: OM447HLA&nbsp;de 250 CV.<\/li>\n\n\n\n<li><strong>Carrosser<\/strong>: Hispano Carrocera.<\/li>\n\n\n\n<li><strong>Posada en servei<\/strong>: 1998.<\/li>\n\n\n\n<li><strong>Calca<\/strong>: 82 (TUS).<\/li>\n\n\n\n<li><strong>Places<\/strong>: 30 + conductor + 63 de peu.<\/li>\n\n\n\n<li><strong>Matr\u00edcula<\/strong>: B-5935-US.<\/li>\n<\/ul>\n<\/div>\n<\/div>\n\n\n\n<div class=\"wp-block-columns is-layout-flex wp-container-core-columns-is-layout-28f84493 wp-block-columns-is-layout-flex\">\n<div class=\"wp-block-column is-layout-flow wp-block-column-is-layout-flow\">\n<h2 class=\"wp-block-heading\">Galeria d&#8217;imatges<\/h2>\n<\/div>\n<\/div>\n\n\n<style>      div.simple-google-photos-grid {\n        width:100%;\n        height:100%;\n        overflow:hidden;\n      }\n      div.simple-google-photos-grid-cell {\n        box-sizing:border-box;\n        padding:5px;\n        float:left;\n      }\n      img.simple-google-photos-grid-image {\n        object-fit: cover;\n      }<\/style><div class=\"simple-google-photos-grid\"><div class=\"simple-google-photos-grid-cell\" style=\"width:100%\"><a href=\"https:\/\/photos.app.goo.gl\/29hjvVJeXCrCS2uE9\" target=\"_blank\"><img decoding=\"async\" src=\"https:\/\/lh3.googleusercontent.com\/pw\/AP1GczN-L_8VJimOw3RPRFVAXB76P0kxUQHGPNQsRV3ymsQHLhSq5PUX01fn6LNrZxYRmtIY4f9Pl29jNq6T136XK169eSkjosXqnnMTo4n-C6PCLEEk8CM\" alt=\"Google Photo\" class=\"simple-google-photos-grid-image\"><\/a><\/div><div class=\"simple-google-photos-grid-cell\" style=\"width:100%\"><a href=\"https:\/\/photos.app.goo.gl\/29hjvVJeXCrCS2uE9\" target=\"_blank\"><img decoding=\"async\" src=\"https:\/\/lh3.googleusercontent.com\/pw\/AP1GczOlzPx9SkAkL8twSb-KHWO-Ds5ElBJFcNwbRaXKJ0DxlSi_fj0hwsfVgGvLFj1rs2gzsU43tNKS2wSTswAvZMBmhPns1iP0qhq07Iprzgdk6gIAsqw\" alt=\"Google Photo\" class=\"simple-google-photos-grid-image\"><\/a><\/div><div class=\"simple-google-photos-grid-cell\" style=\"width:100%\"><a href=\"https:\/\/photos.app.goo.gl\/29hjvVJeXCrCS2uE9\" target=\"_blank\"><img decoding=\"async\" src=\"https:\/\/lh3.googleusercontent.com\/pw\/AP1GczM7xvSdMxD9BD53RUZdBB-a-H3vjhcBpHkqFgszI2s_Dfp63wQPJBWkK58VY_2nZ8WZHvphrmnBz3jyHR806uEyd-2JTwTVk6TmIp2x-W5qh-xdbEY\" alt=\"Google Photo\" class=\"simple-google-photos-grid-image\"><\/a><\/div><div class=\"simple-google-photos-grid-cell\" style=\"width:100%\"><a href=\"https:\/\/photos.app.goo.gl\/29hjvVJeXCrCS2uE9\" target=\"_blank\"><img decoding=\"async\" src=\"https:\/\/lh3.googleusercontent.com\/pw\/AP1GczMnlHcVgt_8z3M2V_mPqaOS1-msa9sI_ijYU60_NoVJoklUv8vU4T16DgUycako5oLujvRKVKhWayYv79JEWDYvQjoCu54sh7ZqxWbfNLNRPXFG73o\" alt=\"Google Photo\" class=\"simple-google-photos-grid-image\"><\/a><\/div><div class=\"simple-google-photos-grid-cell\" style=\"width:100%\"><a href=\"https:\/\/photos.app.goo.gl\/29hjvVJeXCrCS2uE9\" target=\"_blank\"><img decoding=\"async\" src=\"https:\/\/lh3.googleusercontent.com\/pw\/AP1GczNAVvXVWFwP_nlgzHwLhCC5DGNSeyn5vBrKovJp2c-cn3mvzMimK6jnLerQPKlGQS2gX231ByMu0uRnLynDQuGYhocEY7ZEbzuRiD7nu5XfjNawye4\" alt=\"Google Photo\" class=\"simple-google-photos-grid-image\"><\/a><\/div><div class=\"simple-google-photos-grid-cell\" style=\"width:100%\"><a href=\"https:\/\/photos.app.goo.gl\/29hjvVJeXCrCS2uE9\" target=\"_blank\"><img decoding=\"async\" src=\"https:\/\/lh3.googleusercontent.com\/pw\/AP1GczNN_VRE6Wl4lSvL1bQrH5WSWOtF6fgoIvFI3pJ5Ib2SKsGDc0waZoJBNd2IWq2bZfsxS1VC4LuewDNSxQ_oIsjshn7kNx5SMn0YWNSvDb99PK5ClcU\" alt=\"Google Photo\" class=\"simple-google-photos-grid-image\"><\/a><\/div><div class=\"simple-google-photos-grid-cell\" style=\"width:100%\"><a href=\"https:\/\/photos.app.goo.gl\/29hjvVJeXCrCS2uE9\" target=\"_blank\"><img decoding=\"async\" src=\"https:\/\/lh3.googleusercontent.com\/pw\/AP1GczM3mz6ivDoGG5LKkGqDJ5P470ctVnSRUN80l9Up1gmbCQ4uFgtEn_xMHAelCQXOmNHCBlwuB0C92C-KmThd4FrG1cVrO1Ki5V0VYWgqDoUAqXdQVNY\" alt=\"Google Photo\" class=\"simple-google-photos-grid-image\"><\/a><\/div><div class=\"simple-google-photos-grid-cell\" style=\"width:100%\"><a href=\"https:\/\/photos.app.goo.gl\/29hjvVJeXCrCS2uE9\" target=\"_blank\"><img decoding=\"async\" src=\"https:\/\/lh3.googleusercontent.com\/pw\/AP1GczMr72sh91TJ39aXpE-g-TV4ayFG683kO5aBPdrGC5CAjii1tc9C-djL9Sx78AP5lCzqeMjn5U57ofkSaivtcInlDY2Oor26vyxQUrFnVpsL7kspc9o\" alt=\"Google Photo\" class=\"simple-google-photos-grid-image\"><\/a><\/div><div class=\"simple-google-photos-grid-cell\" style=\"width:100%\"><a href=\"https:\/\/photos.app.goo.gl\/29hjvVJeXCrCS2uE9\" target=\"_blank\"><img decoding=\"async\" src=\"https:\/\/lh3.googleusercontent.com\/pw\/AP1GczPFWMdTePbQif00ePYPk8KgitTPz-t0LI_m55MR9Ow21B1w9uA1HuIdh08Hp1zEM3O_ntd6Bx_wkW6AJ4OaG6vxn-qGRiICZwva5E_Th4lXV0l84gg\" alt=\"Google Photo\" class=\"simple-google-photos-grid-image\"><\/a><\/div><\/div><script data-jetpack-boost=\"ignore\">      (function() {\n        if( window.jQuery ){\n          jQuery( document ).ready(function() {\n            jQuery(\"div.simple-google-photos-grid\").each(function(i){\n              var container = jQuery(this);\n              var width = container.find(\"div.simple-google-photos-grid-cell\").first().width();\n              container.find(\"img.simple-google-photos-grid-image\").css(\"width\", width).css(\"height\", width);\n            });\n          });\n        }\n      })();<\/script>\n\n\n\n<p><\/p>\n","protected":false},"excerpt":{"rendered":"<p>Dades b\u00e0siques Introducci\u00f3 Estat del vehicle En proc\u00e9s de restauraci\u00f3 Hist\u00f2ria Text Dades t\u00e8cniques Galeria d&#8217;imatges<\/p>\n","protected":false},"author":2,"featured_media":691,"parent":0,"menu_order":0,"comment_status":"closed","ping_status":"closed","template":"","meta":{"_themeisle_gutenberg_block_has_review":false,"footnotes":""},"class_list":["post-585","page","type-page","status-publish","has-post-thumbnail","hentry"],"_links":{"self":[{"href":"https:\/\/www.arca-bus.org\/ca\/wp-json\/wp\/v2\/pages\/585","targetHints":{"allow":["GET"]}}],"collection":[{"href":"https:\/\/www.arca-bus.org\/ca\/wp-json\/wp\/v2\/pages"}],"about":[{"href":"https:\/\/www.arca-bus.org\/ca\/wp-json\/wp\/v2\/types\/page"}],"author":[{"embeddable":true,"href":"https:\/\/www.arca-bus.org\/ca\/wp-json\/wp\/v2\/users\/2"}],"replies":[{"embeddable":true,"href":"https:\/\/www.arca-bus.org\/ca\/wp-json\/wp\/v2\/comments?post=585"}],"version-history":[{"count":11,"href":"https:\/\/www.arca-bus.org\/ca\/wp-json\/wp\/v2\/pages\/585\/revisions"}],"predecessor-version":[{"id":716,"href":"https:\/\/www.arca-bus.org\/ca\/wp-json\/wp\/v2\/pages\/585\/revisions\/716"}],"wp:featuredmedia":[{"embeddable":true,"href":"https:\/\/www.arca-bus.org\/ca\/wp-json\/wp\/v2\/media\/691"}],"wp:attachment":[{"href":"https:\/\/www.arca-bus.org\/ca\/wp-json\/wp\/v2\/media?parent=585"}],"curies":[{"name":"wp","href":"https:\/\/api.w.org\/{rel}","templated":true}]}}