{"id":525,"date":"2023-08-30T21:43:04","date_gmt":"2023-08-30T20:43:04","guid":{"rendered":"https:\/\/www.arca-bus.org\/?page_id=525"},"modified":"2023-08-30T22:47:34","modified_gmt":"2023-08-30T21:47:34","slug":"pegaso-6038","status":"publish","type":"page","link":"https:\/\/www.arca-bus.org\/ca\/pegaso-6038\/","title":{"rendered":"Pegaso 6038 &#8220;El 38&#8221; (1985)"},"content":{"rendered":"\n<div class=\"wp-block-columns is-layout-flex wp-container-core-columns-is-layout-28f84493 wp-block-columns-is-layout-flex\">\n<div class=\"wp-block-column is-layout-flow wp-block-column-is-layout-flow\">\n<h2 class=\"wp-block-heading\">Dades b\u00e0siques<\/h2>\n\n\n\n<ul class=\"wp-block-list\">\n<li><strong>Propietari actual<\/strong>: Jos\u00e9 Burgos.<\/li>\n\n\n\n<li><strong>Propietari original<\/strong>: Servicio de Transporte Urbano de Burgos (SMAUB); Ajuntament de Borriana.<\/li>\n\n\n\n<li><strong>Any<\/strong>: 1985.<\/li>\n\n\n\n<li><strong>Matr\u00edcula<\/strong>: BU-4414-I.<\/li>\n\n\n\n<li><strong>Marca<\/strong>: Pegaso.<\/li>\n\n\n\n<li><strong>Model<\/strong>: 6038.<\/li>\n\n\n\n<li><strong>Carrosseria<\/strong>: Carrocer\u00edas Ugarte.<\/li>\n\n\n\n<li><strong>Posada en servei<\/strong>: 1985 (SMAUB).<\/li>\n\n\n\n<li><strong>Finalitzaci\u00f3 del servei<\/strong>: &#8212; (Borriana).<\/li>\n<\/ul>\n<\/div>\n\n\n\n<div class=\"wp-block-column is-layout-flow wp-block-column-is-layout-flow\">\n<figure class=\"wp-block-image size-full\"><img data-recalc-dims=\"1\" loading=\"lazy\" decoding=\"async\" width=\"2560\" height=\"1920\" src=\"https:\/\/i0.wp.com\/www.arca-bus.org\/wp-content\/uploads\/2023\/08\/Imagen-011-scaled.jpg?resize=2560%2C1920&#038;ssl=1\" alt=\"\" class=\"wp-image-560\" srcset=\"https:\/\/i0.wp.com\/www.arca-bus.org\/wp-content\/uploads\/2023\/08\/Imagen-011-scaled.jpg?w=2560&amp;ssl=1 2560w, https:\/\/i0.wp.com\/www.arca-bus.org\/wp-content\/uploads\/2023\/08\/Imagen-011-scaled.jpg?resize=300%2C225&amp;ssl=1 300w, https:\/\/i0.wp.com\/www.arca-bus.org\/wp-content\/uploads\/2023\/08\/Imagen-011-scaled.jpg?resize=1024%2C768&amp;ssl=1 1024w, https:\/\/i0.wp.com\/www.arca-bus.org\/wp-content\/uploads\/2023\/08\/Imagen-011-scaled.jpg?resize=768%2C576&amp;ssl=1 768w, https:\/\/i0.wp.com\/www.arca-bus.org\/wp-content\/uploads\/2023\/08\/Imagen-011-scaled.jpg?resize=1536%2C1152&amp;ssl=1 1536w, https:\/\/i0.wp.com\/www.arca-bus.org\/wp-content\/uploads\/2023\/08\/Imagen-011-scaled.jpg?resize=2048%2C1536&amp;ssl=1 2048w\" sizes=\"auto, (max-width: 1000px) 100vw, 1000px\" \/><figcaption class=\"wp-element-caption\">Part davantera del vehicle.<\/figcaption><\/figure>\n<\/div>\n<\/div>\n\n\n\n<div class=\"wp-block-columns ticss-47831924 is-layout-flex wp-container-core-columns-is-layout-d7d455e7 wp-block-columns-is-layout-flex\" style=\"padding-top:0;padding-right:0;padding-bottom:0;padding-left:0\">\n<div class=\"wp-block-column is-layout-flow wp-block-column-is-layout-flow\">\n<figure class=\"wp-block-image size-full\"><img data-recalc-dims=\"1\" loading=\"lazy\" decoding=\"async\" width=\"1024\" height=\"680\" src=\"https:\/\/i0.wp.com\/www.arca-bus.org\/wp-content\/uploads\/2023\/08\/burriana_6038_tablier_gran.jpg?resize=1024%2C680&#038;ssl=1\" alt=\"\" class=\"wp-image-562\" srcset=\"https:\/\/i0.wp.com\/www.arca-bus.org\/wp-content\/uploads\/2023\/08\/burriana_6038_tablier_gran.jpg?w=1024&amp;ssl=1 1024w, https:\/\/i0.wp.com\/www.arca-bus.org\/wp-content\/uploads\/2023\/08\/burriana_6038_tablier_gran.jpg?resize=300%2C199&amp;ssl=1 300w, https:\/\/i0.wp.com\/www.arca-bus.org\/wp-content\/uploads\/2023\/08\/burriana_6038_tablier_gran.jpg?resize=768%2C510&amp;ssl=1 768w\" sizes=\"auto, (max-width: 1000px) 100vw, 1000px\" \/><figcaption class=\"wp-element-caption\">Pupitre de conducci\u00f3 del Pegaso 6038.<\/figcaption><\/figure>\n<\/div>\n\n\n\n<div class=\"wp-block-column is-layout-flow wp-block-column-is-layout-flow\">\n<h2 class=\"wp-block-heading\">Introducci\u00f3<\/h2>\n\n\n\n<p>El Pegaso 6038 va ser un model molt popular a la majoria de flotes d&#8217;autob\u00fas espanyoles. Es fabricava a la factoria Jorsa, a la poblaci\u00f3 catalana de Matar\u00f3, i era un vehicle autoportant, que era finalitzat a nivell de xapa, interior, finestres, etc, a algun dels diversos carrossers repartits per la Pen\u00ednsula.<\/p>\n\n\n\n<p>Aquest vehicle en concret va circular fins l&#8217;any 1985 fins al 2006 al servei d&#8217;autob\u00fas urb\u00e0 de Burgos (SMAUB), i despr\u00e9s va passar a mans de l&#8217;Ajuntament de Borriana, on va estar servint activitats municipals fins al 2011.<\/p>\n<\/div>\n<\/div>\n\n\n\n<div class=\"wp-block-columns is-layout-flex wp-container-core-columns-is-layout-28f84493 wp-block-columns-is-layout-flex\">\n<div class=\"wp-block-column is-layout-flow wp-block-column-is-layout-flow\">\n<h2 class=\"wp-block-heading\">Estat del vehicle<\/h2>\n\n\n\n<p>L&#8217;any 2011, el vehicle \u00e9s cedit a ARCA per part de l&#8217;ajuntament de Borriana. Despr\u00e9s d&#8217;una posada a punt a nivell de xapa i pintura i a nivell mec\u00e0nic, va ser repintat amb els colors del que va ser el prototip de Pegaso 6038 que va circular per Barcelona amb els colors vermell i crema de l&#8217;\u00e8poca.<\/p>\n\n\n\n<p>En l&#8217;actualitat es troba en perfecte estat de marxa, i \u00e9s un participant habitual a les activitats d&#8217;ARCA.<\/p>\n<\/div>\n\n\n\n<div class=\"wp-block-column is-layout-flow wp-block-column-is-layout-flow\">\n<figure class=\"wp-block-image size-full\"><img data-recalc-dims=\"1\" loading=\"lazy\" decoding=\"async\" width=\"1024\" height=\"680\" src=\"https:\/\/i0.wp.com\/www.arca-bus.org\/wp-content\/uploads\/2023\/08\/burriana_6038_intA_gran.jpg?resize=1024%2C680&#038;ssl=1\" alt=\"\" class=\"wp-image-563\" srcset=\"https:\/\/i0.wp.com\/www.arca-bus.org\/wp-content\/uploads\/2023\/08\/burriana_6038_intA_gran.jpg?w=1024&amp;ssl=1 1024w, https:\/\/i0.wp.com\/www.arca-bus.org\/wp-content\/uploads\/2023\/08\/burriana_6038_intA_gran.jpg?resize=300%2C199&amp;ssl=1 300w, https:\/\/i0.wp.com\/www.arca-bus.org\/wp-content\/uploads\/2023\/08\/burriana_6038_intA_gran.jpg?resize=768%2C510&amp;ssl=1 768w\" sizes=\"auto, (max-width: 1000px) 100vw, 1000px\" \/><figcaption class=\"wp-element-caption\">Interior de l&#8217;autob\u00fas<\/figcaption><\/figure>\n<\/div>\n<\/div>\n\n\n\n<div class=\"wp-block-columns is-layout-flex wp-container-core-columns-is-layout-28f84493 wp-block-columns-is-layout-flex\">\n<div class=\"wp-block-column is-layout-flow wp-block-column-is-layout-flow\">\n<h2 class=\"wp-block-heading\">Hist\u00f2ria<\/h2>\n\n\n\n<p>El Pegaso 6038 va ser l\u2019autob\u00fas urb\u00e0 m\u00e9s est\u00e8s a les renovacions de flotes urbanes durant els anys 80. El seu disseny barreja el concepte mec\u00e0nic del Pegaso 6035 i el disseny interior i exterior del Pegaso 6050, tots dos amb carrosseria autoportant i que s\u2019engloben en el concepte de disseny estructural Monotral (llic\u00e8ncia Viberti).<\/p>\n\n\n\n<p>El Pegaso 6038 es constru\u00efa a la planta de Jorsa (Matar\u00f3) com un vehicle semiacabat d\u2019estructura autoportant, que era totalment funcional i que era acabat en algun dels nombrosos carrossers espanyols que van treballar amb aquest model (xapa exterior i interior, finestres i equipament).<\/p>\n\n\n\n<p>Aquest vehicle en concret fou carrossat l\u2019any 1985 per Carrocer\u00edas Ugarte (Logro\u00f1o), la carrosseria es va equipar amb tres portes i molt pocs seients interiors, la resta de les especificacions es corresponen amb els vehicles contemporanis carrossats per a la flota de l\u2019EMT de Madrid.<\/p>\n\n\n\n<p>El vehicle va pert\u00e0nyer tota la seva vida activa, des del 1985 al 2006, als Autobusos Urbans de Burgos, on li va correspondre el n\u00famero de flota 70. Posteriorment el vehicle fou cedit per l\u2019Ajuntament de Burgos al de Burriana on el vehicle es va destinar a activitats municipals des del 2006 al 2011. Posteriorment, amb el vehicle apartat d\u2019\u00fas, l\u2019Ajuntament de Burriana va tenir la sensibilitat de cedir-lo a ARCA per a la seva preservaci\u00f3.<\/p>\n\n\n\n<p>En l\u2019actualitat la imatge del vehicle es correspon amb la imatge del primer prototip de Pegaso 6038 que, al 1980, va circular en proves per Barcelona, amb el n\u00famero de flota 6000, i que va servir per a que fos adquirit massivament per les flotes urbanes de les principals ciutats espanyoles.<\/p>\n\n\n\n<h2 class=\"wp-block-heading\">Dades t\u00e8cniques<\/h2>\n\n\n\n<ul class=\"wp-block-list\">\n<li><strong>Xass\u00eds<\/strong>: Pegaso 6038.<\/li>\n\n\n\n<li><strong>Motor<\/strong>: Pegaso 9107 de 200 CV.<\/li>\n\n\n\n<li><strong>Carrosser<\/strong>: Carrocer\u00edas Ugarte.<\/li>\n\n\n\n<li><strong>Posada en servei<\/strong>: 1985.<\/li>\n\n\n\n<li><strong>Calca<\/strong>: 70 (SMAUB).<\/li>\n\n\n\n<li><strong>Places<\/strong>: 20 + conductor.<\/li>\n\n\n\n<li><strong>Matr\u00edcula<\/strong>: BU-4414-I.<\/li>\n<\/ul>\n<\/div>\n<\/div>\n\n\n\n<div class=\"wp-block-columns is-layout-flex wp-container-core-columns-is-layout-28f84493 wp-block-columns-is-layout-flex\">\n<div class=\"wp-block-column is-layout-flow wp-block-column-is-layout-flow\">\n<h2 class=\"wp-block-heading\">Galeria d&#8217;imatges<\/h2>\n\n\n<style>      div.simple-google-photos-grid {\n        width:100%;\n        height:100%;\n        overflow:hidden;\n      }\n      div.simple-google-photos-grid-cell {\n        box-sizing:border-box;\n        padding:5px;\n        float:left;\n      }\n      img.simple-google-photos-grid-image {\n        object-fit: cover;\n      }<\/style><div class=\"simple-google-photos-grid\"><div class=\"simple-google-photos-grid-cell\" style=\"width:100%\"><a href=\"https:\/\/photos.app.goo.gl\/CJajqErU9hDaqtwx7\" target=\"_blank\"><img decoding=\"async\" src=\"https:\/\/lh3.googleusercontent.com\/pw\/AP1GczNvZ_9oKrA144QWJQLOxdEcT7-taeFFx2Qsrppt1k4X7olxREqYM9Ws0ya8mNyTV9WOBNDbmUvxm4Zl-5F-_naq5UjZUY6EjCghZhnb-oTjCzJ0fB8\" alt=\"Google Photo\" class=\"simple-google-photos-grid-image\"><\/a><\/div><div class=\"simple-google-photos-grid-cell\" style=\"width:100%\"><a href=\"https:\/\/photos.app.goo.gl\/CJajqErU9hDaqtwx7\" target=\"_blank\"><img decoding=\"async\" src=\"https:\/\/lh3.googleusercontent.com\/pw\/AP1GczMqKxHSXSuRtyVMd6p9evZ_dFbkTf8Q3ScLMyqg-zwKM4gQbK7H4auzKcwtN-eb9FH5MyR8EvyOhi0ojVm8KeEHEl5zKTBtcLiHAyG-bezq1LWLOUs\" alt=\"Google Photo\" class=\"simple-google-photos-grid-image\"><\/a><\/div><div class=\"simple-google-photos-grid-cell\" style=\"width:100%\"><a href=\"https:\/\/photos.app.goo.gl\/CJajqErU9hDaqtwx7\" target=\"_blank\"><img decoding=\"async\" src=\"https:\/\/lh3.googleusercontent.com\/pw\/AP1GczPPHjpLo1CATC1Rd8wMZnmYpgGpvmtncdZIyannBJlfa5PG-Lt5qJ0eRAaTPmZdAhF7GxU7AzkgNZ4NvNpZt4XO0nVoE2UQw7k19oGy8-O_ej7_nlM\" alt=\"Google Photo\" class=\"simple-google-photos-grid-image\"><\/a><\/div><div class=\"simple-google-photos-grid-cell\" style=\"width:100%\"><a href=\"https:\/\/photos.app.goo.gl\/CJajqErU9hDaqtwx7\" target=\"_blank\"><img decoding=\"async\" src=\"https:\/\/lh3.googleusercontent.com\/pw\/AP1GczMLswEY_vE71fxGZkvzkeW13BdAAZhGHaATajDEn-3jppb6z4S8GDtywnyWObfCHfK-5PGLcNJeD3RjU-vDy585sP4GxUnhispRkonqK2XLgzfZcwY\" alt=\"Google Photo\" class=\"simple-google-photos-grid-image\"><\/a><\/div><div class=\"simple-google-photos-grid-cell\" style=\"width:100%\"><a href=\"https:\/\/photos.app.goo.gl\/CJajqErU9hDaqtwx7\" target=\"_blank\"><img decoding=\"async\" src=\"https:\/\/lh3.googleusercontent.com\/pw\/AP1GczMVmA5NxwC_QpzdDRx2I2m6f8F4ZghPe_OVtEbfvfHj4BqszLnZ8KiirumFJAw0XRTGb1cdXEE_0NJ2f1q3bFWB6ThYw_ZrkktUZwARVV3nSFycHc0\" alt=\"Google Photo\" class=\"simple-google-photos-grid-image\"><\/a><\/div><div class=\"simple-google-photos-grid-cell\" style=\"width:100%\"><a href=\"https:\/\/photos.app.goo.gl\/CJajqErU9hDaqtwx7\" target=\"_blank\"><img decoding=\"async\" src=\"https:\/\/lh3.googleusercontent.com\/pw\/AP1GczMCGOERpmDvtME8sYN4wlNLAJsUkyCNPlBrYCIJieC5SC9HFFmUA2JqqYTKvC7YmGe84NDZA3FWZXaISaxdQ72yJOd6ImVTwe2rWgEyUCNP4riaz7w\" alt=\"Google Photo\" class=\"simple-google-photos-grid-image\"><\/a><\/div><div class=\"simple-google-photos-grid-cell\" style=\"width:100%\"><a href=\"https:\/\/photos.app.goo.gl\/CJajqErU9hDaqtwx7\" target=\"_blank\"><img decoding=\"async\" src=\"https:\/\/lh3.googleusercontent.com\/pw\/AP1GczOXp5ogaQrpBcOGP84A5cUv_Mnh2lcVx3s3rjeStQ1GcDOOx6ONsJyROmpIDsrMu5OT6wwyLYkAuL0SVKnA2kwcAzieyQ2yq8q5apZwB1qU1s037SI\" alt=\"Google Photo\" class=\"simple-google-photos-grid-image\"><\/a><\/div><div class=\"simple-google-photos-grid-cell\" style=\"width:100%\"><a href=\"https:\/\/photos.app.goo.gl\/CJajqErU9hDaqtwx7\" target=\"_blank\"><img decoding=\"async\" src=\"https:\/\/lh3.googleusercontent.com\/pw\/AP1GczNhhDiAGAmBMZZpiHCkPGQsdzlXxinoDAZW-VMoSG4ICck-NBmSG2M6PmFErtTVQ_OD3BfFT7Me0LrdUkzPTj7G40Y066_DOthwxM0bZhqDsoSSHtI\" alt=\"Google Photo\" class=\"simple-google-photos-grid-image\"><\/a><\/div><div class=\"simple-google-photos-grid-cell\" style=\"width:100%\"><a href=\"https:\/\/photos.app.goo.gl\/CJajqErU9hDaqtwx7\" target=\"_blank\"><img decoding=\"async\" src=\"https:\/\/lh3.googleusercontent.com\/pw\/AP1GczPr5TDSCvgdSDpBkAb6JeGTVFADC1e8OnsHZH52HpJGO5HFX1MYzJXcZnWKNd6rKnB2lQDfVh4qeiEDULSMThZi2fYoG0l8LVkrijnzcLDmoDkHEbc\" alt=\"Google Photo\" class=\"simple-google-photos-grid-image\"><\/a><\/div><div class=\"simple-google-photos-grid-cell\" style=\"width:100%\"><a href=\"https:\/\/photos.app.goo.gl\/CJajqErU9hDaqtwx7\" target=\"_blank\"><img decoding=\"async\" src=\"https:\/\/lh3.googleusercontent.com\/pw\/AP1GczMc5b7oAv558t7Wpyd-K9PgJwHumF7Wn6zm3toFhxJ8Ak8DSPEe5uSeEPkOhkTSIYJw18lloBFFgEuJztCo72Nn72iCt0k9WmoyH1A_e_ytufB-zYg\" alt=\"Google Photo\" class=\"simple-google-photos-grid-image\"><\/a><\/div><div class=\"simple-google-photos-grid-cell\" style=\"width:100%\"><a href=\"https:\/\/photos.app.goo.gl\/CJajqErU9hDaqtwx7\" target=\"_blank\"><img decoding=\"async\" src=\"https:\/\/lh3.googleusercontent.com\/pw\/AP1GczPlYyYt7nhdA7xe98lXdP1qIzbAzIdM5zk7UD8DZx_1dgTilA9CdOLJsd40CQvG1BIDpYsB84V6wzvqRNkQG9nAY2tpGq7a24WTEFR3zUgJ-VwltWM\" alt=\"Google Photo\" class=\"simple-google-photos-grid-image\"><\/a><\/div><div class=\"simple-google-photos-grid-cell\" style=\"width:100%\"><a href=\"https:\/\/photos.app.goo.gl\/CJajqErU9hDaqtwx7\" target=\"_blank\"><img decoding=\"async\" src=\"https:\/\/lh3.googleusercontent.com\/pw\/AP1GczMGXvq6xOWbHSGjZEvWw6upb6XairFBh5nyM22WrNvjbKzEe5WYwpy3zP-1U00FG9wnUD-YPE9eqcyGTqm8rNb_--fPFtEzicsfGrRsJWUrJeVsjVw\" alt=\"Google Photo\" class=\"simple-google-photos-grid-image\"><\/a><\/div><div class=\"simple-google-photos-grid-cell\" style=\"width:100%\"><a href=\"https:\/\/photos.app.goo.gl\/CJajqErU9hDaqtwx7\" target=\"_blank\"><img decoding=\"async\" src=\"https:\/\/lh3.googleusercontent.com\/pw\/AP1GczPSpUHJRIG5ZskxNYt1nx6t5d0HVgfRt7i4c2H_0gtScMCx9VwLhOkT6JR-PMVRllDlY8bOsCy32_-jztXopcUiP5GGKrXBSk2jyQ-Ctee2cUn7S3w\" alt=\"Google Photo\" class=\"simple-google-photos-grid-image\"><\/a><\/div><div class=\"simple-google-photos-grid-cell\" style=\"width:100%\"><a href=\"https:\/\/photos.app.goo.gl\/CJajqErU9hDaqtwx7\" target=\"_blank\"><img decoding=\"async\" src=\"https:\/\/lh3.googleusercontent.com\/pw\/AP1GczPXUZHY46On_G_pRMuuGuxip04ZsWtd3tICW4q37OeS0Q3NEOMnjugi4DIHsvTgXdg5pKFHcNHLDfjUVjpC1EYqyJfBgfLsMyjGY4BCoES-Q0JkYfs\" alt=\"Google Photo\" class=\"simple-google-photos-grid-image\"><\/a><\/div><\/div><script data-jetpack-boost=\"ignore\">      (function() {\n        if( window.jQuery ){\n          jQuery( document ).ready(function() {\n            jQuery(\"div.simple-google-photos-grid\").each(function(i){\n              var container = jQuery(this);\n              var width = container.find(\"div.simple-google-photos-grid-cell\").first().width();\n              container.find(\"img.simple-google-photos-grid-image\").css(\"width\", width).css(\"height\", width);\n            });\n          });\n        }\n      })();<\/script>\n<\/div>\n<\/div>\n","protected":false},"excerpt":{"rendered":"<p>Dades b\u00e0siques Introducci\u00f3 El Pegaso 6038 va ser un model molt popular a la majoria de flotes d&#8217;autob\u00fas espanyoles. Es fabricava a la factoria Jorsa, a la poblaci\u00f3 catalana de Matar\u00f3, i era un vehicle autoportant, que era finalitzat a nivell de xapa, interior, finestres, etc, a algun dels diversos carrossers repartits per la Pen\u00ednsula. [&hellip;]<\/p>\n","protected":false},"author":1,"featured_media":560,"parent":0,"menu_order":0,"comment_status":"closed","ping_status":"closed","template":"","meta":{"_themeisle_gutenberg_block_has_review":false,"footnotes":""},"class_list":["post-525","page","type-page","status-publish","has-post-thumbnail","hentry"],"_links":{"self":[{"href":"https:\/\/www.arca-bus.org\/ca\/wp-json\/wp\/v2\/pages\/525","targetHints":{"allow":["GET"]}}],"collection":[{"href":"https:\/\/www.arca-bus.org\/ca\/wp-json\/wp\/v2\/pages"}],"about":[{"href":"https:\/\/www.arca-bus.org\/ca\/wp-json\/wp\/v2\/types\/page"}],"author":[{"embeddable":true,"href":"https:\/\/www.arca-bus.org\/ca\/wp-json\/wp\/v2\/users\/1"}],"replies":[{"embeddable":true,"href":"https:\/\/www.arca-bus.org\/ca\/wp-json\/wp\/v2\/comments?post=525"}],"version-history":[{"count":4,"href":"https:\/\/www.arca-bus.org\/ca\/wp-json\/wp\/v2\/pages\/525\/revisions"}],"predecessor-version":[{"id":564,"href":"https:\/\/www.arca-bus.org\/ca\/wp-json\/wp\/v2\/pages\/525\/revisions\/564"}],"wp:featuredmedia":[{"embeddable":true,"href":"https:\/\/www.arca-bus.org\/ca\/wp-json\/wp\/v2\/media\/560"}],"wp:attachment":[{"href":"https:\/\/www.arca-bus.org\/ca\/wp-json\/wp\/v2\/media?parent=525"}],"curies":[{"name":"wp","href":"https:\/\/api.w.org\/{rel}","templated":true}]}}