{"id":520,"date":"2023-08-30T21:38:08","date_gmt":"2023-08-30T20:38:08","guid":{"rendered":"https:\/\/www.arca-bus.org\/?page_id=520"},"modified":"2023-08-30T23:00:48","modified_gmt":"2023-08-30T22:00:48","slug":"pegaso-sava-5720","status":"publish","type":"page","link":"https:\/\/www.arca-bus.org\/ca\/pegaso-sava-5720\/","title":{"rendered":"Pegaso-Sava 5720 &#8220;Savita&#8221; (1982)"},"content":{"rendered":"\n<div class=\"wp-block-columns is-layout-flex wp-container-core-columns-is-layout-28f84493 wp-block-columns-is-layout-flex\">\n<div class=\"wp-block-column is-layout-flow wp-block-column-is-layout-flow\">\n<h2 class=\"wp-block-heading\">Dades b\u00e0siques<\/h2>\n\n\n\n<ul class=\"wp-block-list\">\n<li><strong>Propietari actual<\/strong>: Jos\u00e9 Mar\u00eda Mart\u00ednez, Jos\u00e9 Burgos, Josep Pretel (Team JJJ).<\/li>\n\n\n\n<li><strong>Propietari original<\/strong>: &#8212;<\/li>\n\n\n\n<li><strong>Any<\/strong>: 1982.<\/li>\n\n\n\n<li><strong>Matr\u00edcula<\/strong>: SE-1042-X.<\/li>\n\n\n\n<li><strong>Marca<\/strong>: Pegaso-Sava.<\/li>\n\n\n\n<li><strong>Model<\/strong>: 5720.<\/li>\n\n\n\n<li><strong>Carrosseria<\/strong>:\u00a0&#8212;<\/li>\n\n\n\n<li><strong>Posada en servei<\/strong>: 1982.<\/li>\n\n\n\n<li><strong>Finalitzaci\u00f3 del servei<\/strong>: &#8212;<\/li>\n<\/ul>\n<\/div>\n\n\n\n<div class=\"wp-block-column is-layout-flow wp-block-column-is-layout-flow\">\n<figure class=\"wp-block-image size-full\"><img data-recalc-dims=\"1\" loading=\"lazy\" decoding=\"async\" width=\"1024\" height=\"683\" src=\"https:\/\/i0.wp.com\/www.arca-bus.org\/wp-content\/uploads\/2023\/08\/jjj_sava_f_gran.jpg?resize=1024%2C683&#038;ssl=1\" alt=\"\" class=\"wp-image-571\" srcset=\"https:\/\/i0.wp.com\/www.arca-bus.org\/wp-content\/uploads\/2023\/08\/jjj_sava_f_gran.jpg?w=1024&amp;ssl=1 1024w, https:\/\/i0.wp.com\/www.arca-bus.org\/wp-content\/uploads\/2023\/08\/jjj_sava_f_gran.jpg?resize=300%2C200&amp;ssl=1 300w, https:\/\/i0.wp.com\/www.arca-bus.org\/wp-content\/uploads\/2023\/08\/jjj_sava_f_gran.jpg?resize=768%2C512&amp;ssl=1 768w\" sizes=\"auto, (max-width: 1000px) 100vw, 1000px\" \/><figcaption class=\"wp-element-caption\">Part davantera del vehicle, estat actual.<\/figcaption><\/figure>\n<\/div>\n<\/div>\n\n\n\n<div class=\"wp-block-columns ticss-47831924 is-layout-flex wp-container-core-columns-is-layout-d7d455e7 wp-block-columns-is-layout-flex\" style=\"padding-top:0;padding-right:0;padding-bottom:0;padding-left:0\">\n<div class=\"wp-block-column is-layout-flow wp-block-column-is-layout-flow\">\n<figure class=\"wp-block-image size-full\"><img data-recalc-dims=\"1\" loading=\"lazy\" decoding=\"async\" width=\"1024\" height=\"683\" src=\"https:\/\/i0.wp.com\/www.arca-bus.org\/wp-content\/uploads\/2023\/08\/jjj_sava_d_gran.jpg?resize=1024%2C683&#038;ssl=1\" alt=\"\" class=\"wp-image-573\" srcset=\"https:\/\/i0.wp.com\/www.arca-bus.org\/wp-content\/uploads\/2023\/08\/jjj_sava_d_gran.jpg?w=1024&amp;ssl=1 1024w, https:\/\/i0.wp.com\/www.arca-bus.org\/wp-content\/uploads\/2023\/08\/jjj_sava_d_gran.jpg?resize=300%2C200&amp;ssl=1 300w, https:\/\/i0.wp.com\/www.arca-bus.org\/wp-content\/uploads\/2023\/08\/jjj_sava_d_gran.jpg?resize=768%2C512&amp;ssl=1 768w\" sizes=\"auto, (max-width: 1000px) 100vw, 1000px\" \/><figcaption class=\"wp-element-caption\">Part davantera del vehicle, en el seu estat original.<\/figcaption><\/figure>\n<\/div>\n\n\n\n<div class=\"wp-block-column is-layout-flow wp-block-column-is-layout-flow\">\n<h2 class=\"wp-block-heading\">Introducci\u00f3<\/h2>\n\n\n\n<p>Text<\/p>\n<\/div>\n<\/div>\n\n\n\n<div class=\"wp-block-columns is-layout-flex wp-container-core-columns-is-layout-28f84493 wp-block-columns-is-layout-flex\">\n<div class=\"wp-block-column is-layout-flow wp-block-column-is-layout-flow\">\n<h2 class=\"wp-block-heading\">Estat del vehicle<\/h2>\n\n\n\n<p>Text<\/p>\n<\/div>\n\n\n\n<div class=\"wp-block-column is-layout-flow wp-block-column-is-layout-flow\">\n<figure class=\"wp-block-image size-full\"><img data-recalc-dims=\"1\" loading=\"lazy\" decoding=\"async\" width=\"1024\" height=\"683\" src=\"https:\/\/i0.wp.com\/www.arca-bus.org\/wp-content\/uploads\/2023\/08\/jjj_sava_g_gran.jpg?resize=1024%2C683&#038;ssl=1\" alt=\"\" class=\"wp-image-574\" srcset=\"https:\/\/i0.wp.com\/www.arca-bus.org\/wp-content\/uploads\/2023\/08\/jjj_sava_g_gran.jpg?w=1024&amp;ssl=1 1024w, https:\/\/i0.wp.com\/www.arca-bus.org\/wp-content\/uploads\/2023\/08\/jjj_sava_g_gran.jpg?resize=300%2C200&amp;ssl=1 300w, https:\/\/i0.wp.com\/www.arca-bus.org\/wp-content\/uploads\/2023\/08\/jjj_sava_g_gran.jpg?resize=768%2C512&amp;ssl=1 768w\" sizes=\"auto, (max-width: 1000px) 100vw, 1000px\" \/><figcaption class=\"wp-element-caption\">Part de darrere de l&#8217;autob\u00fas, en el seu estat actual.<\/figcaption><\/figure>\n<\/div>\n<\/div>\n\n\n\n<div class=\"wp-block-columns is-layout-flex wp-container-core-columns-is-layout-28f84493 wp-block-columns-is-layout-flex\">\n<div class=\"wp-block-column is-layout-flow wp-block-column-is-layout-flow\">\n<h2 class=\"wp-block-heading\">Hist\u00f2ria<\/h2>\n\n\n\n<p>Text<\/p>\n\n\n\n<h2 class=\"wp-block-heading\">Dades t\u00e8cniques<\/h2>\n\n\n\n<ul class=\"wp-block-list\">\n<li><strong>Xass\u00eds<\/strong>: Pegaso-Sava 5701.<\/li>\n\n\n\n<li><strong>Motor<\/strong>: &#8212;<\/li>\n\n\n\n<li><strong>Carrosser<\/strong>: &#8212;<\/li>\n\n\n\n<li><strong>Posada en servei<\/strong>: 1982.<\/li>\n\n\n\n<li><strong>Calca<\/strong>: &#8212;<\/li>\n\n\n\n<li><strong>Places<\/strong>: &#8212;<\/li>\n\n\n\n<li><strong>Matr\u00edcula<\/strong>: SE-1042-X.<\/li>\n<\/ul>\n<\/div>\n<\/div>\n\n\n\n<div class=\"wp-block-columns is-layout-flex wp-container-core-columns-is-layout-28f84493 wp-block-columns-is-layout-flex\">\n<div class=\"wp-block-column is-layout-flow wp-block-column-is-layout-flow\">\n<h2 class=\"wp-block-heading\">Galeria d&#8217;imatges<\/h2>\n\n\n\n<\/div>\n<\/div>\n","protected":false},"excerpt":{"rendered":"<p>Dades b\u00e0siques Introducci\u00f3 Text Estat del vehicle Text Hist\u00f2ria Text Dades t\u00e8cniques Galeria d&#8217;imatges<\/p>\n","protected":false},"author":1,"featured_media":571,"parent":0,"menu_order":0,"comment_status":"closed","ping_status":"closed","template":"","meta":{"_themeisle_gutenberg_block_has_review":false,"footnotes":""},"class_list":["post-520","page","type-page","status-publish","has-post-thumbnail","hentry"],"_links":{"self":[{"href":"https:\/\/www.arca-bus.org\/ca\/wp-json\/wp\/v2\/pages\/520","targetHints":{"allow":["GET"]}}],"collection":[{"href":"https:\/\/www.arca-bus.org\/ca\/wp-json\/wp\/v2\/pages"}],"about":[{"href":"https:\/\/www.arca-bus.org\/ca\/wp-json\/wp\/v2\/types\/page"}],"author":[{"embeddable":true,"href":"https:\/\/www.arca-bus.org\/ca\/wp-json\/wp\/v2\/users\/1"}],"replies":[{"embeddable":true,"href":"https:\/\/www.arca-bus.org\/ca\/wp-json\/wp\/v2\/comments?post=520"}],"version-history":[{"count":3,"href":"https:\/\/www.arca-bus.org\/ca\/wp-json\/wp\/v2\/pages\/520\/revisions"}],"predecessor-version":[{"id":575,"href":"https:\/\/www.arca-bus.org\/ca\/wp-json\/wp\/v2\/pages\/520\/revisions\/575"}],"wp:featuredmedia":[{"embeddable":true,"href":"https:\/\/www.arca-bus.org\/ca\/wp-json\/wp\/v2\/media\/571"}],"wp:attachment":[{"href":"https:\/\/www.arca-bus.org\/ca\/wp-json\/wp\/v2\/media?parent=520"}],"curies":[{"name":"wp","href":"https:\/\/api.w.org\/{rel}","templated":true}]}}