{"id":518,"date":"2023-08-30T21:36:42","date_gmt":"2023-08-30T20:36:42","guid":{"rendered":"https:\/\/www.arca-bus.org\/?page_id=518"},"modified":"2023-08-30T23:04:19","modified_gmt":"2023-08-30T22:04:19","slug":"pegaso-6038-cc","status":"publish","type":"page","link":"https:\/\/www.arca-bus.org\/ca\/pegaso-6038-cc\/","title":{"rendered":"Pegaso 6038 &#8220;Creu Coberta&#8221; (1981)"},"content":{"rendered":"\n<div class=\"wp-block-columns is-layout-flex wp-container-core-columns-is-layout-28f84493 wp-block-columns-is-layout-flex\">\n<div class=\"wp-block-column is-layout-flow wp-block-column-is-layout-flow\">\n<h2 class=\"wp-block-heading\">Dades b\u00e0siques<\/h2>\n\n\n\n<ul class=\"wp-block-list\">\n<li><strong>Propietari actual<\/strong>: ARCA.<\/li>\n\n\n\n<li><strong>Propietari original<\/strong>: Transports Metropolitans de Barcelona; Associaci\u00f3 de Comerciants Creu Coberta. <\/li>\n\n\n\n<li><strong>Any<\/strong>: 1981.<\/li>\n\n\n\n<li><strong>Matr\u00edcula<\/strong>: B-3959-EX.<\/li>\n\n\n\n<li><strong>Marca<\/strong>: Pegaso.<\/li>\n\n\n\n<li><strong>Model<\/strong>: 6038.<\/li>\n\n\n\n<li><strong>Carrosseria<\/strong>:&nbsp;Irizar.<\/li>\n\n\n\n<li><strong>Posada en servei<\/strong>: 1981 (TMB 6158).<\/li>\n\n\n\n<li><strong>Finalitzaci\u00f3 del servei<\/strong>: 2007 (Associaci\u00f3 de Comerciants Creu Coberta).<\/li>\n<\/ul>\n<\/div>\n\n\n\n<div class=\"wp-block-column is-layout-flow wp-block-column-is-layout-flow\">\n<figure class=\"wp-block-image size-full\"><img data-recalc-dims=\"1\" loading=\"lazy\" decoding=\"async\" width=\"1024\" height=\"768\" src=\"https:\/\/i0.wp.com\/www.arca-bus.org\/wp-content\/uploads\/2023\/08\/ARCA_CreuCoberta_10.jpg?resize=1024%2C768&#038;ssl=1\" alt=\"\" class=\"wp-image-576\" srcset=\"https:\/\/i0.wp.com\/www.arca-bus.org\/wp-content\/uploads\/2023\/08\/ARCA_CreuCoberta_10.jpg?w=1024&amp;ssl=1 1024w, https:\/\/i0.wp.com\/www.arca-bus.org\/wp-content\/uploads\/2023\/08\/ARCA_CreuCoberta_10.jpg?resize=300%2C225&amp;ssl=1 300w, https:\/\/i0.wp.com\/www.arca-bus.org\/wp-content\/uploads\/2023\/08\/ARCA_CreuCoberta_10.jpg?resize=768%2C576&amp;ssl=1 768w\" sizes=\"auto, (max-width: 1000px) 100vw, 1000px\" \/><figcaption class=\"wp-element-caption\">Part davantera del vehicle, en el seu estat original.<\/figcaption><\/figure>\n<\/div>\n<\/div>\n\n\n\n<div class=\"wp-block-columns ticss-47831924 is-layout-flex wp-container-core-columns-is-layout-d7d455e7 wp-block-columns-is-layout-flex\" style=\"padding-top:0;padding-right:0;padding-bottom:0;padding-left:0\">\n<div class=\"wp-block-column is-layout-flow wp-block-column-is-layout-flow\">\n<figure class=\"wp-block-image size-full\"><img data-recalc-dims=\"1\" loading=\"lazy\" decoding=\"async\" width=\"1024\" height=\"768\" src=\"https:\/\/i0.wp.com\/www.arca-bus.org\/wp-content\/uploads\/2023\/08\/ARCA_CreuCoberta_11.jpg?resize=1024%2C768&#038;ssl=1\" alt=\"\" class=\"wp-image-578\" srcset=\"https:\/\/i0.wp.com\/www.arca-bus.org\/wp-content\/uploads\/2023\/08\/ARCA_CreuCoberta_11.jpg?w=1024&amp;ssl=1 1024w, https:\/\/i0.wp.com\/www.arca-bus.org\/wp-content\/uploads\/2023\/08\/ARCA_CreuCoberta_11.jpg?resize=300%2C225&amp;ssl=1 300w, https:\/\/i0.wp.com\/www.arca-bus.org\/wp-content\/uploads\/2023\/08\/ARCA_CreuCoberta_11.jpg?resize=768%2C576&amp;ssl=1 768w\" sizes=\"auto, (max-width: 1000px) 100vw, 1000px\" \/><figcaption class=\"wp-element-caption\">Part de darrere del vehicle, en el seu estat original.<\/figcaption><\/figure>\n<\/div>\n\n\n\n<div class=\"wp-block-column is-layout-flow wp-block-column-is-layout-flow\">\n<h2 class=\"wp-block-heading\">Introducci\u00f3<\/h2>\n\n\n\n<p>El Pegaso 6038 va ser el vehicle emblema de la flota de Transports Metropolitans de Barcelona durant la d\u00e8cada dels 80.<\/p>\n\n\n\n<p>Fou l&#8217;evoluci\u00f3 del Pegaso 6035 al qual se li va adaptar una carrosseria m\u00e9s moderna, essent adquirit per nombroses ciutats de l&#8217;Estat espanyol.<\/p>\n<\/div>\n<\/div>\n\n\n\n<div class=\"wp-block-columns is-layout-flex wp-container-core-columns-is-layout-28f84493 wp-block-columns-is-layout-flex\">\n<div class=\"wp-block-column is-layout-flow wp-block-column-is-layout-flow\">\n<h2 class=\"wp-block-heading\">Estat del vehicle<\/h2>\n\n\n\n<p>Actualment aquest vehicle es troba en proc\u00e9s de restauraci\u00f3 amb l\u2019objectiu de deixar-lo en les millors condicions per tal que torni a estar operatiu i pugui circular amb normalitat.<\/p>\n\n\n\n<p>\u00c9s per aix\u00f2 que actualment el Pegaso 6038 es troba inactiu.<\/p>\n<\/div>\n\n\n\n<div class=\"wp-block-column is-layout-flow wp-block-column-is-layout-flow\">\n<figure class=\"wp-block-image size-full\"><img data-recalc-dims=\"1\" loading=\"lazy\" decoding=\"async\" width=\"1024\" height=\"959\" src=\"https:\/\/i0.wp.com\/www.arca-bus.org\/wp-content\/uploads\/2023\/08\/ARCA_CreuCoberta_17.jpg?resize=1024%2C959&#038;ssl=1\" alt=\"\" class=\"wp-image-579\" srcset=\"https:\/\/i0.wp.com\/www.arca-bus.org\/wp-content\/uploads\/2023\/08\/ARCA_CreuCoberta_17.jpg?w=1024&amp;ssl=1 1024w, https:\/\/i0.wp.com\/www.arca-bus.org\/wp-content\/uploads\/2023\/08\/ARCA_CreuCoberta_17.jpg?resize=300%2C281&amp;ssl=1 300w, https:\/\/i0.wp.com\/www.arca-bus.org\/wp-content\/uploads\/2023\/08\/ARCA_CreuCoberta_17.jpg?resize=768%2C719&amp;ssl=1 768w\" sizes=\"auto, (max-width: 1000px) 100vw, 1000px\" \/><figcaption class=\"wp-element-caption\">Estat actual del vehicle.<\/figcaption><\/figure>\n<\/div>\n<\/div>\n\n\n\n<div class=\"wp-block-columns is-layout-flex wp-container-core-columns-is-layout-28f84493 wp-block-columns-is-layout-flex\">\n<div class=\"wp-block-column is-layout-flow wp-block-column-is-layout-flow\">\n<h2 class=\"wp-block-heading\">Hist\u00f2ria<\/h2>\n\n\n\n<p>Des de la posada en servei del primer Pegaso 6038 per part de TMB (Transports Metropolitans de Barcelona) l&#8217;any 1979 (el prototipus 6000), el model va tenir un \u00e8xit rotund i es va popularitzar a tota Espanya, esdevenint aix\u00ed l&#8217;hereu del Pegaso 6035, amb el qual compartia molts aspectes t\u00e8cnics: l&#8217;estructura monocasc Monotral i la disposici\u00f3 dels elements mec\u00e0nics.<\/p>\n\n\n\n<p>TMB va posar en servei 400 unitats entre febrer de 1980 i novembre de 1983 (s\u00e8ries 6000-6262, 7000-7111, 7300-7324). El vehicle preservat per ARCA va ser rebut cap al setembre de 1981 entrant en servei a les l\u00ednies 36, 41, 47 i 51 un mes m\u00e9s tard.<\/p>\n\n\n\n<p>Numerat com a 6158, estava equipat amb canvi manual Wilson i carrosseria Irizar. Cal dir que nombrosos carrossers participaven a l&#8217;entrega de les noves unitats (Irizar, Ugarte, Noge, Van Hool) i no es poden definir amb claredat subs\u00e8ries per carrosser ja que aquests s&#8217;anaven entregant en petits grups o per unitats.<\/p>\n\n\n\n<p>El TMB 6158 va passar la major part de la seva vida activa a la cotxera de Llevant i va sortir de revisi\u00f3 general i pintura amb un nou esquema de colors cap el 9 de mar\u00e7 de 1990. Per aquelles dates canviaria d&#8217;assignaci\u00f3 passant a la cotxera de Ponent on es trobaria fins al final de la seva vida \u00fatil.<\/p>\n\n\n\n<p>L&#8217;any 1996 es va vendre a l&#8217;Associaci\u00f3 de Comerciants de Creu Coberta on va arribar revisat i repintat amb l&#8217;objectiu de fer serveis de promoci\u00f3 comercial i excursions per l&#8217;entitat.<\/p>\n\n\n\n<p>Des d&#8217;aleshores i fins l&#8217;any 2007 ha estat en servei patint diverses modificacions: p\u00e8rdua de seients a l&#8217;interior, instal\u00b7laci\u00f3 de taula, bancs i altres elements auxiliars. Exteriorment es va repintar en color blanc i va ser recobert amb publicitat integral, imatge que lluiria fins el juny de 2005, quan va ser repassat de xapa i repintat amb uns colors semblants als de TMB dels anys 90.<\/p>\n\n\n\n<p>Aquesta darrera intervenci\u00f3 no va ser profunda i un any m\u00e9s tard (2006) presentava un aspecte exterior gens atractiu: l&#8217;\u00f2xid i d&#8217;altres impactes externs cobrien bona part de l&#8217;estructura, fent que l&#8217;autob\u00fas perd\u00e9s l&#8217;atractiu pel qual estava pensat.<\/p>\n\n\n\n<p>Cap a finals de l&#8217;any 2007 l&#8217;Associaci\u00f3 de Comerciants va reconsiderar la continu\u00eftat dels serveis de l&#8217;autob\u00fas mentre que, simult\u00e0niament, un grup de socis d&#8217;ARCA es va oferir a preservar el vehicle. Finalment es va arribar a un acord el 29 de febrer de 2008 pel qual s&#8217;estableix un conveni de col\u00b7laboraci\u00f3 entre ARCA i l&#8217;Associaci\u00f3 de Comerciants Creu Coberta, on els primers es comprometen a prestar els serveis que havia fet fins ara aquest Pegaso 6038 i els segons efectuen donaci\u00f3 del vehicle a ARCA amb l&#8217;objectiu de restaurar-lo i preservar-lo com a vehicle hist\u00f2ric, tot mantenint les inscripcions publicit\u00e0ries de Creu Coberta.<\/p>\n\n\n\n<h2 class=\"wp-block-heading\">Dades t\u00e8cniques<\/h2>\n\n\n\n<ul class=\"wp-block-list\">\n<li><strong>Xass\u00eds<\/strong>: Pegaso 6038.<\/li>\n\n\n\n<li><strong>Motor<\/strong>: Pegaso 9107.<\/li>\n\n\n\n<li><strong>Carrosser<\/strong>: Irizar.<\/li>\n\n\n\n<li><strong>Posada en servei<\/strong>: 1981.<\/li>\n\n\n\n<li><strong>Places<\/strong>: &#8212;<\/li>\n\n\n\n<li><strong>Matr\u00edcula<\/strong>: B-3959-EX.<\/li>\n<\/ul>\n<\/div>\n<\/div>\n\n\n\n<div class=\"wp-block-columns is-layout-flex wp-container-core-columns-is-layout-28f84493 wp-block-columns-is-layout-flex\">\n<div class=\"wp-block-column is-layout-flow wp-block-column-is-layout-flow\">\n<h2 class=\"wp-block-heading\">Galeria d&#8217;imatges<\/h2>\n\n\n<style>      div.simple-google-photos-grid {\n        width:100%;\n        height:100%;\n        overflow:hidden;\n      }\n      div.simple-google-photos-grid-cell {\n        box-sizing:border-box;\n        padding:5px;\n        float:left;\n      }\n      img.simple-google-photos-grid-image {\n        object-fit: cover;\n      }<\/style><div class=\"simple-google-photos-grid\"><div class=\"simple-google-photos-grid-cell\" style=\"width:100%\"><a href=\"https:\/\/photos.app.goo.gl\/SK94DxktReYpp9jW8\" target=\"_blank\"><img decoding=\"async\" src=\"https:\/\/lh3.googleusercontent.com\/pw\/AP1GczMTRV4_Yx6u3A_A1Rurm3xRv94-h5Rwpsu9b71FTOY45uSY2Us6VGSH4Ze7OYLp_VpGfmZFB3rsY_CdBXYQqwMwt56RiWNtUPL4_zjfb7hmaOn-Nkg\" alt=\"Google Photo\" class=\"simple-google-photos-grid-image\"><\/a><\/div><div class=\"simple-google-photos-grid-cell\" style=\"width:100%\"><a href=\"https:\/\/photos.app.goo.gl\/SK94DxktReYpp9jW8\" target=\"_blank\"><img decoding=\"async\" src=\"https:\/\/lh3.googleusercontent.com\/pw\/AP1GczMtZYIrh4phIpIN1POe7BjEWNI8okrcK6MF-1hs8O1BO6J6P9Fnk4ktA84HuyWnpTyk1APa4oRRwQ1B_H7o44AqJVUnrretxG_wPSYhIEmWJiABH2Q\" alt=\"Google Photo\" class=\"simple-google-photos-grid-image\"><\/a><\/div><div class=\"simple-google-photos-grid-cell\" style=\"width:100%\"><a href=\"https:\/\/photos.app.goo.gl\/SK94DxktReYpp9jW8\" target=\"_blank\"><img decoding=\"async\" src=\"https:\/\/lh3.googleusercontent.com\/pw\/AP1GczNbu8zsfYO_q5E_ySj4xM7Wqj12yojySChqOQCJ9VcCVEok7kGzYUKhIFKWnjmCwjf3UHfXqhSIlul00StjA3v3obzNhPYEzcRSesJ9Qr8eZNkjtqU\" alt=\"Google Photo\" class=\"simple-google-photos-grid-image\"><\/a><\/div><div class=\"simple-google-photos-grid-cell\" style=\"width:100%\"><a href=\"https:\/\/photos.app.goo.gl\/SK94DxktReYpp9jW8\" target=\"_blank\"><img decoding=\"async\" src=\"https:\/\/lh3.googleusercontent.com\/pw\/AP1GczOHIHbsO59G-bpqXjrJJc75aYI5jDhgz6lSu2uMXm-YWES2ZGX5Qh_B5mn_7EaHRl1ie86xmXAl6e_XDhg3uzBtJwupxbrDnR4UfPj1WpYio-PrjA0\" alt=\"Google Photo\" class=\"simple-google-photos-grid-image\"><\/a><\/div><div class=\"simple-google-photos-grid-cell\" style=\"width:100%\"><a href=\"https:\/\/photos.app.goo.gl\/SK94DxktReYpp9jW8\" target=\"_blank\"><img decoding=\"async\" src=\"https:\/\/lh3.googleusercontent.com\/pw\/AP1GczPA0uEsEe7HKhRSa69rmmIF22o8qpvSiuPTXJ9TGlbSXMVED5_K3MV1T4htofo875vf3ZPmI_lxqtsu88eAppOhGB9feCZTjpl5ZIkTVfxwyfJFKyk\" alt=\"Google Photo\" class=\"simple-google-photos-grid-image\"><\/a><\/div><div class=\"simple-google-photos-grid-cell\" style=\"width:100%\"><a href=\"https:\/\/photos.app.goo.gl\/SK94DxktReYpp9jW8\" target=\"_blank\"><img decoding=\"async\" src=\"https:\/\/lh3.googleusercontent.com\/pw\/AP1GczOPnZRCRy3H2bc5YIQU3QupHXhRnGvd1322ATBN1l8Z7rGcuEYo6zwVob_I1-2K9ufDqXV27KvNjlMPF3_SQevemZA5-AUB6C0Mef4waD8JKUUDiVg\" alt=\"Google Photo\" class=\"simple-google-photos-grid-image\"><\/a><\/div><div class=\"simple-google-photos-grid-cell\" style=\"width:100%\"><a href=\"https:\/\/photos.app.goo.gl\/SK94DxktReYpp9jW8\" target=\"_blank\"><img decoding=\"async\" src=\"https:\/\/lh3.googleusercontent.com\/pw\/AP1GczNeOLbUDIVyaEHK6Dv2icMpSAgE55Vx73WTw75iVXb0wZvYUAPVK6XXSubAaqboa6FY1t0Zoe1586oWsWZIXo9ax0r7m32k5Y4CGE2jVwWOynbEq4E\" alt=\"Google Photo\" class=\"simple-google-photos-grid-image\"><\/a><\/div><div class=\"simple-google-photos-grid-cell\" style=\"width:100%\"><a href=\"https:\/\/photos.app.goo.gl\/SK94DxktReYpp9jW8\" target=\"_blank\"><img decoding=\"async\" src=\"https:\/\/lh3.googleusercontent.com\/pw\/AP1GczNYcLdsj4FFmK-EbJx_dNIsx14nIoBTz7DeQx7hSIvBAvsy8sFrXQ_dQjtn6AWpLE0Zn8ZWyKpvR892oOZJAbsF1g9ZGuCwqFfuLNwuMTHiCdpxvU0\" alt=\"Google Photo\" class=\"simple-google-photos-grid-image\"><\/a><\/div><div class=\"simple-google-photos-grid-cell\" style=\"width:100%\"><a href=\"https:\/\/photos.app.goo.gl\/SK94DxktReYpp9jW8\" target=\"_blank\"><img decoding=\"async\" src=\"https:\/\/lh3.googleusercontent.com\/pw\/AP1GczNFBkvY48Y3DJ1rpKykcR8i9iai-jHnDVFoFk9lkGfl4i6jfbZdC4ECvUPxK-WVZnDBTSnyPQV7sUwsysPEqg-Zam4xy6PbsaNCosf-9LkBTGxvvUQ\" alt=\"Google Photo\" class=\"simple-google-photos-grid-image\"><\/a><\/div><div class=\"simple-google-photos-grid-cell\" style=\"width:100%\"><a href=\"https:\/\/photos.app.goo.gl\/SK94DxktReYpp9jW8\" target=\"_blank\"><img decoding=\"async\" src=\"https:\/\/lh3.googleusercontent.com\/pw\/AP1GczP1d1Yrbhwrm9BC6ABPqWVIvWIkoMTCRC3WCTtg5a5HwVy0jk0CVKTJG-_OY80pMc7JbJb9G7tba7f3f08aE0sihxg5YMvNGRuUIru0cMqbpcPody4\" alt=\"Google Photo\" class=\"simple-google-photos-grid-image\"><\/a><\/div><div class=\"simple-google-photos-grid-cell\" style=\"width:100%\"><a href=\"https:\/\/photos.app.goo.gl\/SK94DxktReYpp9jW8\" target=\"_blank\"><img decoding=\"async\" src=\"https:\/\/lh3.googleusercontent.com\/pw\/AP1GczMwc1EQfQgqJtIWTu_gFIVE8QEc2iuVkQtuOIRML0HABtD4InagV36zFWfZQdTEJRGJifFvmKEabs1OJVn0x_lW7GUpH6P7g8yH73jnlTP7Iw9Qj6s\" alt=\"Google Photo\" class=\"simple-google-photos-grid-image\"><\/a><\/div><div class=\"simple-google-photos-grid-cell\" style=\"width:100%\"><a href=\"https:\/\/photos.app.goo.gl\/SK94DxktReYpp9jW8\" target=\"_blank\"><img decoding=\"async\" src=\"https:\/\/lh3.googleusercontent.com\/pw\/AP1GczNjc0EIzMV9bT9UnIR0dsE6naPDOZPvbitrf8_YMw6S2PARCr51qnUVZa8WVnb83yBleNN6JiQJSzZkTz4yuoayIYI7iyndoDLVyjKXhHjTl-b-Ii4\" alt=\"Google Photo\" class=\"simple-google-photos-grid-image\"><\/a><\/div><div class=\"simple-google-photos-grid-cell\" style=\"width:100%\"><a href=\"https:\/\/photos.app.goo.gl\/SK94DxktReYpp9jW8\" target=\"_blank\"><img decoding=\"async\" src=\"https:\/\/lh3.googleusercontent.com\/pw\/AP1GczPo3aVI2O9biHkaO4h-vDYQQl29yNI4d0u1TJmRXXrh9g9BFG-7n61darczY12PvKGkN6f4KW7K9eganZHoqdfPArdMBd6-gfw6SeHDA9JMqCgxPbM\" alt=\"Google Photo\" class=\"simple-google-photos-grid-image\"><\/a><\/div><div class=\"simple-google-photos-grid-cell\" style=\"width:100%\"><a href=\"https:\/\/photos.app.goo.gl\/SK94DxktReYpp9jW8\" target=\"_blank\"><img decoding=\"async\" src=\"https:\/\/lh3.googleusercontent.com\/pw\/AP1GczPesccADL2tz6Kc-AgkI-YxQ9GE2cSpyNeirPqhaQTY6DcP1pBGzwR3_8jLp-KNjR-RZ6ZVVBMHAh1s8j3eLcQf1pG9ErDHOVuXc47PcFov_9ark6I\" alt=\"Google Photo\" class=\"simple-google-photos-grid-image\"><\/a><\/div><div class=\"simple-google-photos-grid-cell\" style=\"width:100%\"><a href=\"https:\/\/photos.app.goo.gl\/SK94DxktReYpp9jW8\" target=\"_blank\"><img decoding=\"async\" src=\"https:\/\/lh3.googleusercontent.com\/pw\/AP1GczPcCK9sUkuZrjhOk1jtNQWwPfpOeojd4U4pgXv4Knw6jp9WpLy5zO20I3BzUwRZXwBLVpn940NOLre45matZ7tO1MljgK1VYlCfdK-Sb5CF_SCcUw8\" alt=\"Google Photo\" class=\"simple-google-photos-grid-image\"><\/a><\/div><\/div><script data-jetpack-boost=\"ignore\">      (function() {\n        if( window.jQuery ){\n          jQuery( document ).ready(function() {\n            jQuery(\"div.simple-google-photos-grid\").each(function(i){\n              var container = jQuery(this);\n              var width = container.find(\"div.simple-google-photos-grid-cell\").first().width();\n              container.find(\"img.simple-google-photos-grid-image\").css(\"width\", width).css(\"height\", width);\n            });\n          });\n        }\n      })();<\/script>\n<\/div>\n<\/div>\n","protected":false},"excerpt":{"rendered":"<p>Dades b\u00e0siques Introducci\u00f3 El Pegaso 6038 va ser el vehicle emblema de la flota de Transports Metropolitans de Barcelona durant la d\u00e8cada dels 80. Fou l&#8217;evoluci\u00f3 del Pegaso 6035 al qual se li va adaptar una carrosseria m\u00e9s moderna, essent adquirit per nombroses ciutats de l&#8217;Estat espanyol. Estat del vehicle Actualment aquest vehicle es troba [&hellip;]<\/p>\n","protected":false},"author":1,"featured_media":576,"parent":0,"menu_order":0,"comment_status":"closed","ping_status":"closed","template":"","meta":{"_themeisle_gutenberg_block_has_review":false,"footnotes":""},"class_list":["post-518","page","type-page","status-publish","has-post-thumbnail","hentry"],"_links":{"self":[{"href":"https:\/\/www.arca-bus.org\/ca\/wp-json\/wp\/v2\/pages\/518","targetHints":{"allow":["GET"]}}],"collection":[{"href":"https:\/\/www.arca-bus.org\/ca\/wp-json\/wp\/v2\/pages"}],"about":[{"href":"https:\/\/www.arca-bus.org\/ca\/wp-json\/wp\/v2\/types\/page"}],"author":[{"embeddable":true,"href":"https:\/\/www.arca-bus.org\/ca\/wp-json\/wp\/v2\/users\/1"}],"replies":[{"embeddable":true,"href":"https:\/\/www.arca-bus.org\/ca\/wp-json\/wp\/v2\/comments?post=518"}],"version-history":[{"count":5,"href":"https:\/\/www.arca-bus.org\/ca\/wp-json\/wp\/v2\/pages\/518\/revisions"}],"predecessor-version":[{"id":580,"href":"https:\/\/www.arca-bus.org\/ca\/wp-json\/wp\/v2\/pages\/518\/revisions\/580"}],"wp:featuredmedia":[{"embeddable":true,"href":"https:\/\/www.arca-bus.org\/ca\/wp-json\/wp\/v2\/media\/576"}],"wp:attachment":[{"href":"https:\/\/www.arca-bus.org\/ca\/wp-json\/wp\/v2\/media?parent=518"}],"curies":[{"name":"wp","href":"https:\/\/api.w.org\/{rel}","templated":true}]}}