{"id":476,"date":"2023-08-30T17:30:40","date_gmt":"2023-08-30T16:30:40","guid":{"rendered":"https:\/\/www.arca-bus.org\/?page_id=476"},"modified":"2023-08-30T23:06:34","modified_gmt":"2023-08-30T22:06:34","slug":"pegaso-5023-cl","status":"publish","type":"page","link":"https:\/\/www.arca-bus.org\/ca\/pegaso-5023-cl\/","title":{"rendered":"Pegaso 5023\/CL &#8220;El 25&#8221; (1975)"},"content":{"rendered":"\n<div class=\"wp-block-columns is-layout-flex wp-container-core-columns-is-layout-28f84493 wp-block-columns-is-layout-flex\">\n<div class=\"wp-block-column is-layout-flow wp-block-column-is-layout-flow\">\n<h2 class=\"wp-block-heading\">Dades b\u00e0siques<\/h2>\n\n\n\n<ul class=\"wp-block-list\">\n<li><strong>Propietari actual<\/strong>: ARCA.<\/li>\n\n\n\n<li><strong>Propietari original<\/strong>: Universitat Aut\u00f2noma de Barcelona.<\/li>\n\n\n\n<li><strong>Any<\/strong>: 1975.<\/li>\n\n\n\n<li><strong>Matr\u00edcula<\/strong>: PMM-25718 (B-0360-AW).<\/li>\n\n\n\n<li><strong>Marca<\/strong>: Pegaso.<\/li>\n\n\n\n<li><strong>Model<\/strong>: 5023\/CL.<\/li>\n\n\n\n<li><strong>Carrosseria<\/strong>:&nbsp;Unicar U-75.<\/li>\n\n\n\n<li><strong>Posada en servei<\/strong>: 1975.<\/li>\n\n\n\n<li><strong>Finalitzaci\u00f3 del servei<\/strong>: 2003.<\/li>\n<\/ul>\n<\/div>\n\n\n\n<div class=\"wp-block-column is-layout-flow wp-block-column-is-layout-flow\">\n<figure class=\"wp-block-image size-full\"><img data-recalc-dims=\"1\" loading=\"lazy\" decoding=\"async\" width=\"1024\" height=\"680\" src=\"https:\/\/i0.wp.com\/www.arca-bus.org\/wp-content\/uploads\/2023\/08\/ARCA_25_J_gran.jpg?resize=1024%2C680&#038;ssl=1\" alt=\"\" class=\"wp-image-477\" srcset=\"https:\/\/i0.wp.com\/www.arca-bus.org\/wp-content\/uploads\/2023\/08\/ARCA_25_J_gran.jpg?w=1024&amp;ssl=1 1024w, https:\/\/i0.wp.com\/www.arca-bus.org\/wp-content\/uploads\/2023\/08\/ARCA_25_J_gran.jpg?resize=300%2C199&amp;ssl=1 300w, https:\/\/i0.wp.com\/www.arca-bus.org\/wp-content\/uploads\/2023\/08\/ARCA_25_J_gran.jpg?resize=768%2C510&amp;ssl=1 768w\" sizes=\"auto, (max-width: 1000px) 100vw, 1000px\" \/><figcaption class=\"wp-element-caption\">Part davantera del vehicle.<\/figcaption><\/figure>\n<\/div>\n<\/div>\n\n\n\n<div class=\"wp-block-columns ticss-47831924 is-layout-flex wp-container-core-columns-is-layout-d7d455e7 wp-block-columns-is-layout-flex\" style=\"padding-top:0;padding-right:0;padding-bottom:0;padding-left:0\">\n<div class=\"wp-block-column is-layout-flow wp-block-column-is-layout-flow\">\n<figure class=\"wp-block-image size-full\"><img data-recalc-dims=\"1\" loading=\"lazy\" decoding=\"async\" width=\"1024\" height=\"680\" src=\"https:\/\/i0.wp.com\/www.arca-bus.org\/wp-content\/uploads\/2023\/08\/ARCA_25_K_gran.jpg?resize=1024%2C680&#038;ssl=1\" alt=\"\" class=\"wp-image-478\" srcset=\"https:\/\/i0.wp.com\/www.arca-bus.org\/wp-content\/uploads\/2023\/08\/ARCA_25_K_gran.jpg?w=1024&amp;ssl=1 1024w, https:\/\/i0.wp.com\/www.arca-bus.org\/wp-content\/uploads\/2023\/08\/ARCA_25_K_gran.jpg?resize=300%2C199&amp;ssl=1 300w, https:\/\/i0.wp.com\/www.arca-bus.org\/wp-content\/uploads\/2023\/08\/ARCA_25_K_gran.jpg?resize=768%2C510&amp;ssl=1 768w\" sizes=\"auto, (max-width: 1000px) 100vw, 1000px\" \/><figcaption class=\"wp-element-caption\">Part de darrere del vehicle.<\/figcaption><\/figure>\n<\/div>\n\n\n\n<div class=\"wp-block-column is-layout-flow wp-block-column-is-layout-flow\">\n<h2 class=\"wp-block-heading\">Introducci\u00f3<\/h2>\n\n\n\n<p>El Pegaso 5023\/CL \u00e9s un autob\u00fas amb 40 places assegudes de capacitat i amb un motor de 185 CV, adquirit l&#8217;any 1975 per la Universitat Aut\u00f2noma de Barcelona per al servei llan\u00e7adora entre les estacions de ferrocarril i el campus universitari. D&#8217;aqu\u00ed que aquest vehicle dugu\u00e9s origin\u00e0riament matr\u00edcula del Parc M\u00f2bil de Ministeris (PMM).<\/p>\n\n\n\n<p>L&#8217;elevat n\u00famero de places fa d&#8217;aquest un vehicle idoni per al servei al qual va ser destinat, amb elevades quantitats d&#8217;estudiants despla\u00e7ant-se entre les facultats i les estacions de ferrocarril.<\/p>\n<\/div>\n<\/div>\n\n\n\n<div class=\"wp-block-columns is-layout-flex wp-container-core-columns-is-layout-28f84493 wp-block-columns-is-layout-flex\">\n<div class=\"wp-block-column is-layout-flow wp-block-column-is-layout-flow\">\n<h2 class=\"wp-block-heading\">Estat del vehicle<\/h2>\n\n\n\n<p>Aquest vehicle va circular tota la seva vida \u00fatil al servei del campus, excepte pels Jocs Ol\u00edmpics de Barcelona de 1992.<\/p>\n\n\n\n<p>Va ser retirat del servei l&#8217;any 2003, i va quedar aparcat a les instal\u00b7lacions de la UAB fins l&#8217;any 2006, on la universitat va donar el vehicle a ARCA per a que l&#8217;associaci\u00f3 se&#8217;n fes c\u00e0rrec.<\/p>\n\n\n\n<p>L&#8217;any 2008 va ser restaurat per ARCA, i va circular fins al 2012, quan va ser retirat per sotmetre&#8217;l a una actuaci\u00f3 m\u00e9s profunda sobretot a nivell estructural. Avui dia el vehicle continua aturat, pendent d&#8217;aquesta reforma, a m\u00e9s d&#8217;un futur sanejat de xapa i repintat.<\/p>\n<\/div>\n\n\n\n<div class=\"wp-block-column is-layout-flow wp-block-column-is-layout-flow\">\n<figure class=\"wp-block-image size-full\"><img data-recalc-dims=\"1\" loading=\"lazy\" decoding=\"async\" width=\"991\" height=\"552\" src=\"https:\/\/i0.wp.com\/www.arca-bus.org\/wp-content\/uploads\/2023\/08\/arca_22_F_gran.jpg?resize=991%2C552&#038;ssl=1\" alt=\"\" class=\"wp-image-479\" srcset=\"https:\/\/i0.wp.com\/www.arca-bus.org\/wp-content\/uploads\/2023\/08\/arca_22_F_gran.jpg?w=991&amp;ssl=1 991w, https:\/\/i0.wp.com\/www.arca-bus.org\/wp-content\/uploads\/2023\/08\/arca_22_F_gran.jpg?resize=300%2C167&amp;ssl=1 300w, https:\/\/i0.wp.com\/www.arca-bus.org\/wp-content\/uploads\/2023\/08\/arca_22_F_gran.jpg?resize=768%2C428&amp;ssl=1 768w\" sizes=\"auto, (max-width: 991px) 100vw, 991px\" \/><figcaption class=\"wp-element-caption\">Imatge del 25 i un germ\u00e0 seu a davant de la Fira de Montju\u00efc durant els Jocs Ol\u00edmpics de Barcelona de 1992.<\/figcaption><\/figure>\n<\/div>\n<\/div>\n\n\n\n<div class=\"wp-block-columns is-layout-flex wp-container-core-columns-is-layout-28f84493 wp-block-columns-is-layout-flex\">\n<div class=\"wp-block-column is-layout-flow wp-block-column-is-layout-flow\">\n<h2 class=\"wp-block-heading\">Hist\u00f2ria<\/h2>\n\n\n\n<p>La Universitat Aut\u00f2noma de Barcelona, coincidint amb l\u2019ampliaci\u00f3 de les seves instal.lacions, va adquirir en 1975 sis nous vehicles Pegaso 5023-CL per fer el servei de llan\u00e7adera entre les estacions de ferrocarril i les facultats universit\u00e0ries. La s\u00e8rie assignada \u00e9s la n\u00bas 21-26, si b\u00e9 la seva caracter\u00edstica m\u00e9s notable \u00e9s que posseeixen doble matriculaci\u00f3: la del Parc M\u00f2bil de Ministeris (PMM-xxxxx) i l\u2019oficial (B-xxxx-AW), si b\u00e9 aquesta darrera no l\u2019han fet servir mai, a excepci\u00f3 del n\u00ba 21.<\/p>\n\n\n\n<p>Els vehicles van substitu\u00efr als 6 Chausson ex-Transports de Barcelona amb prop de 20 anys d\u2019antig\u00fcitat que prest\u00e0ven servei en aquell moment. Amb l\u2019arribada dels Ferrocarrils de la Generalitat al centre del Campus el servei de llan\u00e7adera queda concentrat tan sols a l\u2019estaci\u00f3 de RENFE de Cerdanyola a mitjans del anys 80, per\u00f2 el nombre de facultats no deixava de cr\u00e8ixer al mateix temps que els problemes de tr\u00e0nsit als accessos, la qual cosa obligava a refor\u00e7ar constantment el servei entre l\u2019estaci\u00f3 de Cerdanyola-Renfe i el campus. Aix\u00ed doncs, cap a finals dels anys 80 i fins l\u2019any 1992 es van adquirir fins a 14 vehicles articulats Pegaso 6035-A ex-TB de m\u00e9s capacitat, i que van anar empenyent la s\u00e8rie 21-26 a la reserva i posteriorment retirada definitiva poc despr\u00e9s de l\u2019arribada de la Renfe a prop del campus a principis dels anys 90 i coincidint amb la compra dels Pegaso 6420 ex-TMB. Nom\u00e9s el cotxe 21 va quedar operatiu amb matr\u00edcula B-AW per fer serveis promocionals a l\u2019exterior de la UAB.<\/p>\n\n\n\n<p>Des de la seva retirada de servei en el 2003 fins al 2006, quatre vehicles de la s\u00e8rie han estat apartats a la cotxera de l\u2019UAB: 21 (en servei espor\u00e0dic), 23, 25 i 26. Actualment, el n\u00ba 21 ha estat preservat per la mateixa Universitat Aut\u00f2noma de Barcelona, mentre que el n\u00ba 23 est\u00e0 preservat per l\u2019associaci\u00f3 AAAC de Madrid i el n\u00ba 25 per l\u2019associaci\u00f3 ARCA. La donaci\u00f3 dels vehicles s\u2019ha fet sota la condici\u00f3 de que es restaurin amb els colors originals i logotipus de la Universitat Aut\u00f2noma.<\/p>\n\n\n\n<p>Despr\u00e9s d\u2019un intens proc\u00e9s de restauraci\u00f3 el 25 es repintat durant el mes d\u2019abril del 2008 recuperant aix\u00ed el seu aspecte original a la UAB. Cap a l\u2019any 2012 es retirat de servei per procedir a una actuaci\u00f3 m\u00e9s profunda a l\u2019estructura, i a hores d\u2019ara es troba encara pendent de la reforma.<\/p>\n\n\n\n<h2 class=\"wp-block-heading\">Dades t\u00e8cniques<\/h2>\n\n\n\n<ul class=\"wp-block-list\">\n<li><strong>Xass\u00eds<\/strong>: Pegaso.<\/li>\n\n\n\n<li><strong>Motor<\/strong>: 5023\/CL.<\/li>\n\n\n\n<li><strong>Carrosser<\/strong>: Urbas U-75.<\/li>\n\n\n\n<li><strong>Posada en servei<\/strong>: 1975.<\/li>\n\n\n\n<li><strong>Places<\/strong>: 40 + conductor.<\/li>\n\n\n\n<li><strong>Matr\u00edcula<\/strong>: PMM-25718 (B-0360-AW).<\/li>\n<\/ul>\n<\/div>\n<\/div>\n\n\n\n<div class=\"wp-block-columns is-layout-flex wp-container-core-columns-is-layout-28f84493 wp-block-columns-is-layout-flex\">\n<div class=\"wp-block-column is-layout-flow wp-block-column-is-layout-flow\">\n<h2 class=\"wp-block-heading\">Galeria d&#8217;imatges<\/h2>\n\n\n<style>      div.simple-google-photos-grid {\n        width:100%;\n        height:100%;\n        overflow:hidden;\n      }\n      div.simple-google-photos-grid-cell {\n        box-sizing:border-box;\n        padding:5px;\n        float:left;\n      }\n      img.simple-google-photos-grid-image {\n        object-fit: cover;\n      }<\/style><div class=\"simple-google-photos-grid\"><div class=\"simple-google-photos-grid-cell\" style=\"width:100%\"><a href=\"https:\/\/photos.app.goo.gl\/r3PuEJV9PtmT2EgS8\" target=\"_blank\"><img decoding=\"async\" src=\"https:\/\/lh3.googleusercontent.com\/pw\/AP1GczNft2AZrxGpwVhx8YKliU6ioayyGjQ5OO8Mqj1mB1xOdR9ofPflRugjU_x-K_ug-TlzjlJuQL7qKLVBL1JsXPUDsIfZKoqnk9gn7BVU2DJHUDhJ7po\" alt=\"Google Photo\" class=\"simple-google-photos-grid-image\"><\/a><\/div><div class=\"simple-google-photos-grid-cell\" style=\"width:100%\"><a href=\"https:\/\/photos.app.goo.gl\/r3PuEJV9PtmT2EgS8\" target=\"_blank\"><img decoding=\"async\" src=\"https:\/\/lh3.googleusercontent.com\/pw\/AP1GczN6lSq1g4BC0jDkASB1_H_msCx47OLsHpWCTZPgD6Jd7rBHgY-lipc3MLnF8xc1Xk3x1tux54xZkqwLduZ6dmSKwVpILldZj6hnYSRwIM_tiwLB0Co\" alt=\"Google Photo\" class=\"simple-google-photos-grid-image\"><\/a><\/div><div class=\"simple-google-photos-grid-cell\" style=\"width:100%\"><a href=\"https:\/\/photos.app.goo.gl\/r3PuEJV9PtmT2EgS8\" target=\"_blank\"><img decoding=\"async\" src=\"https:\/\/lh3.googleusercontent.com\/pw\/AP1GczOlUT_Mq4rYe_SBwNvrEwqsrELB78kZsySpX6-vCNN9lkS8DIbO618TmpByZBgaj5CWwlArGMg9HnYDF7hS2GhrAR9VVRGrVgoHfrKCR1srPWr7rCI\" alt=\"Google Photo\" class=\"simple-google-photos-grid-image\"><\/a><\/div><div class=\"simple-google-photos-grid-cell\" style=\"width:100%\"><a href=\"https:\/\/photos.app.goo.gl\/r3PuEJV9PtmT2EgS8\" target=\"_blank\"><img decoding=\"async\" src=\"https:\/\/lh3.googleusercontent.com\/pw\/AP1GczNg8UJf_bdk4Y9-dPGFi_0dWa0RQCjozkv9joPuaOGFn-vlKcxzxkCG8lvg9Toi9fO_Xzb_oYmOCK6YXurt8Tj8STkxb8VsA8uox5e1M2Y1U2pLFRw\" alt=\"Google Photo\" class=\"simple-google-photos-grid-image\"><\/a><\/div><div class=\"simple-google-photos-grid-cell\" style=\"width:100%\"><a href=\"https:\/\/photos.app.goo.gl\/r3PuEJV9PtmT2EgS8\" target=\"_blank\"><img decoding=\"async\" src=\"https:\/\/lh3.googleusercontent.com\/pw\/AP1GczOKwz8VIM9n8hwGyNoCpQFYgLZUkZzynO6O0omgjf9DBeC0mey1wvUWGwR3Nma_FdD_eVLGzyNW88-VzVo6JdxsHPdkP8O8lngORAuM5sGVaEbn1eY\" alt=\"Google Photo\" class=\"simple-google-photos-grid-image\"><\/a><\/div><div class=\"simple-google-photos-grid-cell\" style=\"width:100%\"><a href=\"https:\/\/photos.app.goo.gl\/r3PuEJV9PtmT2EgS8\" target=\"_blank\"><img decoding=\"async\" src=\"https:\/\/lh3.googleusercontent.com\/pw\/AP1GczNpVFrDbfZLL0j0k_sYjQerRJiWC6XUqHTn1HQaj4Wkbld7X3I67zNZdMdneqqZG_UvrY3x4uW2w0g9-3R3HyIyyEu1wfSxTfaNuKSXsI-Vubfty7w\" alt=\"Google Photo\" class=\"simple-google-photos-grid-image\"><\/a><\/div><div class=\"simple-google-photos-grid-cell\" style=\"width:100%\"><a href=\"https:\/\/photos.app.goo.gl\/r3PuEJV9PtmT2EgS8\" target=\"_blank\"><img decoding=\"async\" src=\"https:\/\/lh3.googleusercontent.com\/pw\/AP1GczMP_b9kJfD4Sn7rVHYTnWuEt5Pv47rRVG3ItkTXu7MkCYCUIxc5ovOfj5ahxzjPwXKhp-Ly4mF4EMsx4DUVcyeuS9E32mRtgWJUyeW-sWy_NdT4iBg\" alt=\"Google Photo\" class=\"simple-google-photos-grid-image\"><\/a><\/div><\/div><script data-jetpack-boost=\"ignore\">      (function() {\n        if( window.jQuery ){\n          jQuery( document ).ready(function() {\n            jQuery(\"div.simple-google-photos-grid\").each(function(i){\n              var container = jQuery(this);\n              var width = container.find(\"div.simple-google-photos-grid-cell\").first().width();\n              container.find(\"img.simple-google-photos-grid-image\").css(\"width\", width).css(\"height\", width);\n            });\n          });\n        }\n      })();<\/script>\n<\/div>\n<\/div>\n","protected":false},"excerpt":{"rendered":"<p>Dades b\u00e0siques Introducci\u00f3 El Pegaso 5023\/CL \u00e9s un autob\u00fas amb 40 places assegudes de capacitat i amb un motor de 185 CV, adquirit l&#8217;any 1975 per la Universitat Aut\u00f2noma de Barcelona per al servei llan\u00e7adora entre les estacions de ferrocarril i el campus universitari. D&#8217;aqu\u00ed que aquest vehicle dugu\u00e9s origin\u00e0riament matr\u00edcula del Parc M\u00f2bil de [&hellip;]<\/p>\n","protected":false},"author":1,"featured_media":477,"parent":0,"menu_order":0,"comment_status":"closed","ping_status":"closed","template":"","meta":{"_themeisle_gutenberg_block_has_review":false,"footnotes":""},"class_list":["post-476","page","type-page","status-publish","has-post-thumbnail","hentry"],"_links":{"self":[{"href":"https:\/\/www.arca-bus.org\/ca\/wp-json\/wp\/v2\/pages\/476","targetHints":{"allow":["GET"]}}],"collection":[{"href":"https:\/\/www.arca-bus.org\/ca\/wp-json\/wp\/v2\/pages"}],"about":[{"href":"https:\/\/www.arca-bus.org\/ca\/wp-json\/wp\/v2\/types\/page"}],"author":[{"embeddable":true,"href":"https:\/\/www.arca-bus.org\/ca\/wp-json\/wp\/v2\/users\/1"}],"replies":[{"embeddable":true,"href":"https:\/\/www.arca-bus.org\/ca\/wp-json\/wp\/v2\/comments?post=476"}],"version-history":[{"count":2,"href":"https:\/\/www.arca-bus.org\/ca\/wp-json\/wp\/v2\/pages\/476\/revisions"}],"predecessor-version":[{"id":582,"href":"https:\/\/www.arca-bus.org\/ca\/wp-json\/wp\/v2\/pages\/476\/revisions\/582"}],"wp:featuredmedia":[{"embeddable":true,"href":"https:\/\/www.arca-bus.org\/ca\/wp-json\/wp\/v2\/media\/477"}],"wp:attachment":[{"href":"https:\/\/www.arca-bus.org\/ca\/wp-json\/wp\/v2\/media?parent=476"}],"curies":[{"name":"wp","href":"https:\/\/api.w.org\/{rel}","templated":true}]}}