{"id":421,"date":"2023-08-29T15:15:35","date_gmt":"2023-08-29T14:15:35","guid":{"rendered":"https:\/\/www.arca-bus.org\/?page_id=421"},"modified":"2025-09-05T18:43:43","modified_gmt":"2025-09-05T17:43:43","slug":"rallibus-sabadell","status":"publish","type":"page","link":"https:\/\/www.arca-bus.org\/ca\/rallibus-sabadell\/","title":{"rendered":"15\u00e8 Ral\u00b7lib\u00fas de Sabadell"},"content":{"rendered":"\n<div class=\"wp-block-columns is-layout-flex wp-container-core-columns-is-layout-28f84493 wp-block-columns-is-layout-flex\">\n<div class=\"wp-block-column is-layout-flow wp-block-column-is-layout-flow\" style=\"flex-basis:30%\">\n<figure class=\"wp-block-image size-large\"><img data-recalc-dims=\"1\" loading=\"lazy\" decoding=\"async\" width=\"724\" height=\"1024\" src=\"https:\/\/i0.wp.com\/www.arca-bus.org\/wp-content\/uploads\/2025\/09\/rallibussbd2025.jpg?resize=724%2C1024&#038;ssl=1\" alt=\"\" class=\"wp-image-756\" srcset=\"https:\/\/i0.wp.com\/www.arca-bus.org\/wp-content\/uploads\/2025\/09\/rallibussbd2025.jpg?resize=724%2C1024&amp;ssl=1 724w, https:\/\/i0.wp.com\/www.arca-bus.org\/wp-content\/uploads\/2025\/09\/rallibussbd2025.jpg?resize=212%2C300&amp;ssl=1 212w, https:\/\/i0.wp.com\/www.arca-bus.org\/wp-content\/uploads\/2025\/09\/rallibussbd2025.jpg?resize=768%2C1087&amp;ssl=1 768w, https:\/\/i0.wp.com\/www.arca-bus.org\/wp-content\/uploads\/2025\/09\/rallibussbd2025.jpg?resize=1085%2C1536&amp;ssl=1 1085w, https:\/\/i0.wp.com\/www.arca-bus.org\/wp-content\/uploads\/2025\/09\/rallibussbd2025.jpg?resize=1447%2C2048&amp;ssl=1 1447w, https:\/\/i0.wp.com\/www.arca-bus.org\/wp-content\/uploads\/2025\/09\/rallibussbd2025.jpg?resize=8%2C12&amp;ssl=1 8w, https:\/\/i0.wp.com\/www.arca-bus.org\/wp-content\/uploads\/2025\/09\/rallibussbd2025.jpg?w=1809&amp;ssl=1 1809w\" sizes=\"auto, (max-width: 724px) 100vw, 724px\" \/><\/figure>\n<\/div>\n\n\n\n<div class=\"wp-block-column is-layout-flow wp-block-column-is-layout-flow\">\n<p>El Ral\u00b7lib\u00fas de Sabadell arriba aquest 2025 a la seva quinzena edici\u00f3. El proper <strong>dissabte 6 de setembre<\/strong>, <strong>des de les 11.00h i fins a les 18.00h<\/strong>, en el marc de la <strong>Festa Major de Sabadell<\/strong>, podreu gaudir de viatges gratu\u00efts entre l&#8217;Estaci\u00f3 d&#8217;autobusos de Sabadell (pl. Clara Campoamor) i el Parc Catalunya, a on podreu pujar al trenet dels nostres amics de <a href=\"http:\/\/www.cemfes.org\/\" data-type=\"link\" data-id=\"http:\/\/www.cemfes.org\/\">CEMFES<\/a>, durant el mat\u00ed. A la tarda podreu escollir entre tres l\u00ednies que us portaran fins a Torre Romeu, el Poblenou, les Termes i la Roureda (\u00fanica parada Estaci\u00f3, recorregut circular).<\/p>\n\n\n\n<p>Podreu escollir entre <strong>7 autobusos<\/strong> d&#8217;entre 1968 i 1998 per viatjar i tornar al passat. D&#8217;aquests, 6 s\u00f3n nostres i l&#8217;altre ens el cedeix per a aquest esdeveniment <a href=\"https:\/\/tus.es\/index.php\/ca\/\">Transports Urbans de Sabadell<\/a> (TUS).<\/p>\n\n\n\n<p>Prement als botons de sota podreu veure m\u00e9s informaci\u00f3 sobre aquests autobusos.<\/p>\n<\/div>\n<\/div>\n\n\n\n<h2 class=\"wp-block-heading\">Les l\u00ednies<\/h2>\n\n\n\n<p>Enguany tindrem quatre l\u00ednies:<\/p>\n\n\n\n<ul class=\"wp-block-list\">\n<li><strong>H1<\/strong>, des de l&#8217;estaci\u00f3 d&#8217;autobusos fins al parc Catalunya (anada i tornada)<br><em>des de les 11.00h fins les 14.00h, cada 10 minuts<\/em><\/li>\n\n\n\n<li><strong>H14<\/strong>, ruta circular fins a la Roureda<br><em>des de les 15.00h fins a les 17.40h, cada 20 minuts<\/em><\/li>\n\n\n\n<li><strong>H15<\/strong>, ruta circular fins a Torre Romeu i el Poblenou<br><em>dues \u00faniques expedicions a les 16.45h i 17.30h<\/em><\/li>\n\n\n\n<li><strong>H1<\/strong>6, ruta circular fins a les Termes<br><em>des de les 15.10h fins a les 17.50h, cada 20 minuts<\/em><\/li>\n<\/ul>\n\n\n\n<p>Aqu\u00ed podreu trobar les tires hor\u00e0ries amb el recorregut de cada l\u00ednia.<\/p>\n\n\n\n<div data-wp-interactive=\"core\/file\" class=\"wp-block-file\"><object data-wp-bind--hidden=\"!state.hasPdfPreview\" hidden class=\"wp-block-file__embed\" data=\"https:\/\/www.arca-bus.org\/wp-content\/uploads\/2025\/09\/4_5886578705840478631.pdf\" type=\"application\/pdf\" style=\"width:100%;height:600px\" aria-label=\"Incrustaci\u00f3 del fitxer 4_5886578705840478631.\"><\/object><a id=\"wp-block-file--media-952121b4-1fa7-41af-abb6-f8c31766fe9b\" href=\"https:\/\/www.arca-bus.org\/wp-content\/uploads\/2025\/09\/4_5886578705840478631.pdf\">4_5886578705840478631<\/a><a href=\"https:\/\/www.arca-bus.org\/wp-content\/uploads\/2025\/09\/4_5886578705840478631.pdf\" class=\"wp-block-file__button wp-element-button\" download aria-describedby=\"wp-block-file--media-952121b4-1fa7-41af-abb6-f8c31766fe9b\">Baixa<\/a><\/div>\n\n\n\n<h2 class=\"wp-block-heading\">Els autobusos<\/h2>\n\n\n\n<div class=\"wp-block-group alignfull has-global-padding is-layout-constrained wp-block-group-is-layout-constrained\">\n<div class=\"wp-block-columns alignwide is-layout-flex wp-container-core-columns-is-layout-28f84493 wp-block-columns-is-layout-flex\">\n<div class=\"wp-block-column is-layout-flow wp-block-column-is-layout-flow\">\n<figure class=\"wp-block-image size-full is-resized\"><a href=\"https:\/\/www.arca-bus.org\/pegaso-6035-a\/\"><img data-recalc-dims=\"1\" loading=\"lazy\" decoding=\"async\" width=\"943\" height=\"707\" src=\"https:\/\/i0.wp.com\/www.arca-bus.org\/wp-content\/uploads\/2023\/08\/01-edited.jpg?resize=943%2C707&#038;ssl=1\" alt=\"Pegaso 6035\/A (1968)\" class=\"wp-image-424\" style=\"width:364px;height:273px\" srcset=\"https:\/\/i0.wp.com\/www.arca-bus.org\/wp-content\/uploads\/2023\/08\/01-edited.jpg?w=943&amp;ssl=1 943w, https:\/\/i0.wp.com\/www.arca-bus.org\/wp-content\/uploads\/2023\/08\/01-edited.jpg?resize=300%2C225&amp;ssl=1 300w, https:\/\/i0.wp.com\/www.arca-bus.org\/wp-content\/uploads\/2023\/08\/01-edited.jpg?resize=768%2C576&amp;ssl=1 768w\" sizes=\"auto, (max-width: 943px) 100vw, 943px\" \/><\/a><\/figure>\n\n\n\n<div class=\"wp-block-buttons is-content-justification-center is-layout-flex wp-container-core-buttons-is-layout-72caf8c6 wp-block-buttons-is-layout-flex\">\n<div class=\"wp-block-button has-custom-width wp-block-button__width-100\"><a class=\"wp-block-button__link has-small-font-size has-custom-font-size wp-element-button\" href=\"https:\/\/www.arca-bus.org\/pegaso-6035-a\/\" style=\"padding-top:var(--wp--preset--spacing--30);padding-right:var(--wp--preset--spacing--30);padding-bottom:var(--wp--preset--spacing--30);padding-left:var(--wp--preset--spacing--30)\" target=\"_blank\" rel=\"noreferrer noopener\">Veure Pegaso 6035\/A (1968)<\/a><\/div>\n<\/div>\n<\/div>\n\n\n\n<div class=\"wp-block-column is-layout-flow wp-block-column-is-layout-flow\">\n<figure class=\"wp-block-image size-full\"><a href=\"https:\/\/www.arca-bus.org\/pegaso-5062-a\/\"><img data-recalc-dims=\"1\" loading=\"lazy\" decoding=\"async\" width=\"801\" height=\"601\" src=\"https:\/\/i0.wp.com\/www.arca-bus.org\/wp-content\/uploads\/2023\/08\/f-p-1306-rallicaldes4-cmp-24-edited.jpg?resize=801%2C601&#038;ssl=1\" alt=\"Pegaso 5062\/A (1976)\" class=\"wp-image-427\" srcset=\"https:\/\/i0.wp.com\/www.arca-bus.org\/wp-content\/uploads\/2023\/08\/f-p-1306-rallicaldes4-cmp-24-edited.jpg?w=801&amp;ssl=1 801w, https:\/\/i0.wp.com\/www.arca-bus.org\/wp-content\/uploads\/2023\/08\/f-p-1306-rallicaldes4-cmp-24-edited.jpg?resize=300%2C225&amp;ssl=1 300w, https:\/\/i0.wp.com\/www.arca-bus.org\/wp-content\/uploads\/2023\/08\/f-p-1306-rallicaldes4-cmp-24-edited.jpg?resize=768%2C576&amp;ssl=1 768w\" sizes=\"auto, (max-width: 801px) 100vw, 801px\" \/><\/a><\/figure>\n\n\n\n<div class=\"wp-block-buttons is-content-justification-center is-layout-flex wp-container-core-buttons-is-layout-72caf8c6 wp-block-buttons-is-layout-flex\">\n<div class=\"wp-block-button has-custom-width wp-block-button__width-100\"><a class=\"wp-block-button__link has-small-font-size has-custom-font-size wp-element-button\" href=\"https:\/\/www.arca-bus.org\/pegaso-5062-a\/\" style=\"padding-top:var(--wp--preset--spacing--30);padding-right:var(--wp--preset--spacing--30);padding-bottom:var(--wp--preset--spacing--30);padding-left:var(--wp--preset--spacing--30)\">Veure Pegaso 5062\/A (1976)<\/a><\/div>\n<\/div>\n<\/div>\n\n\n\n<div class=\"wp-block-column is-layout-flow wp-block-column-is-layout-flow\">\n<figure class=\"wp-block-image size-full\"><a href=\"https:\/\/www.arca-bus.org\/pegaso-5064-a1\/\"><img data-recalc-dims=\"1\" loading=\"lazy\" decoding=\"async\" width=\"911\" height=\"683\" src=\"https:\/\/i0.wp.com\/www.arca-bus.org\/wp-content\/uploads\/2023\/08\/xxx-edited.jpg?resize=911%2C683&#038;ssl=1\" alt=\"Pegaso 5064-A\/1 (1978)\" class=\"wp-image-425\" srcset=\"https:\/\/i0.wp.com\/www.arca-bus.org\/wp-content\/uploads\/2023\/08\/xxx-edited.jpg?w=911&amp;ssl=1 911w, https:\/\/i0.wp.com\/www.arca-bus.org\/wp-content\/uploads\/2023\/08\/xxx-edited.jpg?resize=300%2C225&amp;ssl=1 300w, https:\/\/i0.wp.com\/www.arca-bus.org\/wp-content\/uploads\/2023\/08\/xxx-edited.jpg?resize=768%2C576&amp;ssl=1 768w\" sizes=\"auto, (max-width: 911px) 100vw, 911px\" \/><\/a><\/figure>\n\n\n\n<div class=\"wp-block-buttons is-content-justification-center is-layout-flex wp-container-core-buttons-is-layout-72caf8c6 wp-block-buttons-is-layout-flex\">\n<div class=\"wp-block-button has-custom-width wp-block-button__width-100\"><a class=\"wp-block-button__link has-small-font-size has-custom-font-size wp-element-button\" href=\"https:\/\/www.arca-bus.org\/pegaso-5064-a1\/\" style=\"padding-top:var(--wp--preset--spacing--30);padding-right:var(--wp--preset--spacing--30);padding-bottom:var(--wp--preset--spacing--30);padding-left:var(--wp--preset--spacing--30)\">Veure Pegaso 5064-A\/1 (1978)<\/a><\/div>\n<\/div>\n<\/div>\n<\/div>\n\n\n\n<div class=\"wp-block-columns alignwide is-layout-flex wp-container-core-columns-is-layout-28f84493 wp-block-columns-is-layout-flex\">\n<div class=\"wp-block-column is-vertically-aligned-top is-layout-flow wp-block-column-is-layout-flow\">\n<figure class=\"wp-block-image size-large\"><a href=\"#\"><img data-recalc-dims=\"1\" loading=\"lazy\" decoding=\"async\" width=\"2560\" height=\"1919\" src=\"https:\/\/i0.wp.com\/www.arca-bus.org\/wp-content\/uploads\/2023\/08\/POC_5688-edited-scaled.jpg?resize=2560%2C1919&#038;ssl=1\" alt=\"Pegaso 6038 de TUS (1982)\" class=\"wp-image-431\" srcset=\"https:\/\/i0.wp.com\/www.arca-bus.org\/wp-content\/uploads\/2023\/08\/POC_5688-edited-scaled.jpg?w=2560&amp;ssl=1 2560w, https:\/\/i0.wp.com\/www.arca-bus.org\/wp-content\/uploads\/2023\/08\/POC_5688-edited-scaled.jpg?resize=300%2C225&amp;ssl=1 300w, https:\/\/i0.wp.com\/www.arca-bus.org\/wp-content\/uploads\/2023\/08\/POC_5688-edited-scaled.jpg?resize=1024%2C767&amp;ssl=1 1024w, https:\/\/i0.wp.com\/www.arca-bus.org\/wp-content\/uploads\/2023\/08\/POC_5688-edited-scaled.jpg?resize=768%2C576&amp;ssl=1 768w, https:\/\/i0.wp.com\/www.arca-bus.org\/wp-content\/uploads\/2023\/08\/POC_5688-edited-scaled.jpg?resize=1536%2C1151&amp;ssl=1 1536w, https:\/\/i0.wp.com\/www.arca-bus.org\/wp-content\/uploads\/2023\/08\/POC_5688-edited-scaled.jpg?resize=2048%2C1535&amp;ssl=1 2048w\" sizes=\"auto, (max-width: 1000px) 100vw, 1000px\" \/><\/a><\/figure>\n\n\n\n<p class=\"has-text-align-center\">Pegaso 6038 (TUS) (1982)<\/p>\n<\/div>\n\n\n\n<div class=\"wp-block-column is-layout-flow wp-block-column-is-layout-flow\">\n<figure class=\"wp-block-image size-full\"><img data-recalc-dims=\"1\" loading=\"lazy\" decoding=\"async\" width=\"2560\" height=\"1920\" src=\"https:\/\/i0.wp.com\/www.arca-bus.org\/wp-content\/uploads\/2023\/08\/Imagen-011-scaled.jpg?resize=2560%2C1920&#038;ssl=1\" alt=\"\" class=\"wp-image-560\" srcset=\"https:\/\/i0.wp.com\/www.arca-bus.org\/wp-content\/uploads\/2023\/08\/Imagen-011-scaled.jpg?w=2560&amp;ssl=1 2560w, https:\/\/i0.wp.com\/www.arca-bus.org\/wp-content\/uploads\/2023\/08\/Imagen-011-scaled.jpg?resize=300%2C225&amp;ssl=1 300w, https:\/\/i0.wp.com\/www.arca-bus.org\/wp-content\/uploads\/2023\/08\/Imagen-011-scaled.jpg?resize=1024%2C768&amp;ssl=1 1024w, https:\/\/i0.wp.com\/www.arca-bus.org\/wp-content\/uploads\/2023\/08\/Imagen-011-scaled.jpg?resize=768%2C576&amp;ssl=1 768w, https:\/\/i0.wp.com\/www.arca-bus.org\/wp-content\/uploads\/2023\/08\/Imagen-011-scaled.jpg?resize=1536%2C1152&amp;ssl=1 1536w, https:\/\/i0.wp.com\/www.arca-bus.org\/wp-content\/uploads\/2023\/08\/Imagen-011-scaled.jpg?resize=2048%2C1536&amp;ssl=1 2048w\" sizes=\"auto, (max-width: 1000px) 100vw, 1000px\" \/><\/figure>\n\n\n\n<div class=\"wp-block-buttons is-content-justification-center is-layout-flex wp-container-core-buttons-is-layout-72caf8c6 wp-block-buttons-is-layout-flex\">\n<div class=\"wp-block-button has-custom-width wp-block-button__width-100\"><a class=\"wp-block-button__link has-small-font-size has-custom-font-size wp-element-button\" href=\"https:\/\/www.arca-bus.org\/pegaso-6038\/\" style=\"padding-top:var(--wp--preset--spacing--30);padding-right:var(--wp--preset--spacing--30);padding-bottom:var(--wp--preset--spacing--30);padding-left:var(--wp--preset--spacing--30)\">Veure Pegaso 6038 (1985)<\/a><\/div>\n<\/div>\n<\/div>\n\n\n\n<div class=\"wp-block-column is-vertically-aligned-top is-layout-flow wp-block-column-is-layout-flow\">\n<figure class=\"wp-block-image size-full\"><a href=\"https:\/\/www.arca-bus.org\/pegaso-6420-proto\/\"><img data-recalc-dims=\"1\" loading=\"lazy\" decoding=\"async\" width=\"911\" height=\"683\" src=\"https:\/\/i0.wp.com\/www.arca-bus.org\/wp-content\/uploads\/2023\/08\/01-9-edited.jpg?resize=911%2C683&#038;ssl=1\" alt=\"Pegaso 6420 (1987)\" class=\"wp-image-429\" srcset=\"https:\/\/i0.wp.com\/www.arca-bus.org\/wp-content\/uploads\/2023\/08\/01-9-edited.jpg?w=911&amp;ssl=1 911w, https:\/\/i0.wp.com\/www.arca-bus.org\/wp-content\/uploads\/2023\/08\/01-9-edited.jpg?resize=300%2C225&amp;ssl=1 300w, https:\/\/i0.wp.com\/www.arca-bus.org\/wp-content\/uploads\/2023\/08\/01-9-edited.jpg?resize=768%2C576&amp;ssl=1 768w\" sizes=\"auto, (max-width: 911px) 100vw, 911px\" \/><\/a><\/figure>\n\n\n\n<div class=\"wp-block-buttons is-content-justification-center is-layout-flex wp-container-core-buttons-is-layout-72caf8c6 wp-block-buttons-is-layout-flex\">\n<div class=\"wp-block-button has-custom-width wp-block-button__width-100\"><a class=\"wp-block-button__link has-small-font-size has-custom-font-size wp-element-button\" href=\"https:\/\/www.arca-bus.org\/pegaso-6420-proto\/\" style=\"padding-top:var(--wp--preset--spacing--30);padding-right:var(--wp--preset--spacing--30);padding-bottom:var(--wp--preset--spacing--30);padding-left:var(--wp--preset--spacing--30)\">Veure Pegaso 6420 (1987)<\/a><\/div>\n<\/div>\n<\/div>\n\n\n\n<div class=\"wp-block-column is-layout-flow wp-block-column-is-layout-flow\">\n<figure class=\"wp-block-image size-large\"><img data-recalc-dims=\"1\" loading=\"lazy\" decoding=\"async\" width=\"1024\" height=\"768\" src=\"https:\/\/i0.wp.com\/www.arca-bus.org\/wp-content\/uploads\/2023\/08\/IMG-5079.jpg?resize=1024%2C768&#038;ssl=1\" alt=\"\" class=\"wp-image-587\" srcset=\"https:\/\/i0.wp.com\/www.arca-bus.org\/wp-content\/uploads\/2023\/08\/IMG-5079-scaled.jpg?resize=1024%2C768&amp;ssl=1 1024w, https:\/\/i0.wp.com\/www.arca-bus.org\/wp-content\/uploads\/2023\/08\/IMG-5079-scaled.jpg?resize=300%2C225&amp;ssl=1 300w, https:\/\/i0.wp.com\/www.arca-bus.org\/wp-content\/uploads\/2023\/08\/IMG-5079-scaled.jpg?resize=768%2C576&amp;ssl=1 768w, https:\/\/i0.wp.com\/www.arca-bus.org\/wp-content\/uploads\/2023\/08\/IMG-5079-scaled.jpg?resize=1536%2C1152&amp;ssl=1 1536w, https:\/\/i0.wp.com\/www.arca-bus.org\/wp-content\/uploads\/2023\/08\/IMG-5079-scaled.jpg?resize=2048%2C1536&amp;ssl=1 2048w\" sizes=\"auto, (max-width: 1000px) 100vw, 1000px\" \/><\/figure>\n\n\n\n<p class=\"has-text-align-center\">Mercedes-Benz O405 (1998)<\/p>\n<\/div>\n<\/div>\n<\/div>\n\n\n\n<p>Agra\u00efm la col\u00b7laboraci\u00f3 de TUS en aquest esdeveniment amb el seu Pegaso 6038 (&#8220;avib\u00fas&#8221;), aix\u00ed com a Moventis per les gestions per poder-nos cedir espai a l&#8217;estaci\u00f3 d&#8217;autobusos de Sabadell.<\/p>\n","protected":false},"excerpt":{"rendered":"<p>El Ral\u00b7lib\u00fas de Sabadell arriba aquest 2025 a la seva quinzena edici\u00f3. El proper dissabte 6 de setembre, des de les 11.00h i fins a les 18.00h, en el marc de la Festa Major de Sabadell, podreu gaudir de viatges gratu\u00efts entre l&#8217;Estaci\u00f3 d&#8217;autobusos de Sabadell (pl. Clara Campoamor) i el Parc Catalunya, a on [&hellip;]<\/p>\n","protected":false},"author":1,"featured_media":0,"parent":0,"menu_order":0,"comment_status":"closed","ping_status":"closed","template":"","meta":{"_themeisle_gutenberg_block_has_review":false,"footnotes":""},"class_list":["post-421","page","type-page","status-publish","hentry"],"_links":{"self":[{"href":"https:\/\/www.arca-bus.org\/ca\/wp-json\/wp\/v2\/pages\/421","targetHints":{"allow":["GET"]}}],"collection":[{"href":"https:\/\/www.arca-bus.org\/ca\/wp-json\/wp\/v2\/pages"}],"about":[{"href":"https:\/\/www.arca-bus.org\/ca\/wp-json\/wp\/v2\/types\/page"}],"author":[{"embeddable":true,"href":"https:\/\/www.arca-bus.org\/ca\/wp-json\/wp\/v2\/users\/1"}],"replies":[{"embeddable":true,"href":"https:\/\/www.arca-bus.org\/ca\/wp-json\/wp\/v2\/comments?post=421"}],"version-history":[{"count":14,"href":"https:\/\/www.arca-bus.org\/ca\/wp-json\/wp\/v2\/pages\/421\/revisions"}],"predecessor-version":[{"id":808,"href":"https:\/\/www.arca-bus.org\/ca\/wp-json\/wp\/v2\/pages\/421\/revisions\/808"}],"wp:attachment":[{"href":"https:\/\/www.arca-bus.org\/ca\/wp-json\/wp\/v2\/media?parent=421"}],"curies":[{"name":"wp","href":"https:\/\/api.w.org\/{rel}","templated":true}]}}