{"id":157,"date":"2023-03-03T00:54:25","date_gmt":"2023-03-02T23:54:25","guid":{"rendered":"https:\/\/www.arca-bus.org\/?page_id=157"},"modified":"2023-03-03T00:56:02","modified_gmt":"2023-03-02T23:56:02","slug":"qui-som","status":"publish","type":"page","link":"https:\/\/www.arca-bus.org\/ca\/qui-som\/","title":{"rendered":"Qui som?"},"content":{"rendered":"\n<p>L&#8217;Associaci\u00f3 per a la Recuperaci\u00f3 i Conservaci\u00f3 d&#8217;Autobusos (ARCA) \u00e9s una associaci\u00f3 que t\u00e9 com a objectiu principal la preservaci\u00f3 d\u2019autobusos, fer de punt de trobada pels aficionats i promoure la divulgaci\u00f3 de la hist\u00f2ria del transport en autob\u00fas.<\/p>\n\n\n\n<p>Nascuda el 2003 i situada a Sabadell (Barcelona), ARCA t\u00e9 actualment una vuitantena de persones s\u00f2cies de diferents edats. \u00c9s un lloc perfecte per gaudir dels autobusos cl\u00e0ssics, en un entorn amable.<\/p>\n\n\n\n<p>ARCA&nbsp;obre les portes&nbsp;a tots aquells aficionats als autobusos i autocars.&nbsp;Qu\u00e8 podeu fer amb nosaltres?<\/p>\n\n\n\n<ul class=\"wp-block-list\">\n<li>Excursions amb vehicles hist\u00f2rics, viatges, visites a museus i cotxeres amb els aficionats.<\/li>\n\n\n\n<li>Preservaci\u00f3 de vehicles hist\u00f2rics i organitzaci\u00f3 d\u2019exhibicions. Tant si tens coneixements com si no, pots venir a donar-nos un cop de m\u00e0 sempre que vulguis.<\/li>\n<\/ul>\n\n\n\n<p>Si no pots o no vols participar directament encara pots ser d\u2019un gran ajut: la teva quota de soci ens ajuda a&nbsp;preservar autobusos.<\/p>\n\n\n<div class=\"wpforms-container ticss-f7c59e7d wpforms-block\" id=\"wpforms-159\"><form id=\"wpforms-form-159\" class=\"wpforms-validate wpforms-form wpforms-ajax-form\" data-formid=\"159\" method=\"post\" enctype=\"multipart\/form-data\" action=\"\/ca\/wp-json\/wp\/v2\/pages\/157\" data-token=\"5e718fdb95a438f3239eecc7ffeb8624\" data-token-time=\"1778709683\"><noscript class=\"wpforms-error-noscript\">Activeu el JavaScript al navegador per a poder completar el formulari.<\/noscript><div class=\"wpforms-field-container\"><div id=\"wpforms-159-field_5-container\" class=\"wpforms-field wpforms-field-name\" data-field-id=\"5\"><label class=\"wpforms-field-label\" for=\"wpforms-159-field_5\">Nom <span class=\"wpforms-required-label\">*<\/span><\/label><input type=\"text\" id=\"wpforms-159-field_5\" class=\"wpforms-field-medium wpforms-field-required\" name=\"wpforms[fields][5]\" placeholder=\"Escriu aqu\u00ed el teu nom.\" required><\/div><div id=\"wpforms-159-field_10-container\" class=\"wpforms-field wpforms-field-number\" data-field-id=\"10\"><label class=\"wpforms-field-label\" for=\"wpforms-159-field_10\">Edat <span class=\"wpforms-required-label\">*<\/span><\/label><input type=\"number\" id=\"wpforms-159-field_10\" class=\"wpforms-field-medium wpforms-field-required\" name=\"wpforms[fields][10]\" placeholder=\"Indica&#039;ns la teva edat\" step=\"any\" required><\/div><div id=\"wpforms-159-field_1-container\" class=\"wpforms-field wpforms-field-email\" data-field-id=\"1\"><label class=\"wpforms-field-label\" for=\"wpforms-159-field_1\">Correu electr\u00f2nic <span class=\"wpforms-required-label\">*<\/span><\/label><input type=\"email\" id=\"wpforms-159-field_1\" class=\"wpforms-field-medium wpforms-field-required\" name=\"wpforms[fields][1]\" placeholder=\"Escriu aqu\u00ed el teu correu electr\u00f2nic\" spellcheck=\"false\" required><\/div><div id=\"wpforms-159-field_11-container\" class=\"wpforms-field wpforms-field-text\" data-field-id=\"11\"><label class=\"wpforms-field-label\" for=\"wpforms-159-field_11\">Professi\u00f3<\/label><input type=\"text\" id=\"wpforms-159-field_11\" class=\"wpforms-field-medium\" name=\"wpforms[fields][11]\" placeholder=\"Digue&#039;ns a qu\u00e8 et dediques, o en cas que estiguis estudiant, qu\u00e8 estudies\" ><\/div><div id=\"wpforms-159-field_2-container\" class=\"wpforms-field wpforms-field-textarea\" data-field-id=\"2\"><label class=\"wpforms-field-label\" for=\"wpforms-159-field_2\">Si ho vols, parla&#039;ns una mica de tu<\/label><textarea id=\"wpforms-159-field_2\" class=\"wpforms-field-medium wpforms-limit-characters-enabled\" data-form-id=\"159\" data-field-id=\"2\" data-text-limit=\"1000\" name=\"wpforms[fields][2]\" placeholder=\"Escriu aqu\u00ed el teu missatge\" maxlength=\"1000\" ><\/textarea><\/div><div id=\"wpforms-159-field_9-container\" class=\"wpforms-field wpforms-field-textarea\" data-field-id=\"9\"><label class=\"wpforms-field-label\" for=\"wpforms-159-field_9\">Com ens has conegut?<\/label><textarea id=\"wpforms-159-field_9\" class=\"wpforms-field-medium wpforms-limit-characters-enabled\" data-form-id=\"159\" data-field-id=\"9\" data-text-limit=\"1000\" name=\"wpforms[fields][9]\" placeholder=\"Escriu aqu\u00ed com has conegut ARCA.\" maxlength=\"1000\" ><\/textarea><\/div><div id=\"wpforms-159-field_8-container\" class=\"wpforms-field wpforms-field-gdpr-checkbox\" data-field-id=\"8\"><label class=\"wpforms-field-label\">Protecci\u00f3 de dades <span class=\"wpforms-required-label\">*<\/span><\/label><ul id=\"wpforms-159-field_8\" class=\"wpforms-field-required\"><li class=\"choice-1\"><input type=\"checkbox\" id=\"wpforms-159-field_8_1\" name=\"wpforms[fields][8][]\" value=\"Estic d&#039;acord en que desem aquesta informaci\u00f3 per tal de poder respondre al teu missatge.\" required ><label class=\"wpforms-field-label-inline\" for=\"wpforms-159-field_8_1\">Estic d&#8217;acord en que desem aquesta informaci\u00f3 per tal de poder respondre al teu missatge.<\/label><\/li><\/ul><\/div><\/div><!-- .wpforms-field-container --><div class=\"wpforms-recaptcha-container wpforms-is-recaptcha wpforms-is-recaptcha-type-v2\" ><div class=\"g-recaptcha\" data-sitekey=\"6Lc41MkkAAAAAMETFQZeDvf-evUlsxb1BiDMpdNw\"><\/div><input type=\"text\" name=\"g-recaptcha-hidden\" class=\"wpforms-recaptcha-hidden\" style=\"position:absolute!important;clip:rect(0,0,0,0)!important;height:1px!important;width:1px!important;border:0!important;overflow:hidden!important;padding:0!important;margin:0!important;\" data-rule-recaptcha=\"1\"><\/div><div class=\"wpforms-submit-container\" ><input type=\"hidden\" name=\"wpforms[id]\" value=\"159\"><input type=\"hidden\" name=\"page_title\" value=\"\"><input type=\"hidden\" name=\"page_url\" value=\"https:\/\/www.arca-bus.org\/ca\/wp-json\/wp\/v2\/pages\/157\"><input type=\"hidden\" name=\"url_referer\" value=\"\"><button type=\"submit\" name=\"wpforms[submit]\" id=\"wpforms-submit-159\" class=\"wpforms-submit\" data-alt-text=\"Enviant...\" data-submit-text=\"Envia\" aria-live=\"assertive\" value=\"wpforms-submit\">Envia<\/button><img loading=\"lazy\" decoding=\"async\" src=\"https:\/\/www.arca-bus.org\/wp-content\/plugins\/wpforms-lite\/assets\/images\/submit-spin.svg\" class=\"wpforms-submit-spinner\" style=\"display: none;\" width=\"26\" height=\"26\" alt=\"S&#039;est\u00e0 carregant\"><\/div><\/form><\/div>  <!-- .wpforms-container -->","protected":false},"excerpt":{"rendered":"<p>L&#8217;Associaci\u00f3 per a la Recuperaci\u00f3 i Conservaci\u00f3 d&#8217;Autobusos (ARCA) \u00e9s una associaci\u00f3 que t\u00e9 com a objectiu principal la preservaci\u00f3 d\u2019autobusos, fer de punt de trobada pels aficionats i promoure la divulgaci\u00f3 de la hist\u00f2ria del transport en autob\u00fas. Nascuda el 2003 i situada a Sabadell (Barcelona), ARCA t\u00e9 actualment una vuitantena de persones s\u00f2cies [&hellip;]<\/p>\n","protected":false},"author":1,"featured_media":0,"parent":0,"menu_order":0,"comment_status":"closed","ping_status":"closed","template":"","meta":{"_themeisle_gutenberg_block_has_review":false,"footnotes":""},"class_list":["post-157","page","type-page","status-publish","hentry"],"_links":{"self":[{"href":"https:\/\/www.arca-bus.org\/ca\/wp-json\/wp\/v2\/pages\/157","targetHints":{"allow":["GET"]}}],"collection":[{"href":"https:\/\/www.arca-bus.org\/ca\/wp-json\/wp\/v2\/pages"}],"about":[{"href":"https:\/\/www.arca-bus.org\/ca\/wp-json\/wp\/v2\/types\/page"}],"author":[{"embeddable":true,"href":"https:\/\/www.arca-bus.org\/ca\/wp-json\/wp\/v2\/users\/1"}],"replies":[{"embeddable":true,"href":"https:\/\/www.arca-bus.org\/ca\/wp-json\/wp\/v2\/comments?post=157"}],"version-history":[{"count":3,"href":"https:\/\/www.arca-bus.org\/ca\/wp-json\/wp\/v2\/pages\/157\/revisions"}],"predecessor-version":[{"id":166,"href":"https:\/\/www.arca-bus.org\/ca\/wp-json\/wp\/v2\/pages\/157\/revisions\/166"}],"wp:attachment":[{"href":"https:\/\/www.arca-bus.org\/ca\/wp-json\/wp\/v2\/media?parent=157"}],"curies":[{"name":"wp","href":"https:\/\/api.w.org\/{rel}","templated":true}]}}